{"id":3,"date":"2025-05-15T13:03:46","date_gmt":"2025-05-15T13:03:46","guid":{"rendered":"https:\/\/turkkocan.com\/?page_id=3"},"modified":"2025-07-06T06:43:09","modified_gmt":"2025-07-06T06:43:09","slug":"privacy-policy","status":"publish","type":"page","link":"https:\/\/turkkocan.com\/zh\/privacy-policy\/","title":{"rendered":"\u9690\u79c1\u653f\u7b56"},"content":{"rendered":"<div data-elementor-type=\"wp-page\" data-elementor-id=\"3\" class=\"elementor elementor-3\" data-elementor-post-type=\"page\">\n\t\t\t\t<div class=\"elementor-element elementor-element-7b4e6df e-flex e-con-boxed e-con e-parent\" data-id=\"7b4e6df\" data-element_type=\"container\">\n\t\t\t\t\t<div class=\"e-con-inner\">\n\t\t\t\t<div class=\"elementor-element elementor-element-aba3542 elementor-widget elementor-widget-text-editor\" data-id=\"aba3542\" data-element_type=\"widget\" data-widget_type=\"text-editor.default\">\n\t\t\t\t<div class=\"elementor-widget-container\">\n\t\t\t\t\t\t\t\t\t<h3><strong>\u9690\u79c1\u653f\u7b56<\/strong><\/h3><p class=\"translation-block\">1.\u4e00\u822c\u6761\u6b3e<br>\u4f5c\u4e3a\u623f\u5730\u4ea7\u5217\u8868\u5e73\u53f0\uff0cT\u00fcrkKo\u00e7an.com\uff08\u201c\u7f51\u7ad9\u201d\uff09\u975e\u5e38\u91cd\u89c6\u4fdd\u62a4\u7528\u6237\u7684\u4e2a\u4eba\u6570\u636e\u3002\u672c\u9690\u79c1\u653f\u7b56\u8bf4\u660e\u6211\u4eec\u5728\u60a8\u8bbf\u95ee\u7f51\u7ad9\u65f6\u6536\u96c6\u7684\u4fe1\u606f\u7c7b\u578b\uff0c\u4ee5\u53ca\u6211\u4eec\u5982\u4f55\u4f7f\u7528\u3001\u5206\u4eab\u548c\u5b58\u50a8\u8fd9\u4e9b\u4fe1\u606f\u3002\u6211\u4eec\u9075\u5b88\u571f\u8033\u5176\u300a\u4e2a\u4eba\u6570\u636e\u4fdd\u62a4\u6cd5\u300b\uff08KVKK\uff0c\u7b2c 6698 \u53f7\u6cd5\u5f8b\uff09\u53ca\u5176\u4ed6\u76f8\u5173\u6cd5\u89c4\u3002<\/p><p class=\"translation-block\">2. \u6211\u4eec\u6536\u96c6\u7684\u4e2a\u4eba\u6570\u636e<br>\u5728\u60a8\u4f7f\u7528\u672c\u7f51\u7ad9\u65f6\uff0c\u6211\u4eec\u53ef\u80fd\u4f1a\u6536\u96c6\u4ee5\u4e0b\u7c7b\u578b\u7684\u6570\u636e\uff1a<\/p><p>\u8eab\u4efd\u4fe1\u606f\uff1a\u540d\u5b57\uff0c\u59d3\u6c0f\uff0c\u571f\u8033\u5176\u8eab\u4efd\u8bc1\u53f7\u7801\uff08\u4ec5\u5728\u5fc5\u8981\u65f6\uff09<\/p><p>\u8054\u7cfb\u4fe1\u606f\uff1a\u7535\u5b50\u90ae\u4ef6\u5730\u5740\uff0c\u7535\u8bdd\u53f7\u7801<\/p><p>\u6280\u672f\u6570\u636e\uff1aIP \u5730\u5740\u3001\u6d4f\u89c8\u5668\u7c7b\u578b\u548c\u7248\u672c\u3001\u64cd\u4f5c\u7cfb\u7edf\u3001\u8bbf\u95ee\u65e5\u671f\u548c\u65f6\u95f4\u4fe1\u606f<\/p><p>\u4f4d\u7f6e\u4fe1\u606f\uff1a\u57fa\u4e8e ISP \u6570\u636e\u7684\u4e00\u822c\u4f4d\u7f6e\u4fe1\u606f<\/p><p>Cookie \u548c\u8ddf\u8e2a\u6570\u636e\uff1aCookie\u3001\u7f51\u7edc\u4fe1\u6807 (web beacons) \u4ee5\u53ca\u901a\u8fc7\u5206\u6790\u5de5\u5177\u83b7\u53d6\u7684\u4fe1\u606f<\/p><p>3. \u6570\u636e\u6536\u96c6\u65b9\u5f0f<\/p><p>\u76f4\u63a5\u63d0\u4f9b\u7684\u6570\u636e\uff1a\u5728\u60a8\u6ce8\u518c\u3001\u586b\u5199\u8868\u683c\u3001\u63d0\u4ea4\u7533\u8bf7\u6216\u63d0\u51fa\u8054\u7cfb\u8bf7\u6c42\u65f6\u4ece\u60a8\u5904\u83b7\u5f97\u7684\u4fe1\u606f\u3002<\/p><p>\u81ea\u52a8\u6536\u96c6\u7684\u6570\u636e\uff1a\u901a\u8fc7 Cookie \u548c\u7c7b\u4f3c\u6280\u672f\u81ea\u52a8\u6536\u96c6\u7684\u6280\u672f\u548c\u4f7f\u7528\u4fe1\u606f\u3002<\/p><p>\u7b2c\u4e09\u65b9\u6765\u6e90\uff1a\u6765\u81ea\u5206\u6790\u63d0\u4f9b\u5546\uff08\u4f8b\u5982 Google Analytics\uff09\u3001\u793e\u4ea4\u5a92\u4f53\u5e73\u53f0\u6216\u4e1a\u52a1\u5408\u4f5c\u4f19\u4f34\u7684\u533f\u540d\u62a5\u544a\u3002<\/p><p class=\"translation-block\">4. Cookie \u548c\u8ddf\u8e2a\u6280\u672f<br>\u672c\u7f51\u7ad9\u4f7f\u7528 Cookie \u6765\u6539\u5584\u7528\u6237\u4f53\u9a8c\u5e76\u5206\u6790\u7f51\u7ad9\u6d41\u91cf\u3002<\/p><p>\u5fc5\u9700\u7684 Cookie\uff1a\u7f51\u7ad9\u8fd0\u884c\u6240\u5fc5\u9700\u3002<\/p><p>\u6027\u80fd Cookie\uff1a\u5206\u6790\u8bbf\u95ee\u8005\u884c\u4e3a<\/p><p>\u8425\u9500 Cookie\uff1a\u7528\u4e8e\u6295\u653e\u7b26\u5408\u60a8\u5174\u8da3\u7684\u5e7f\u544a\u3002<\/p><p>\u60a8\u53ef\u4ee5\u901a\u8fc7\u6d4f\u89c8\u5668\u8bbe\u7f6e\u7ba1\u7406\u60a8\u7684 Cookie \u504f\u597d\uff0c\u5e76\u53ef\u968f\u65f6\u62d2\u7edd\u5b83\u4eec\u3002\u4f46\u662f\uff0c\u7981\u7528 Cookie \u53ef\u80fd\u5bfc\u81f4\u7f51\u7ad9\u529f\u80fd\u53d7\u9650\u3002<\/p><p class=\"translation-block\">5. \u4e2a\u4eba\u6570\u636e\u4f7f\u7528\u76ee\u7684<br>\u6211\u4eec\u6536\u96c6\u7684\u6570\u636e;<\/p><p>\u63d0\u4f9b\u7f51\u7ad9\u670d\u52a1\u3001\u6267\u884c\u7ef4\u62a4\u5e76\u5b9e\u65bd\u6539\u8fdb\u3001<\/p><p>\u56de\u5e94\u60a8\u7684\u8bf7\u6c42\u5e76\u63d0\u4f9b\u7b26\u5408\u60a8\u9700\u6c42\u7684\u89e3\u51b3\u65b9\u6848\u3001<\/p><p>\u8bc6\u522b\u5e76\u89e3\u51b3\u6280\u672f\u95ee\u9898\uff0c<\/p><p>\u5206\u6790\u7f51\u7ad9\u6d41\u91cf\u5e76\u5236\u5b9a\u8425\u9500\u7b56\u7565\u060c<\/p><p>\u5c06\u7528\u4e8e\u5c65\u884c\u6211\u4eec\u7684\u6cd5\u5f8b\u4e49\u52a1\u3002<\/p><p class=\"translation-block\">6. \u6570\u636e\u5171\u4eab<br>\u60a8\u7684\u4e2a\u4eba\u6570\u636e\u4e0d\u4f1a\u4e0e\u7b2c\u4e09\u65b9\u5171\u4eab\uff0c\u4f46\u4ee5\u4e0b\u60c5\u51b5\u9664\u5916\uff1a<\/p><p>\u6cd5\u5f8b\u4e49\u52a1\uff1a\u6839\u636e\u6cd5\u9662\u3001\u68c0\u5bdf\u9662\u6216\u76f8\u5173\u516c\u5171\u673a\u6784\u7684\u8981\u6c42\uff0c<\/p><p>\u670d\u52a1\u63d0\u4f9b\u5546\uff1a\u4e3a\u7f51\u7ad9\u7684\u8fd0\u8425\u548c\u5206\u6790\uff0c\u6211\u4eec\u4f7f\u7528\u7684\u57fa\u7840\u8bbe\u65bd\u3001\u6258\u7ba1\u3001\u6280\u672f\u548c\u8425\u9500\u5408\u4f5c\u4f19\u4f34\uff1b<\/p><p>\u7ecf\u60a8\u540c\u610f\uff1a\u5728\u60a8\u660e\u786e\u540c\u610f\u7684\u7279\u6b8a\u60c5\u51b5\u4e0b\u3002<\/p><p>\u4e0e\u7b2c\u4e09\u65b9\u5171\u4eab\u6570\u636e\u4ec5\u901a\u8fc7\u4e0e\u6570\u636e\u5b89\u5168\u76f8\u5173\u7684\u5408\u540c\u4e49\u52a1\u6765\u4fdd\u62a4\u3002<\/p><p class=\"translation-block\">7. \u6570\u636e\u5b89\u5168\n\u4e3a\u4e86\u4fdd\u62a4\u60a8\u7684\u6570\u636e\uff1b<\/p><p>\u884c\u4e1a\u6807\u51c6\u7684\u52a0\u5bc6\u65b9\u6cd5\uff08SSL\/TLS\uff09\uff0c<\/p><p>\u9632\u6b62\u672a\u7ecf\u6388\u6743\u8bbf\u95ee\u7684\u9632\u706b\u5899\u548c\u8bbf\u95ee\u63a7\u5236\uff0c<\/p><p>\u5b9a\u671f\u7684\u5b89\u5168\u6d4b\u8bd5\u548c\u66f4\u65b0\uff0c<\/p><p class=\"translation-block\">\u8fdb\u884c\u5458\u5de5\u57f9\u8bad\u548c\u4fdd\u5bc6\u534f\u8bae<br>\u5e76\u5b9e\u65bd\u7c7b\u4f3c\u63aa\u65bd\u3002<\/p><p class=\"translation-block\">8. \u6570\u636e\u4fdd\u7559\u671f\u9650<br>\u60a8\u7684\u4e2a\u4eba\u6570\u636e\u5c06\u4fdd\u7559\u81f3\u76f8\u5173\u6cd5\u89c4\u89c4\u5b9a\u7684\u671f\u9650\u548c\/\u6216\u6ee1\u8db3\u6570\u636e\u6536\u96c6\u76ee\u7684\u6240\u9700\u7684\u671f\u9650\u3002\u4fdd\u7559\u671f\u7ed3\u675f\u540e\uff0c\u60a8\u7684\u6570\u636e\u5c06\u88ab\u533f\u540d\u5316\u5e76\u5f52\u6863\u6216\u5220\u9664\u3002<\/p><p class=\"translation-block\">9. \u7528\u6237\u6743\u5229\n\u6839\u636e KVKK \u7b2c 11 \u6761\uff1b<\/p><p>\u8bbf\u95ee\u6743\uff1a\u4e86\u89e3\u60a8\u7684\u4e2a\u4eba\u6570\u636e\u662f\u5426\u6b63\u5728\u88ab\u5904\u7406\u3001<\/p><p>\u66f4\u6b63\u6743\uff1a\u8981\u6c42\u66f4\u6b63\u4e0d\u5b8c\u6574\u6216\u5904\u7406\u9519\u8bef\u7684\u6570\u636e\uff0c<\/p><p>\u5220\u9664\/\u9500\u6bc1\u6743\uff1a\u5728\u7279\u5b9a\u6761\u4ef6\u4e0b\u8bf7\u6c42\u5220\u9664\u6216\u9500\u6bc1\u60a8\u7684\u6570\u636e\uff0c<\/p><p>\u6570\u636e\u53ef\u643a\u6743\uff1a\u4ee5\u7ed3\u6784\u5316\u4e14\u5e38\u7528\u7684\u683c\u5f0f\u63a5\u6536\u60a8\u7684\u6570\u636e\uff0c<\/p><p>\u5f02\u8bae\u6743\uff1a\u5bf9\u5904\u7406\u6d3b\u52a8\u63d0\u51fa\u5f02\u8bae\uff0c<\/p><p class=\"translation-block\">\u77e5\u60c5\u6743\uff1a\u60a8\u6709\u6743\u8bf7\u6c42\u6709\u5173\u5904\u7406\u6d3b\u52a8\u7684\u4fe1\u606f<br>\u60a8\u53ef\u4ee5\u5c06\u8bf7\u6c42\u53d1\u9001\u81f3 info@turkkocan.com\u3002\u60a8\u7684\u7533\u8bf7\u6700\u8fdf\u5c06\u5728 30 \u5929\u5185\u5904\u7406\u5b8c\u6bd5\u3002<\/p><p class=\"translation-block\">10. \u653f\u7b56\u53d8\u66f4<br>\u672c\u9690\u79c1\u653f\u7b56\u53ef\u80fd\u56e0\u6280\u672f\u8fdb\u6b65\u3001\u6cd5\u5f8b\u6cd5\u89c4\u53d8\u5316\u6216\u6211\u4eec\u7f51\u7ad9\u670d\u52a1\u7684\u66f4\u65b0\u800c\u8fdb\u884c\u4fee\u8ba2\u3002\u66f4\u65b0\u65e5\u671f\u663e\u793a\u5728\u9875\u9762\u9876\u90e8\uff1b\u5bf9\u4e8e\u91cd\u5927\u53d8\u66f4\uff0c\u6211\u4eec\u5c06\u901a\u8fc7\u7535\u5b50\u90ae\u4ef6\u6216\u7ad9\u5185\u901a\u77e5\u53e6\u884c\u544a\u77e5\u7528\u6237\u3002<\/p><p class=\"translation-block\">11. \u8054\u7cfb\u65b9\u5f0f<br>\u5982\u6709\u4efb\u4f55\u95ee\u9898\u3001\u8bf7\u6c42\u6216\u53cd\u9988\uff0c\u60a8\u53ef\u4ee5\u901a\u8fc7\u4ee5\u4e0b\u6e20\u9053\u4e0e\u6211\u4eec\u8054\u7cfb\uff1a<\/p><p class=\"translation-block\">\u7535\u5b50\u90ae\u4ef6: info@turkko\u00e7an.com<br>\u5730\u5740: Manas Bulv., Adalet Mah., Folkart Tower A No. 47, 28 \u5c42, \u95e8\u724c 2809-2810, Bayrakl\u0131 \/ \u0130zmir \/ \u571f\u8033\u5176<br>\u7535\u8bdd: +90 539 820 34 13<\/p><p>\u751f\u6548\u65e5\u671f\uff1a2025\u5e747\u67081\u65e5<\/p>\t\t\t\t\t\t\t\t<\/div>\n\t\t\t\t<\/div>\n\t\t\t\t\t<\/div>\n\t\t\t\t<\/div>\n\t\t\t\t<\/div>","protected":false},"excerpt":{"rendered":"<p>Gizlilik Politikas\u0131 1. Genel H\u00fck\u00fcmlerT\u00fcrkKo\u00e7an.com (\u201cSite\u201d) olarak, kullan\u0131c\u0131lar\u0131m\u0131z\u0131n ki\u015fisel verilerinin korunmas\u0131na b\u00fcy\u00fck \u00f6nem veriyoruz. Bu Gizlilik Politikas\u0131; Site\u2019ye eri\u015fiminiz s\u0131ras\u0131nda toplad\u0131\u011f\u0131m\u0131z bilgilerin t\u00fcr\u00fcn\u00fc, bu bilgileri nas\u0131l kulland\u0131\u011f\u0131m\u0131z\u0131, payla\u015ft\u0131\u011f\u0131m\u0131z\u0131 ve saklad\u0131\u011f\u0131m\u0131z\u0131 a\u00e7\u0131klar. KVKK (6698 say\u0131l\u0131 Ki\u015fisel Verilerin Korunmas\u0131 Kanunu) ve ilgili di\u011fer mevzuata uygun hareket etmekteyiz. 2. Toplad\u0131\u011f\u0131m\u0131z Ki\u015fisel VerilerSite\u2019yi kullanman\u0131z s\u0131ras\u0131nda a\u015fa\u011f\u0131daki t\u00fcrde verileri toplayabiliriz: [&hellip;]<\/p>","protected":false},"author":1,"featured_media":0,"parent":0,"menu_order":0,"comment_status":"closed","ping_status":"open","template":"elementor_header_footer","meta":{"footnotes":""},"class_list":["post-3","page","type-page","status-publish","hentry"],"_links":{"self":[{"href":"https:\/\/turkkocan.com\/zh\/wp-json\/wp\/v2\/pages\/3","targetHints":{"allow":["GET"]}}],"collection":[{"href":"https:\/\/turkkocan.com\/zh\/wp-json\/wp\/v2\/pages"}],"about":[{"href":"https:\/\/turkkocan.com\/zh\/wp-json\/wp\/v2\/types\/page"}],"author":[{"embeddable":true,"href":"https:\/\/turkkocan.com\/zh\/wp-json\/wp\/v2\/users\/1"}],"replies":[{"embeddable":true,"href":"https:\/\/turkkocan.com\/zh\/wp-json\/wp\/v2\/comments?post=3"}],"version-history":[{"count":0,"href":"https:\/\/turkkocan.com\/zh\/wp-json\/wp\/v2\/pages\/3\/revisions"}],"wp:attachment":[{"href":"https:\/\/turkkocan.com\/zh\/wp-json\/wp\/v2\/media?parent=3"}],"curies":[{"name":"wp","href":"https:\/\/api.w.org\/{rel}","templated":true}]}}