{"id":162766,"date":"2025-06-13T11:15:46","date_gmt":"2025-06-13T11:15:46","guid":{"rendered":"https:\/\/turkkocan.com\/?page_id=162766"},"modified":"2025-06-17T09:34:46","modified_gmt":"2025-06-17T09:34:46","slug":"guzelyurt-mai-fang-shang-ye-fang-di-chan","status":"publish","type":"page","link":"https:\/\/turkkocan.com\/zh\/guzelyurt-mai-fang-shang-ye-fang-di-chan\/","title":{"rendered":"\u5c45\u6cfd\u5c14\u5c24\u7279\u5f85\u552e\u5546\u4e1a\u623f\u4ea7"},"content":{"rendered":"<h2 style=\"font-size: 20px;\">\ud83c\udfe2 \u5c45\u6cfd\u5c14\u5c24\u5c14\u7279\u5f85\u552e\u5546\u4e1a\u5730\u4ea7\u5217\u8868 \u2013 Explore All Listings<\/h2>\n<p style=\"font-size: 16px;\">\u5c45\u6cfd\u5c14\u5c24\u5c14\u7279\u5f85\u552e\u7684\u5546\u4e1a\u5730\u4ea7\uff0c\u4e3a\u5e0c\u671b\u5728\u53d1\u5c55\u4e2d\u533a\u57df\u4f4e\u6210\u672c\u62e5\u6709\u8425\u4e1a\u573a\u6240\u7684\u6295\u8d44\u8005\u63d0\u4f9b\u91cd\u8981\u673a\u9047\u3002\u9002\u7528\u4e8e\u5496\u5561\u9986\u3001\u529e\u516c\u5ba4\u3001\u5546\u5e97\u6216\u5c0f\u578b\u751f\u4ea7\u7b49\u591a\u79cd\u7528\u9014\u7684\u7269\u4e1a\uff0c\u6b63\u968f\u7740\u8be5\u5730\u533a\u7684\u7ecf\u6d4e\u6d3b\u8dc3\u5ea6\u800c\u4e0d\u65ad\u5347\u503c\u3002<\/p>\n\n<h3 style=\"font-size: 18px;\">\u8d2d\u4e70\u5546\u4e1a\u5730\u4ea7\u7684\u4f18\u52bf<\/h3>\n<p style=\"font-size: 16px;\">\u7a33\u5b9a\u7684\u79df\u91d1\u6536\u5165\u3001\u4f4e\u98ce\u9669\u548c\u957f\u671f\u589e\u503c\uff0c\u662f\u6295\u8d44\u5546\u4e1a\u5730\u4ea7\u7684\u4e3b\u8981\u4f18\u52bf\u3002\u5728\u5c45\u6cfd\u5c14\u5c24\u5c14\u7279\u8fd9\u6837\u4e00\u4e2a\u81ea\u7136\u73af\u5883\u4f18\u7f8e\u3001\u57fa\u7840\u8bbe\u65bd\u4e0d\u65ad\u53d1\u5c55\u7684\u5730\u533a\u62e5\u6709\u5546\u4e1a\u7269\u4e1a\uff0c\u662f\u517c\u987e\u5c45\u4f4f\u4e0e\u6295\u8d44\u7684\u660e\u667a\u9009\u62e9\u3002<\/p>\n\n<h3 style=\"font-size: 18px;\">\u9002\u5408\u54ea\u4e9b\u4eba\uff1f<\/h3>\n<p style=\"font-size: 16px;\">\u5c45\u6cfd\u5c14\u5c24\u5c14\u7279\u5f85\u552e\u7684\u5546\u4e1a\u5730\u4ea7\u4e3a\u672c\u5730\u4f01\u4e1a\u4e3b\u3001\u5c0f\u578b\u521b\u4e1a\u8005\u3001\u5bfb\u6c42\u79df\u91d1\u6536\u5165\u7684\u6295\u8d44\u8005\u4ee5\u53ca\u8ba1\u5212\u672a\u6765\u62d3\u5c55\u5546\u4e1a\u6d3b\u52a8\u7684\u4e2a\u4eba\u63d0\u4f9b\u4e86\u4e00\u4e2a\u53ef\u53ca\u4e14\u53ef\u6301\u7eed\u7684\u6295\u8d44\u673a\u4f1a\u3002<\/p>","protected":false},"excerpt":{"rendered":"<p>\ud83c\udfe2 G\u00fczelyurt Sat\u0131l\u0131k Ticari Gayrimenkul \u0130lanlar\u0131 G\u00fczelyurt\u2019ta sat\u0131l\u0131k ticari gayrimenkuller, geli\u015fmekte olan b\u00f6lgelerde d\u00fc\u015f\u00fck maliyetli i\u015f yeri sahibi olmak isteyen yat\u0131r\u0131mc\u0131lar i\u00e7in \u00f6nemli f\u0131rsatlar sunar. Kafe, ofis, d\u00fckk\u00e2n veya k\u00fc\u00e7\u00fck \u00e7apl\u0131 \u00fcretim alanlar\u0131 gibi farkl\u0131 kullan\u0131m ama\u00e7lar\u0131na uygun m\u00fclkler, b\u00f6lgedeki ekonomik hareketlilikle birlikte de\u011fer kazanmaktad\u0131r. Ticari Gayrimenkul Alman\u0131n Avantajlar\u0131 D\u00fczenli kira getirisi, d\u00fc\u015f\u00fck risk ve [&hellip;]<\/p>","protected":false},"author":1,"featured_media":0,"parent":0,"menu_order":0,"comment_status":"closed","ping_status":"closed","template":"template\/template-listing-grid-v5-fullwidth-3cols.php","meta":{"footnotes":""},"class_list":["post-162766","page","type-page","status-publish","hentry"],"_links":{"self":[{"href":"https:\/\/turkkocan.com\/zh\/wp-json\/wp\/v2\/pages\/162766","targetHints":{"allow":["GET"]}}],"collection":[{"href":"https:\/\/turkkocan.com\/zh\/wp-json\/wp\/v2\/pages"}],"about":[{"href":"https:\/\/turkkocan.com\/zh\/wp-json\/wp\/v2\/types\/page"}],"author":[{"embeddable":true,"href":"https:\/\/turkkocan.com\/zh\/wp-json\/wp\/v2\/users\/1"}],"replies":[{"embeddable":true,"href":"https:\/\/turkkocan.com\/zh\/wp-json\/wp\/v2\/comments?post=162766"}],"version-history":[{"count":0,"href":"https:\/\/turkkocan.com\/zh\/wp-json\/wp\/v2\/pages\/162766\/revisions"}],"wp:attachment":[{"href":"https:\/\/turkkocan.com\/zh\/wp-json\/wp\/v2\/media?parent=162766"}],"curies":[{"name":"wp","href":"https:\/\/api.w.org\/{rel}","templated":true}]}}