{"id":162625,"date":"2025-06-13T11:13:19","date_gmt":"2025-06-13T11:13:19","guid":{"rendered":"https:\/\/turkkocan.com\/?page_id=162625"},"modified":"2025-06-17T09:29:39","modified_gmt":"2025-06-17T09:29:39","slug":"guzelyurt-mai-fang-hao-hua-zhuang-yuan","status":"publish","type":"page","link":"https:\/\/turkkocan.com\/zh\/guzelyurt-mai-fang-hao-hua-zhuang-yuan\/","title":{"rendered":"\u5c45\u6cfd\u5c14\u5c24\u7279\u5f85\u552e\u8c6a\u5b85"},"content":{"rendered":"<h2 style=\"font-size: 20px;\">\ud83c\udfdb\ufe0f G\u00fczelyurt\u5f85\u552e\u8c6a\u5b85 \u2013 \u6d4f\u89c8\u5168\u90e8\u623f\u6e90<\/h2>\n<p style=\"font-size: 16px;\">G\u00fczelyurt\u5f85\u552e\u7684\u8c6a\u5b85\u4e3a\u5728\u5317\u585e\u6d66\u8def\u65af\u81ea\u7136\u5b81\u9759\u73af\u5883\u4e2d\u5bfb\u6c42\u5962\u534e\u4e0e\u5c0a\u8d35\u751f\u6d3b\u65b9\u5f0f\u7684\u4eba\u58eb\u63d0\u4f9b\u72ec\u7279\u673a\u4f1a\u3002\u8fd9\u4e9b\u62e5\u6709\u5927\u9762\u79ef\u7528\u5730\u3001\u79c1\u4eba\u6cf3\u6c60\u548c\u591a\u95f4\u5367\u5ba4\u7684\u4f4f\u5b85\uff0c\u6df1\u53d7\u6ce8\u91cd\u54c1\u4f4d\u4e0e\u8212\u9002\u7684\u4e70\u5bb6\u9752\u7750\u3002<\/p>\n\n<h3 style=\"font-size: 18px;\">\u8d2d\u4e70\u8c6a\u5b85\u7684\u4f18\u52bf<\/h3>\n<p style=\"font-size: 16px;\">\u8c6a\u5b85\u4ee5\u9ad8\u9690\u79c1\u3001\u5927\u9762\u79ef\u548c\u53ef\u5b9a\u5236\u7684\u751f\u6d3b\u7a7a\u95f4\u800c\u8457\u79f0\u3002\u7ed3\u5408G\u00fczelyurt\u7684\u5b81\u9759\u4e0e\u81ea\u7136\u9b45\u529b\uff0c\u4e0d\u4ec5\u5e26\u6765\u5962\u534e\u4eab\u53d7\uff0c\u4e5f\u63d0\u4f9b\u5fc3\u7075\u4e0a\u7684\u5b81\u9759\u3002\u9664\u79c1\u5b85\u7528\u9014\u5916\uff0c\u8fd8\u53ef\u4f5c\u4e3a\u7cbe\u54c1\u9152\u5e97\u6216\u6d3b\u52a8\u573a\u5730\u4f7f\u7528\u3002<\/p>\n\n<h3 style=\"font-size: 18px;\">G\u00fczelyurt\u8c6a\u5b85\u6295\u8d44<\/h3>\n<p style=\"font-size: 16px;\">\u4f4d\u4e8eG\u00fczelyurt\u65b0\u5f00\u53d1\u533a\u57df\u7684\u8c6a\u5b85\u56e0\u4f9b\u5e94\u7a00\u7f3a\u800c\u5177\u5907\u9ad8\u5ea6\u6295\u8d44\u6f5c\u529b\u3002\u7ed3\u5408\u957f\u671f\u5347\u503c\u9884\u671f\u548c\u4ee5\u5916\u5e01\u8ba1\u4ef7\u7684\u79df\u91d1\u6536\u76ca\uff0c\u8fd9\u4e9b\u623f\u4ea7\u662f\u5c0a\u8d35\u4e14\u6709\u5229\u53ef\u56fe\u7684\u6295\u8d44\u9009\u62e9\u3002<\/p>","protected":false},"excerpt":{"rendered":"<p>\ud83c\udfdb\ufe0f G\u00fczelyurt Sat\u0131l\u0131k Malikane \u0130lanlar\u0131 G\u00fczelyurt\u2019ta sat\u0131l\u0131k malikaneler, Kuzey K\u0131br\u0131s\u2019\u0131n do\u011fal ve sakin yap\u0131s\u0131nda l\u00fcks ve ayr\u0131cal\u0131kl\u0131 ya\u015fam arayanlar i\u00e7in \u00f6zel f\u0131rsatlar sunar. Geni\u015f arsal\u0131, \u00f6zel havuzlu ve \u00e7ok odal\u0131 bu yap\u0131lar; prestijli ya\u015fam tarz\u0131n\u0131 benimseyenlere hitap eder. Malikhane Alman\u0131n Avantajlar\u0131 Malikaneler, y\u00fcksek mahremiyet, b\u00fcy\u00fck metrekare ve ki\u015fiselle\u015ftirilebilir ya\u015fam alanlar\u0131yla \u00f6ne \u00e7\u0131kar. G\u00fczelyurt\u2019un sessizli\u011fi ve [&hellip;]<\/p>","protected":false},"author":1,"featured_media":0,"parent":0,"menu_order":0,"comment_status":"closed","ping_status":"closed","template":"template\/template-listing-grid-v5-fullwidth-3cols.php","meta":{"footnotes":""},"class_list":["post-162625","page","type-page","status-publish","hentry"],"_links":{"self":[{"href":"https:\/\/turkkocan.com\/zh\/wp-json\/wp\/v2\/pages\/162625","targetHints":{"allow":["GET"]}}],"collection":[{"href":"https:\/\/turkkocan.com\/zh\/wp-json\/wp\/v2\/pages"}],"about":[{"href":"https:\/\/turkkocan.com\/zh\/wp-json\/wp\/v2\/types\/page"}],"author":[{"embeddable":true,"href":"https:\/\/turkkocan.com\/zh\/wp-json\/wp\/v2\/users\/1"}],"replies":[{"embeddable":true,"href":"https:\/\/turkkocan.com\/zh\/wp-json\/wp\/v2\/comments?post=162625"}],"version-history":[{"count":0,"href":"https:\/\/turkkocan.com\/zh\/wp-json\/wp\/v2\/pages\/162625\/revisions"}],"wp:attachment":[{"href":"https:\/\/turkkocan.com\/zh\/wp-json\/wp\/v2\/media?parent=162625"}],"curies":[{"name":"wp","href":"https:\/\/api.w.org\/{rel}","templated":true}]}}