{"id":162575,"date":"2025-06-13T11:12:29","date_gmt":"2025-06-13T11:12:29","guid":{"rendered":"https:\/\/turkkocan.com\/?page_id=162575"},"modified":"2025-06-29T00:06:36","modified_gmt":"2025-06-29T00:06:36","slug":"guzelyurt-mai-fang-fang-dichan","status":"publish","type":"page","link":"https:\/\/turkkocan.com\/zh\/guzelyurt-mai-fang-fang-dichan\/","title":{"rendered":"\u5c45\u6cfd\u5c14\u5c24\u7279\u5f85\u552e\u623f\u4ea7"},"content":{"rendered":"<h2 style=\"font-size: 20px;\">\ud83c\udfd8\ufe0f G\u00fczelyurt\u5f85\u552e\u623f\u4ea7\uff1a\u516c\u5bd3\u3001\u522b\u5885\u3001\u571f\u5730\u53ca\u66f4\u591a<\/h2>\n<p style=\"font-size: 16px;\">G\u00fczelyurt\u4f4d\u4e8e\u5317\u585e\u6d66\u8def\u65af\u897f\u90e8\uff0c\u662f\u4e00\u4e2a\u62e5\u6709\u80a5\u6c83\u571f\u5730\u548c\u5b81\u9759\u751f\u6d3b\u65b9\u5f0f\u7684\u5b81\u9759\u5730\u533a\u3002\u5176\u81ea\u7136\u98ce\u5149\u3001\u6a58\u5b50\u56ed\u548c\u4f4e\u4eba\u53e3\u5bc6\u5ea6\u4f7f\u8fd9\u91cc\u6210\u4e3a\u6295\u8d44\u516c\u5bd3\u3001\u522b\u5885\u3001\u571f\u5730\u548c\u5546\u4e1a\u5730\u4ea7\u7684\u7406\u60f3\u9009\u62e9\u3002<\/p>\n\n<h3 style=\"font-size: 18px;\">\u5728G\u00fczelyurt\u8d2d\u7f6e\u623f\u4ea7\u7684\u4f18\u52bf<\/h3>\n<p style=\"font-size: 16px;\">\u8be5\u5730\u533a\u5c1a\u672a\u5b8c\u5168\u5f00\u53d1\uff0c\u5bf9\u4e8e\u5bfb\u627e\u4ef7\u683c\u5408\u7406\u623f\u4ea7\u7684\u4e70\u5bb6\u5177\u6709\u5de8\u5927\u6f5c\u529b\u3002\u968f\u7740\u5927\u5b66\u3001\u533b\u9662\u548c\u57fa\u7840\u8bbe\u65bd\u9879\u76ee\u7684\u63a8\u8fdb\uff0c\u623f\u4ea7\u4ef7\u503c\u5fc5\u5c06\u4e0a\u5347\u3002\u6b64\u5916\uff0cG\u00fczelyurt\u80a5\u6c83\u7684\u81ea\u7136\u73af\u5883\u3001\u9ad8\u54c1\u8d28\u7684\u751f\u6d3b\u548c\u5b81\u9759\u7684\u6c1b\u56f4\u8fdb\u4e00\u6b65\u63d0\u5347\u4e86\u5176\u5438\u5f15\u529b\u3002<\/p>\n\n<h3 style=\"font-size: 18px;\">\u9002\u5408\u54ea\u4e9b\u4eba\u7fa4\uff1f<\/h3>\n<p style=\"font-size: 16px;\">\u5bf9\u4e8e\u8ffd\u6c42\u5b81\u9759\u3001\u81ea\u7136\u548c\u5b89\u5168\u751f\u6d3b\u7684\u5bb6\u5ead\u3001\u5e0c\u671b\u4ee5\u9002\u4e2d\u9884\u7b97\u8fdb\u884c\u6295\u8d44\u7684\u4e2a\u4eba\uff0c\u4ee5\u53ca\u770b\u91cd\u672a\u6765\u5347\u503c\u6f5c\u529b\u7684\u6295\u8d44\u8005\uff0cG\u00fczelyurt\u7684\u5f85\u552e\u623f\u4ea7\u662f\u4e0d\u5bb9\u9519\u8fc7\u7684\u673a\u4f1a\u3002<\/p>\n\n\n\n<p><\/p>","protected":false},"excerpt":{"rendered":"<p>\ud83c\udfd8\ufe0f G\u00fczelyurt Sat\u0131l\u0131k Emlak, Daire, Villa, Arsa ve Fazlas\u0131 G\u00fczelyurt, Kuzey K\u0131br\u0131s\u2019\u0131n bat\u0131s\u0131nda yer alan sakin, verimli topraklara sahip ve huzurlu ya\u015fam sunan bir b\u00f6lgedir. Do\u011fal g\u00fczellikleri, portakal bah\u00e7eleri ve d\u00fc\u015f\u00fck n\u00fcfus yo\u011funlu\u011fuyla dikkat \u00e7eken G\u00fczelyurt\u2019ta sat\u0131l\u0131k emlak se\u00e7enekleri daire, villa, arsa ve ticari m\u00fclk \u00e7e\u015fitlili\u011fi ile yat\u0131r\u0131mc\u0131lara cazip f\u0131rsatlar sunar. G\u00fczelyurt\u2019ta Emlak Alman\u0131n Avantajlar\u0131 [&hellip;]<\/p>","protected":false},"author":1,"featured_media":0,"parent":0,"menu_order":0,"comment_status":"closed","ping_status":"closed","template":"template\/template-listing-grid-v5-fullwidth-3cols.php","meta":{"footnotes":""},"class_list":["post-162575","page","type-page","status-publish","hentry"],"_links":{"self":[{"href":"https:\/\/turkkocan.com\/zh\/wp-json\/wp\/v2\/pages\/162575","targetHints":{"allow":["GET"]}}],"collection":[{"href":"https:\/\/turkkocan.com\/zh\/wp-json\/wp\/v2\/pages"}],"about":[{"href":"https:\/\/turkkocan.com\/zh\/wp-json\/wp\/v2\/types\/page"}],"author":[{"embeddable":true,"href":"https:\/\/turkkocan.com\/zh\/wp-json\/wp\/v2\/users\/1"}],"replies":[{"embeddable":true,"href":"https:\/\/turkkocan.com\/zh\/wp-json\/wp\/v2\/comments?post=162575"}],"version-history":[{"count":0,"href":"https:\/\/turkkocan.com\/zh\/wp-json\/wp\/v2\/pages\/162575\/revisions"}],"wp:attachment":[{"href":"https:\/\/turkkocan.com\/zh\/wp-json\/wp\/v2\/media?parent=162575"}],"curies":[{"name":"wp","href":"https:\/\/api.w.org\/{rel}","templated":true}]}}