{"id":162517,"date":"2025-06-13T11:11:19","date_gmt":"2025-06-13T11:11:19","guid":{"rendered":"https:\/\/turkkocan.com\/?page_id=162517"},"modified":"2025-06-17T09:21:50","modified_gmt":"2025-06-17T09:21:50","slug":"guzelyurt-mai-fang-gongyu","status":"publish","type":"page","link":"https:\/\/turkkocan.com\/zh\/guzelyurt-mai-fang-gongyu\/","title":{"rendered":"\u5c45\u6cfd\u5c14\u5c24\u7279\u5f85\u552e\u516c\u5bd3"},"content":{"rendered":"<h2 style=\"font-size: 20px;\">\ud83c\udfe2 G\u00fczelyurt\u5f85\u552e\u516c\u5bd3 \u2013 \u6d4f\u89c8\u5168\u90e8\u623f\u6e90<\/h2>\n<p style=\"font-size: 16px;\">G\u00fczelyurt\u5f85\u552e\u516c\u5bd3\u662f\u8ffd\u6c42\u5b89\u9759\u3001\u5b89\u5168\u4e14\u4eb2\u8fd1\u81ea\u7136\u751f\u6d3b\u8005\u7684\u7406\u60f3\u9009\u62e9\u3002\u5f53\u5730\u5b9e\u60e0\u7684\u4ef7\u683c\u4e3a\u9996\u6b21\u8d2d\u623f\u8005\u548c\u623f\u5730\u4ea7\u6295\u8d44\u8005\u63d0\u4f9b\u4e86\u8bf1\u4eba\u7684\u673a\u4f1a\u3002<\/p>\n\n<h3 style=\"font-size: 18px;\">\u5728G\u00fczelyurt\u8d2d\u4e70\u516c\u5bd3\u7684\u4f18\u52bf<\/h3>\n<p style=\"font-size: 16px;\">G\u00fczelyurt\u4f5c\u4e3a\u5b9c\u5c45\u3001\u73af\u4fdd\u7684\u4f4f\u5b85\u533a\u8131\u9896\u800c\u51fa\uff0c\u8fdc\u79bb\u5bc6\u96c6\u7684\u57ce\u5e02\u5f00\u53d1\u3002\u9760\u8fd1\u5927\u5b66\u548c\u6559\u80b2\u673a\u6784\uff0c\u4e3a\u5b66\u751f\u79df\u8d41\u5e02\u573a\u63d0\u4f9b\u6f5c\u529b\uff0c\u540c\u65f6\u4e3a\u672c\u5730\u5c45\u6c11\u63d0\u4f9b\u5b81\u9759\u4e14\u7ecf\u6d4e\u5b9e\u60e0\u7684\u751f\u6d3b\u65b9\u5f0f\u3002<\/p>\n\n<h3 style=\"font-size: 18px;\">\u9002\u5408\u54ea\u4e9b\u4eba\u7fa4\uff1f<\/h3>\n<p style=\"font-size: 16px;\">G\u00fczelyurt\u5f85\u552e\u516c\u5bd3\u975e\u5e38\u9002\u5408\u5bfb\u627e\u5b9e\u60e0\u4f4f\u623f\u7684\u5bb6\u5ead\u3001\u5e0c\u671b\u5b89\u4eab\u9000\u4f11\u751f\u6d3b\u7684\u4e2a\u4eba\uff0c\u4ee5\u53ca\u8ffd\u6c42\u79df\u91d1\u6536\u76ca\u7684\u6295\u8d44\u8005\u3002\u540c\u65f6\u4e5f\u662f\u5927\u5b66\u751f\u7684\u660e\u667a\u9009\u62e9\u3002<\/p>\n\n\n\n\n<p><\/p>","protected":false},"excerpt":{"rendered":"<p>\ud83c\udfe2 G\u00fczelyurt Sat\u0131l\u0131k Daire \u0130lanlar\u0131 G\u00fczelyurt\u2019ta sat\u0131l\u0131k daireler, do\u011fa ile i\u00e7 i\u00e7e, sessiz ve g\u00fcvenli bir ya\u015fam arayanlar i\u00e7in \u00f6ne \u00e7\u0131kan konut alternatifleri sunar. B\u00f6lgedeki uygun fiyatl\u0131 daire se\u00e7enekleri, hem ilk evini alacaklar hem de yat\u0131r\u0131m yapmak isteyenler i\u00e7in cazip f\u0131rsatlar bar\u0131nd\u0131r\u0131r. G\u00fczelyurt\u2019ta Daire Alman\u0131n Avantajlar\u0131 G\u00fczelyurt, yo\u011fun yap\u0131la\u015fmadan uzak, ya\u015fanabilir ve \u00e7evreci bir yerle\u015fim [&hellip;]<\/p>","protected":false},"author":1,"featured_media":0,"parent":0,"menu_order":0,"comment_status":"closed","ping_status":"closed","template":"template\/template-listing-grid-v5-fullwidth-3cols.php","meta":{"footnotes":""},"class_list":["post-162517","page","type-page","status-publish","hentry"],"_links":{"self":[{"href":"https:\/\/turkkocan.com\/zh\/wp-json\/wp\/v2\/pages\/162517","targetHints":{"allow":["GET"]}}],"collection":[{"href":"https:\/\/turkkocan.com\/zh\/wp-json\/wp\/v2\/pages"}],"about":[{"href":"https:\/\/turkkocan.com\/zh\/wp-json\/wp\/v2\/types\/page"}],"author":[{"embeddable":true,"href":"https:\/\/turkkocan.com\/zh\/wp-json\/wp\/v2\/users\/1"}],"replies":[{"embeddable":true,"href":"https:\/\/turkkocan.com\/zh\/wp-json\/wp\/v2\/comments?post=162517"}],"version-history":[{"count":0,"href":"https:\/\/turkkocan.com\/zh\/wp-json\/wp\/v2\/pages\/162517\/revisions"}],"wp:attachment":[{"href":"https:\/\/turkkocan.com\/zh\/wp-json\/wp\/v2\/media?parent=162517"}],"curies":[{"name":"wp","href":"https:\/\/api.w.org\/{rel}","templated":true}]}}