{"id":162443,"date":"2025-06-13T11:10:17","date_gmt":"2025-06-13T11:10:17","guid":{"rendered":"https:\/\/turkkocan.com\/?page_id=162443"},"modified":"2025-06-17T09:31:32","modified_gmt":"2025-06-17T09:31:32","slug":"guzelyurt-mai-fang-du-li-fang","status":"publish","type":"page","link":"https:\/\/turkkocan.com\/zh\/guzelyurt-mai-fang-du-li-fang\/","title":{"rendered":"\u5c45\u6cfd\u5c14\u5c24\u7279\u5f85\u552e\u5e73\u623f"},"content":{"rendered":"<h2 style=\"font-size: 20px;\">\ud83c\udfe1 G\u00fczelyurt\u5f85\u552e\u5e73\u623f \u2013 Explore All Listings<\/h2>\n<p style=\"font-size: 16px;\">\u5728G\u00fczelyurt\u5f85\u552e\u7684\u5e73\u623f\uff0c\u4e3a\u5e0c\u671b\u4e0e\u5317\u585e\u6d66\u8def\u65af\u7684\u81ea\u7136\u548c\u5b81\u9759\u6c1b\u56f4\u548c\u8c10\u5171\u5904\u7684\u4eba\u4eec\u63d0\u4f9b\u7406\u60f3\u7684\u751f\u6d3b\u65b9\u5f0f\u3002\u8fd9\u4e9b\u901a\u5e38\u4e3a\u5355\u5c42\u3001\u6709\u82b1\u56ed\u3001\u901a\u98ce\u826f\u597d\u7684\u4f4f\u5b85\uff0c\u5c06\u8212\u9002\u4e0e\u7b80\u7ea6\u5b8c\u7f8e\u7ed3\u5408\u3002<\/p>\n\n<h3 style=\"font-size: 18px;\">\u9009\u62e9\u5e73\u623f\u7684\u4f18\u52bf<\/h3>\n<p style=\"font-size: 16px;\">\u5e73\u623f\u63d0\u4f9b\u65e0\u697c\u68af\u7684\u751f\u6d3b\u7a7a\u95f4\u3001\u6613\u4e8e\u7ef4\u62a4\u3001\u4f4e\u80fd\u8017\u4ee5\u53ca\u4e0e\u81ea\u7136\u878d\u5408\u7684\u5efa\u7b51\u98ce\u683c\uff0c\u975e\u5e38\u9002\u5408\u8001\u5e74\u4eba\u3001\u6709\u5e74\u5e7c\u5b50\u5973\u7684\u5bb6\u5ead\uff0c\u4ee5\u53ca\u8ffd\u6c42\u6781\u7b80\u751f\u6d3b\u65b9\u5f0f\u7684\u4eba\u3002\u5bf9\u8ffd\u6c42\u5b81\u9759\u548c\u9690\u79c1\u7684\u4eba\u6765\u8bf4\u4e5f\u6781\u5177\u5438\u5f15\u529b\u3002<\/p>\n\n<h3 style=\"font-size: 18px;\">\u5728G\u00fczelyurt\u7684\u5e73\u623f\u6295\u8d44<\/h3>\n<p style=\"font-size: 16px;\">\u5f97\u76ca\u4e8eG\u00fczelyurt\u5bbd\u655e\u4e14\u4ef7\u683c\u5408\u7406\u7684\u571f\u5730\u7ed3\u6784\uff0c\u5e73\u623f\u7c7b\u578b\u7684\u4f4f\u5b85\u65e0\u8bba\u662f\u81ea\u4f4f\u8fd8\u662f\u6295\u8d44\u90fd\u5177\u6709\u663e\u8457\u4f18\u52bf\u3002\u8fd9\u7c7b\u623f\u4ea7\u5728\u77ed\u671f\u548c\u4e2d\u671f\u5185\u5177\u6709\u826f\u597d\u7684\u5347\u503c\u6f5c\u529b\uff0c\u540c\u65f6\u4e5f\u975e\u5e38\u9002\u5408\u5047\u65e5\u51fa\u79df\u3002<\/p>","protected":false},"excerpt":{"rendered":"<p>\ud83c\udfe1 G\u00fczelyurt Sat\u0131l\u0131k Bungalow Evler G\u00fczelyurt\u2019ta sat\u0131l\u0131k bungalow evler, Kuzey K\u0131br\u0131s\u2019\u0131n do\u011fal yap\u0131s\u0131 ve sessiz atmosferiyle uyum i\u00e7inde ya\u015famak isteyenler i\u00e7in ideal bir ya\u015fam bi\u00e7imi sunar. Genellikle tek katl\u0131, bah\u00e7eli ve ferah planl\u0131 olarak in\u015fa edilen bu yap\u0131lar, konforu sadelikle birle\u015ftirir. Bungalow Ev Tercih Etmenin Avantajlar\u0131 Merdivensiz ya\u015fam alan\u0131, kolay bak\u0131m, d\u00fc\u015f\u00fck enerji t\u00fcketimi ve [&hellip;]<\/p>","protected":false},"author":1,"featured_media":0,"parent":0,"menu_order":0,"comment_status":"closed","ping_status":"closed","template":"template\/template-listing-grid-v5-fullwidth-3cols.php","meta":{"footnotes":""},"class_list":["post-162443","page","type-page","status-publish","hentry"],"_links":{"self":[{"href":"https:\/\/turkkocan.com\/zh\/wp-json\/wp\/v2\/pages\/162443","targetHints":{"allow":["GET"]}}],"collection":[{"href":"https:\/\/turkkocan.com\/zh\/wp-json\/wp\/v2\/pages"}],"about":[{"href":"https:\/\/turkkocan.com\/zh\/wp-json\/wp\/v2\/types\/page"}],"author":[{"embeddable":true,"href":"https:\/\/turkkocan.com\/zh\/wp-json\/wp\/v2\/users\/1"}],"replies":[{"embeddable":true,"href":"https:\/\/turkkocan.com\/zh\/wp-json\/wp\/v2\/comments?post=162443"}],"version-history":[{"count":0,"href":"https:\/\/turkkocan.com\/zh\/wp-json\/wp\/v2\/pages\/162443\/revisions"}],"wp:attachment":[{"href":"https:\/\/turkkocan.com\/zh\/wp-json\/wp\/v2\/media?parent=162443"}],"curies":[{"name":"wp","href":"https:\/\/api.w.org\/{rel}","templated":true}]}}