{"id":162240,"date":"2025-06-13T11:06:45","date_gmt":"2025-06-13T11:06:45","guid":{"rendered":"https:\/\/turkkocan.com\/?page_id=162240"},"modified":"2025-06-17T09:18:40","modified_gmt":"2025-06-17T09:18:40","slug":"guzelyurt-mai-fang-tu-di","status":"publish","type":"page","link":"https:\/\/turkkocan.com\/zh\/guzelyurt-mai-fang-tu-di\/","title":{"rendered":"\u5c45\u6cfd\u5c14\u5c24\u7279\u5f85\u552e\u571f\u5730"},"content":{"rendered":"<h2 style=\"font-size: 20px;\">\ud83c\udf3f \u5c45\u6cfd\u5c14\u5c24\u5c14\u7279\u5f85\u552e\u571f\u5730\u5217\u8868<\/h2>\n<p style=\"font-size: 16px;\">\u5c45\u6cfd\u5c14\u5c24\u5c14\u7279\u7684\u5f85\u552e\u571f\u5730\uff0c\u4e3a\u5e0c\u671b\u6295\u8d44\u4e8e\u5317\u585e\u6d66\u8def\u65af\u81ea\u7136\u80a5\u6c83\u5730\u533a\u7684\u4eba\u58eb\u63d0\u4f9b\u4e86\u4e0d\u53ef\u9519\u8fc7\u7684\u673a\u4f1a\u3002\u4f5c\u4e3a\u5c1a\u672a\u5b8c\u5168\u5f00\u53d1\u7684\u533a\u57df\uff0c\u5c45\u6cfd\u5c14\u5c24\u5c14\u7279\u662f\u5e0c\u671b\u4ee5\u5b9e\u60e0\u4ef7\u683c\u6295\u8d44\u571f\u5730\u7684\u4e70\u5bb6\u7684\u7406\u60f3\u4e4b\u9009\u3002<\/p>\n\n<h3 style=\"font-size: 18px;\">\u5728\u5c45\u6cfd\u5c14\u5c24\u5c14\u7279\u8d2d\u5730\u7684\u4f18\u52bf<\/h3>\n<p style=\"font-size: 16px;\">\u5c45\u6cfd\u5c14\u5c24\u5c14\u7279\u62e5\u6709\u4e30\u5bcc\u7684\u519c\u4e1a\u7528\u5730\u3001\u5b81\u9759\u7684\u751f\u6d3b\u8282\u594f\u548c\u5f85\u5f00\u53d1\u533a\u57df\uff0c\u4e3a\u4f4f\u5b85\u548c\u5546\u4e1a\u9879\u76ee\u63d0\u4f9b\u4e86\u826f\u597d\u57fa\u7840\u3002\u89c4\u5212\u4e2d\u7684\u5730\u5757\u4f7f\u5ba1\u6279\u6d41\u7a0b\u66f4\u52a0\u7b80\u5316\uff0c\u4ece\u800c\u4f7f\u6295\u8d44\u66f4\u52a0\u5b89\u5168\u3001\u5feb\u901f\u3002\u65e9\u671f\u8d2d\u5165\u7684\u571f\u5730\uff0c\u5176\u4ef7\u503c\u53ef\u80fd\u5728\u672a\u6765\u663e\u8457\u4e0a\u5347\u3002<\/p>\n\n<h3 style=\"font-size: 18px;\">\u9002\u5408\u54ea\u4e9b\u4eba\u7fa4\uff1f<\/h3>\n<p style=\"font-size: 16px;\">\u5bf9\u4e8e\u5e0c\u671b\u81ea\u5efa\u4f4f\u5b85\u7684\u4e2a\u4eba\u3001\u8ba1\u5212\u8fdb\u884c\u5c0f\u578b\u5efa\u8bbe\u9879\u76ee\u7684\u521b\u4e1a\u8005\uff0c\u4ee5\u53ca\u5bfb\u6c42\u957f\u671f\u6295\u8d44\u7684\u4eba\u58eb\u6765\u8bf4\uff0c\u5c45\u6cfd\u5c14\u5c24\u5c14\u7279\u7684\u5f85\u552e\u571f\u5730\u65e2\u662f\u7ecf\u6d4e\u53c8\u662f\u6218\u7565\u6027\u7684\u9009\u62e9\u3002<\/p>","protected":false},"excerpt":{"rendered":"<p>\ud83c\udf3f G\u00fczelyurt Sat\u0131l\u0131k Arsa \u0130lanlar\u0131 G\u00fczelyurt\u2019ta sat\u0131l\u0131k arsalar, Kuzey K\u0131br\u0131s\u2019\u0131n do\u011fal ve verimli b\u00f6lgelerinde yat\u0131r\u0131m yapmak isteyenler i\u00e7in ka\u00e7\u0131r\u0131lmayacak f\u0131rsatlar sunar. Hen\u00fcz tam anlam\u0131yla yap\u0131la\u015fmam\u0131\u015f olan G\u00fczelyurt, uygun fiyatl\u0131 arsa yat\u0131r\u0131m\u0131 yapmak isteyen al\u0131c\u0131lar i\u00e7in ideal bir b\u00f6lgedir. G\u00fczelyurt\u2019ta Arsa Alman\u0131n Avantajlar\u0131 Tar\u0131m alanlar\u0131n\u0131n bollu\u011fu, sakin ya\u015fam yap\u0131s\u0131 ve geli\u015fime a\u00e7\u0131k b\u00f6lgeleriyle G\u00fczelyurt, konut ve [&hellip;]<\/p>","protected":false},"author":1,"featured_media":0,"parent":0,"menu_order":0,"comment_status":"closed","ping_status":"closed","template":"template\/template-listing-grid-v5-fullwidth-3cols.php","meta":{"footnotes":""},"class_list":["post-162240","page","type-page","status-publish","hentry"],"_links":{"self":[{"href":"https:\/\/turkkocan.com\/zh\/wp-json\/wp\/v2\/pages\/162240","targetHints":{"allow":["GET"]}}],"collection":[{"href":"https:\/\/turkkocan.com\/zh\/wp-json\/wp\/v2\/pages"}],"about":[{"href":"https:\/\/turkkocan.com\/zh\/wp-json\/wp\/v2\/types\/page"}],"author":[{"embeddable":true,"href":"https:\/\/turkkocan.com\/zh\/wp-json\/wp\/v2\/users\/1"}],"replies":[{"embeddable":true,"href":"https:\/\/turkkocan.com\/zh\/wp-json\/wp\/v2\/comments?post=162240"}],"version-history":[{"count":0,"href":"https:\/\/turkkocan.com\/zh\/wp-json\/wp\/v2\/pages\/162240\/revisions"}],"wp:attachment":[{"href":"https:\/\/turkkocan.com\/zh\/wp-json\/wp\/v2\/media?parent=162240"}],"curies":[{"name":"wp","href":"https:\/\/api.w.org\/{rel}","templated":true}]}}