{"id":161833,"date":"2025-06-13T10:59:43","date_gmt":"2025-06-13T10:59:43","guid":{"rendered":"https:\/\/turkkocan.com\/?page_id=161833"},"modified":"2025-06-17T10:00:13","modified_gmt":"2025-06-17T10:00:13","slug":"likesha-mai-fang-xiao-wu","status":"publish","type":"page","link":"https:\/\/turkkocan.com\/zh\/likesha-mai-fang-xiao-wu\/","title":{"rendered":"\u5c3c\u79d1\u897f\u4e9a\u5f85\u552e\u5fae\u578b\u4f4f\u5b85"},"content":{"rendered":"<h2 style=\"font-size: 20px;\">\ud83c\udfe1 \u5c3c\u79d1\u897f\u4e9a\u5fae\u578b\u4f4f\u5b85\u51fa\u552e\u4fe1\u606f \u2013 \u67e5\u770b\u6240\u6709\u623f\u6e90<\/h2>\n<p style=\"font-size: 16px;\">\u5c3c\u79d1\u897f\u4e9a\u5f85\u552e\u7684\u5c0f\u578b\u4f4f\u5b85\u662f\u8ffd\u6c42\u53ef\u6301\u7eed\u4e14\u7ecf\u6d4e\u751f\u6d3b\u65b9\u5f0f\u4eba\u58eb\u7684\u7406\u60f3\u9009\u62e9\u3002\u8fd9\u4e9b\u623f\u5c4b\u91c7\u7528\u6781\u7b80\u8bbe\u8ba1\uff0c\u5728\u6709\u9650\u7a7a\u95f4\u5185\u5b9e\u73b0\u6700\u5927\u6548\u7387\uff0c\u9002\u5408\u8d34\u8fd1\u81ea\u7136\u7684\u751f\u6d3b\u65b9\u5f0f\u3002<\/p>\n\n<h3 style=\"font-size: 18px;\">\u8d2d\u4e70\u5c0f\u578b\u4f4f\u5b85\u7684\u4f18\u52bf<\/h3>\n<p style=\"font-size: 16px;\">\u5c0f\u578b\u4f4f\u5b85\u56e0\u4f4e\u6210\u672c\u3001\u7ef4\u62a4\u7b80\u5355\u3001\u53ef\u79fb\u52a8\u6027\u5f3a\u548c\u73af\u4fdd\u8bbe\u8ba1\u800c\u5907\u53d7\u9752\u7750\u3002\u5728\u5c3c\u79d1\u897f\u4e9a\u62e5\u6709\u4e00\u5957\u5c0f\u578b\u4f4f\u5b85\uff0c\u4e0d\u4ec5\u9002\u5408\u4e2a\u4eba\u5c45\u4f4f\uff0c\u4e5f\u975e\u5e38\u9002\u5408\u77ed\u671f\u51fa\u79df\u83b7\u53d6\u6536\u76ca\u3002<\/p>\n\n<h3 style=\"font-size: 18px;\">\u9002\u5408\u54ea\u4e9b\u4eba\u7fa4\uff1f<\/h3>\n<p style=\"font-size: 16px;\">\u5bf9\u4e8e\u5d07\u5c1a\u7b80\u7ea6\u751f\u6d3b\u7684\u4e2a\u4eba\u3001\u5e74\u8f7b\u6295\u8d44\u8005\u3001\u70ed\u7231\u81ea\u7136\u7684\u4eba\u7fa4\u4ee5\u53ca\u5173\u6ce8\u53e6\u7c7b\u5c45\u4f4f\u6a21\u5f0f\u7684\u4eba\u6765\u8bf4\uff0c\u5c0f\u578b\u4f4f\u5b85\u662f\u4e00\u4e2a\u660e\u667a\u4e14\u73b0\u4ee3\u7684\u9009\u62e9\u3002<\/p>","protected":false},"excerpt":{"rendered":"<p>\ud83c\udfe1 Lefko\u015fa Sat\u0131l\u0131k Tiny House \u0130lanlar\u0131 Lefko\u015fa\u2019da sat\u0131l\u0131k tiny house se\u00e7enekleri, kompakt ya\u015fam alanlar\u0131 ile s\u00fcrd\u00fcr\u00fclebilir ve ekonomik bir ya\u015fam arayanlar i\u00e7in ideal bir alternatiftir. Minimalist tasar\u0131m\u0131yla az alanda maksimum verim sunan bu evler, do\u011fayla i\u00e7 i\u00e7e bir ya\u015fam tarz\u0131 i\u00e7in tercih edilmektedir. Tiny House Alman\u0131n Avantajlar\u0131 Tiny house yap\u0131lar; d\u00fc\u015f\u00fck maliyet, az bak\u0131m ihtiyac\u0131, [&hellip;]<\/p>","protected":false},"author":1,"featured_media":0,"parent":0,"menu_order":0,"comment_status":"closed","ping_status":"closed","template":"template\/template-listing-grid-v5-fullwidth-3cols.php","meta":{"footnotes":""},"class_list":["post-161833","page","type-page","status-publish","hentry"],"_links":{"self":[{"href":"https:\/\/turkkocan.com\/zh\/wp-json\/wp\/v2\/pages\/161833","targetHints":{"allow":["GET"]}}],"collection":[{"href":"https:\/\/turkkocan.com\/zh\/wp-json\/wp\/v2\/pages"}],"about":[{"href":"https:\/\/turkkocan.com\/zh\/wp-json\/wp\/v2\/types\/page"}],"author":[{"embeddable":true,"href":"https:\/\/turkkocan.com\/zh\/wp-json\/wp\/v2\/users\/1"}],"replies":[{"embeddable":true,"href":"https:\/\/turkkocan.com\/zh\/wp-json\/wp\/v2\/comments?post=161833"}],"version-history":[{"count":0,"href":"https:\/\/turkkocan.com\/zh\/wp-json\/wp\/v2\/pages\/161833\/revisions"}],"wp:attachment":[{"href":"https:\/\/turkkocan.com\/zh\/wp-json\/wp\/v2\/media?parent=161833"}],"curies":[{"name":"wp","href":"https:\/\/api.w.org\/{rel}","templated":true}]}}