{"id":161831,"date":"2025-06-13T10:58:19","date_gmt":"2025-06-13T10:58:19","guid":{"rendered":"https:\/\/turkkocan.com\/?page_id=161831"},"modified":"2025-06-17T10:02:03","modified_gmt":"2025-06-17T10:02:03","slug":"likesha-mai-fang-shang-ye-fang-di-chan","status":"publish","type":"page","link":"https:\/\/turkkocan.com\/zh\/likesha-mai-fang-shang-ye-fang-di-chan\/","title":{"rendered":"\u5c3c\u79d1\u897f\u4e9a\u5f85\u552e\u5546\u4e1a\u5730\u4ea7"},"content":{"rendered":"<h2 style=\"font-size: 20px;\">\ud83c\udfe2 \u5c3c\u79d1\u897f\u4e9a\u5546\u4e1a\u5730\u4ea7\u51fa\u552e\u4fe1\u606f \u2013 \u67e5\u770b\u6240\u6709\u623f\u6e90<\/h2>\n<p style=\"font-size: 16px;\">\u5c3c\u79d1\u897f\u4e9a\u5f85\u552e\u7684\u5546\u4e1a\u5730\u4ea7\u4e3a\u5e0c\u671b\u7acb\u8db3\u5546\u5708\u6838\u5fc3\u7684\u6295\u8d44\u8005\u63d0\u4f9b\u5de8\u5927\u6f5c\u529b\u3002\u4f4d\u4e8e\u5e02\u4e2d\u5fc3\u3001\u653f\u5e9c\u673a\u6784\u9644\u8fd1\u53ca\u4eba\u6d41\u5bc6\u96c6\u533a\u57df\u7684\u529e\u516c\u5ba4\u3001\u5546\u94fa\u548c\u5e97\u9762\uff0c\u662f\u83b7\u53d6\u7a33\u5b9a\u79df\u91d1\u6536\u5165\u7684\u7406\u60f3\u9009\u62e9\u3002<\/p>\n\n<h3 style=\"font-size: 18px;\">\u8d2d\u4e70\u5546\u4e1a\u5730\u4ea7\u7684\u4f18\u52bf<\/h3>\n<p style=\"font-size: 16px;\">\u5546\u4e1a\u5730\u4ea7\u76f8\u6bd4\u4f4f\u5b85\u5177\u6709\u66f4\u9ad8\u7684\u6536\u76ca\u6f5c\u529b\uff0c\u5e76\u53ef\u901a\u8fc7\u957f\u671f\u79df\u7ea6\u5e26\u6765\u7a33\u5b9a\u7684\u79df\u91d1\u6536\u5165\u3002\u5728\u50cf\u5c3c\u79d1\u897f\u4e9a\u8fd9\u6837\u5546\u4e1a\u6d3b\u8dc3\u7684\u57ce\u5e02\u62e5\u6709\u5546\u7528\u7269\u4e1a\uff0c\u65e0\u8bba\u662f\u6536\u76ca\u8fd8\u662f\u5347\u503c\u7a7a\u95f4\u90fd\u6781\u5177\u4f18\u52bf\u3002<\/p>\n\n<h3 style=\"font-size: 18px;\">\u9002\u5408\u54ea\u4e9b\u4eba\uff1f<\/h3>\n<p style=\"font-size: 16px;\">\u5c3c\u79d1\u897f\u4e9a\u5f85\u552e\u7684\u5546\u4e1a\u5730\u4ea7\u4e3a\u6295\u8d44\u8005\u3001\u521b\u4e1a\u8005\u3001\u51c6\u5907\u521b\u529e\u4f01\u4e1a\u8005\u53ca\u5e0c\u671b\u6269\u5c55\u5546\u4e1a\u6295\u8d44\u7ec4\u5408\u7684\u7fa4\u4f53\u63d0\u4f9b\u53ef\u6301\u7eed\u7684\u6536\u76ca\u6a21\u5f0f\u3002<\/p>\n\n\n\n\n<p><\/p>","protected":false},"excerpt":{"rendered":"<p>\ud83c\udfe2 Lefko\u015fa Sat\u0131l\u0131k Ticari Gayrimenkul \u0130lanlar\u0131 Lefko\u015fa\u2019da sat\u0131l\u0131k ticari gayrimenkuller, i\u015f d\u00fcnyas\u0131n\u0131n kalbinde yer almak isteyen yat\u0131r\u0131mc\u0131lar i\u00e7in y\u00fcksek potansiyel sunar. \u015eehir merkezine, kamu kurumlar\u0131na ve yo\u011fun insan trafi\u011fine yak\u0131n lokasyonlardaki ofis, ma\u011faza ve d\u00fckkanlar, d\u00fczenli kira geliri sa\u011flamak i\u00e7in idealdir. Ticari M\u00fclk Alman\u0131n Avantajlar\u0131 Ticari m\u00fclkler, konutlara g\u00f6re daha y\u00fcksek getiri potansiyeline sahip olup, [&hellip;]<\/p>","protected":false},"author":1,"featured_media":0,"parent":0,"menu_order":0,"comment_status":"closed","ping_status":"closed","template":"template\/template-listing-grid-v5-fullwidth-3cols.php","meta":{"footnotes":""},"class_list":["post-161831","page","type-page","status-publish","hentry"],"_links":{"self":[{"href":"https:\/\/turkkocan.com\/zh\/wp-json\/wp\/v2\/pages\/161831","targetHints":{"allow":["GET"]}}],"collection":[{"href":"https:\/\/turkkocan.com\/zh\/wp-json\/wp\/v2\/pages"}],"about":[{"href":"https:\/\/turkkocan.com\/zh\/wp-json\/wp\/v2\/types\/page"}],"author":[{"embeddable":true,"href":"https:\/\/turkkocan.com\/zh\/wp-json\/wp\/v2\/users\/1"}],"replies":[{"embeddable":true,"href":"https:\/\/turkkocan.com\/zh\/wp-json\/wp\/v2\/comments?post=161831"}],"version-history":[{"count":0,"href":"https:\/\/turkkocan.com\/zh\/wp-json\/wp\/v2\/pages\/161831\/revisions"}],"wp:attachment":[{"href":"https:\/\/turkkocan.com\/zh\/wp-json\/wp\/v2\/media?parent=161831"}],"curies":[{"name":"wp","href":"https:\/\/api.w.org\/{rel}","templated":true}]}}