{"id":161827,"date":"2025-06-13T10:56:12","date_gmt":"2025-06-13T10:56:12","guid":{"rendered":"https:\/\/turkkocan.com\/?page_id=161827"},"modified":"2025-06-17T09:51:47","modified_gmt":"2025-06-17T09:51:47","slug":"likesha-mai-fang-hao-hua-zhuang-yuan","status":"publish","type":"page","link":"https:\/\/turkkocan.com\/zh\/likesha-mai-fang-hao-hua-zhuang-yuan\/","title":{"rendered":"\u5c3c\u79d1\u897f\u4e9a\u5f85\u552e\u8c6a\u5b85"},"content":{"rendered":"<h2 style=\"font-size: 20px;\">\ud83c\udde8\ud83c\uddf3 Chinese Simplified (zh-hans):<\/h2>\n<p style=\"font-size: 16px;\">\u5c3c\u79d1\u897f\u4e9a\u7684\u5f85\u552e\u8c6a\u5b85\u5730\u5904\u5e02\u4e2d\u5fc3\u9644\u8fd1\uff0c\u5374\u62e5\u6709\u72ec\u7acb\u5b81\u9759\u7684\u5c0a\u8d35\u751f\u6d3b\u73af\u5883\u3002\u914d\u5907\u8c6a\u534e\u8bbe\u65bd\u3001\u5bbd\u9614\u82b1\u56ed\u3001\u79c1\u4eba\u6cf3\u6c60\u4e0e\u9ad8\u7aef\u6807\u51c6\uff0c\u8fd9\u4e9b\u623f\u4ea7\u662f\u5c45\u4f4f\u548c\u6295\u8d44\u7684\u9ad8\u7aef\u4e4b\u9009\u3002<\/p>\n\n<h3 style=\"font-size: 18px;\">\u8d2d\u4e70\u8c6a\u5b85\u7684\u4f18\u52bf<\/h3>\n<p style=\"font-size: 16px;\">\u8c6a\u5b85\u56e0\u9ad8\u5ea6\u9690\u79c1\u3001\u4e2a\u6027\u5316\u7a7a\u95f4\u3001\u5bbd\u655e\u5185\u90e8\u548c\u4e0e\u81ea\u7136\u7684\u548c\u8c10\u5171\u5904\u800c\u8131\u9896\u800c\u51fa\u3002\u5728\u5c3c\u79d1\u897f\u4e9a\u8fd9\u6837\u7684\u6218\u7565\u4f4d\u7f6e\u62e5\u6709\u4e00\u5ea7\u8c6a\u5b85\uff0c\u610f\u5473\u7740\u65e2\u62e5\u6709\u8212\u9002\u7684\u751f\u6d3b\uff0c\u4e5f\u638c\u63e1\u4e86\u4e00\u9879\u5b9d\u8d35\u8d44\u4ea7\u3002<\/p>\n\n<h3 style=\"font-size: 18px;\">\u9002\u5408\u54ea\u4e9b\u4eba\u7fa4\uff1f<\/h3>\n<p style=\"font-size: 16px;\">\u9762\u5411\u9ad8\u6536\u5165\u4eba\u7fa4\u7684\u8c6a\u5b85\u975e\u5e38\u9002\u5408\u8ffd\u6c42\u79c1\u5bc6\u751f\u6d3b\u7684\u4e2a\u4eba\u3001\u5bb6\u5ead\uff0c\u6216\u5e0c\u671b\u63d0\u4f9b\u7cbe\u54c1\u4f4f\u5bbf\u670d\u52a1\u7684\u521b\u4e1a\u8005\u3002\u540c\u65f6\uff0c\u5b83\u4eec\u4e5f\u4e3a\u6295\u8d44\u8005\u63d0\u4f9b\u4e86\u4ee5\u5916\u5e01\u8ba1\u4ef7\u7684\u53ef\u89c2\u79df\u91d1\u6536\u76ca\uff0c\u662f\u6781\u5177\u5438\u5f15\u529b\u7684\u9009\u62e9\u3002<\/p>","protected":false},"excerpt":{"rendered":"<p>\ud83c\udfdb\ufe0f Lefko\u015fa Sat\u0131l\u0131k Malikane \u0130lanlar\u0131 Lefko\u015fa\u2019da sat\u0131l\u0131k malikaneler, \u015fehrin merkezine yak\u0131n ama kendi i\u00e7inde izole, geni\u015f ve prestijli ya\u015fam alanlar\u0131 sunan m\u00fclkler aras\u0131nda yer al\u0131r. L\u00fcks donan\u0131m\u0131, b\u00fcy\u00fck bah\u00e7eleri, \u00f6zel havuzlar\u0131 ve y\u00fcksek standartlar\u0131yla malikhaneler, hem ya\u015fam hem yat\u0131r\u0131m anlam\u0131nda \u00fcst d\u00fczey bir tercihtir. Malikhane Alman\u0131n Avantajlar\u0131 Malikaneler; y\u00fcksek mahremiyet, ki\u015fiselle\u015ftirilmi\u015f alanlar, geni\u015f i\u00e7 hacim [&hellip;]<\/p>","protected":false},"author":1,"featured_media":0,"parent":0,"menu_order":0,"comment_status":"closed","ping_status":"closed","template":"template\/template-listing-grid-v5-fullwidth-3cols.php","meta":{"footnotes":""},"class_list":["post-161827","page","type-page","status-publish","hentry"],"_links":{"self":[{"href":"https:\/\/turkkocan.com\/zh\/wp-json\/wp\/v2\/pages\/161827","targetHints":{"allow":["GET"]}}],"collection":[{"href":"https:\/\/turkkocan.com\/zh\/wp-json\/wp\/v2\/pages"}],"about":[{"href":"https:\/\/turkkocan.com\/zh\/wp-json\/wp\/v2\/types\/page"}],"author":[{"embeddable":true,"href":"https:\/\/turkkocan.com\/zh\/wp-json\/wp\/v2\/users\/1"}],"replies":[{"embeddable":true,"href":"https:\/\/turkkocan.com\/zh\/wp-json\/wp\/v2\/comments?post=161827"}],"version-history":[{"count":0,"href":"https:\/\/turkkocan.com\/zh\/wp-json\/wp\/v2\/pages\/161827\/revisions"}],"wp:attachment":[{"href":"https:\/\/turkkocan.com\/zh\/wp-json\/wp\/v2\/media?parent=161827"}],"curies":[{"name":"wp","href":"https:\/\/api.w.org\/{rel}","templated":true}]}}