{"id":161823,"date":"2025-06-13T10:54:17","date_gmt":"2025-06-13T10:54:17","guid":{"rendered":"https:\/\/turkkocan.com\/?page_id=161823"},"modified":"2025-06-17T09:41:28","modified_gmt":"2025-06-17T09:41:28","slug":"likesha-mai-fang-gongyu","status":"publish","type":"page","link":"https:\/\/turkkocan.com\/zh\/likesha-mai-fang-gongyu\/","title":{"rendered":"\u5c3c\u79d1\u897f\u4e9a\u5f85\u552e\u516c\u5bd3"},"content":{"rendered":"<h2 style=\"font-size: 20px;\">+\ud83c\udfe2 \u5c3c\u79d1\u897f\u4e9a\u516c\u5bd3\u51fa\u552e\u4fe1\u606f \u2013 \u67e5\u770b\u6240\u6709\u623f\u6e90<\/h2>\n<p style=\"font-size: 16px;\">\u5c3c\u79d1\u897f\u4e9a\u5f85\u552e\u516c\u5bd3\u4e3a\u5e0c\u671b\u5728\u9996\u90fd\u5c45\u4f4f\u6216\u6295\u8d44\u7684\u4eba\u63d0\u4f9b\u4e30\u5bcc\u7684\u9009\u62e9\u3002\u8fd9\u4e9b\u516c\u5bd3\u9760\u8fd1\u5927\u5b66\u3001\u5546\u52a1\u4e2d\u5fc3\u548c\u653f\u5e9c\u673a\u6784\uff0c\u4fbf\u4e8e\u6ee1\u8db3\u65e5\u5e38\u751f\u6d3b\u7684\u5404\u7c7b\u9700\u6c42\u3002<\/p>\n\n<h3 style=\"font-size: 18px;\">\u5728\u5c3c\u79d1\u897f\u4e9a\u8d2d\u7f6e\u516c\u5bd3\u7684\u4f18\u52bf<\/h3>\n<p style=\"font-size: 16px;\">\u5e02\u4e2d\u5fc3\u7684\u5f85\u552e\u516c\u5bd3\u56e0\u9ad8\u79df\u91d1\u56de\u62a5\u7387\u800c\u8131\u9896\u800c\u51fa\u3002\u5c24\u5176\u662f\u5b66\u751f\u548c\u516c\u52a1\u5458\u5bf9\u79df\u623f\u7684\u9700\u6c42\u59cb\u7ec8\u65fa\u76db\u3002\u6b64\u5916\uff0c\u4e2d\u5fc3\u533a\u57df\u7684\u516c\u5bd3\u5177\u6709\u5f88\u9ad8\u7684\u5347\u503c\u6f5c\u529b\u3002<\/p>\n\n<h3 style=\"font-size: 18px;\">\u9002\u5408\u54ea\u4e9b\u4eba\u7fa4\uff1f<\/h3>\n<p style=\"font-size: 16px;\">\u5c3c\u79d1\u897f\u4e9a\u7684\u5f85\u552e\u516c\u5bd3\u975e\u5e38\u9002\u5408\u5e0c\u671b\u5728\u5317\u585e\u6d66\u8def\u65af\u751f\u6d3b\u7684\u5bb6\u5ead\u3001\u5e0c\u671b\u901a\u8fc7\u6295\u8d44\u83b7\u5f97\u6536\u5165\u7684\u4e2a\u4eba\uff0c\u4ee5\u53ca\u8ba1\u5212\u5c06\u623f\u5c4b\u51fa\u79df\u7ed9\u5927\u5b66\u751f\u7684\u6295\u8d44\u8005\u3002<\/p>","protected":false},"excerpt":{"rendered":"<p>\ud83c\udfe2 Lefko\u015fa Sat\u0131l\u0131k Daire \u0130lanlar\u0131 Lefko\u015fa\u2019da sat\u0131l\u0131k daire se\u00e7enekleri, ba\u015fkentte ya\u015famak veya yat\u0131r\u0131m yapmak isteyenler i\u00e7in geni\u015f bir portf\u00f6y sunar. \u00dcniversitelere, i\u015f merkezlerine ve devlet kurumlar\u0131na yak\u0131n konumda yer alan daireler, g\u00fcnl\u00fck ya\u015fam\u0131n t\u00fcm ihtiya\u00e7lar\u0131na eri\u015fimi kolayla\u015ft\u0131r\u0131r. Lefko\u015fa\u2019da Daire Alman\u0131n Avantajlar\u0131 \u015eehir merkezinde bulunan sat\u0131l\u0131k daireler, y\u00fcksek kira getirisiyle \u00f6ne \u00e7\u0131kar. \u00d6zellikle \u00f6\u011frenciler ve memurlar [&hellip;]<\/p>","protected":false},"author":1,"featured_media":0,"parent":0,"menu_order":0,"comment_status":"closed","ping_status":"closed","template":"template\/template-listing-grid-v5-fullwidth-3cols.php","meta":{"footnotes":""},"class_list":["post-161823","page","type-page","status-publish","hentry"],"_links":{"self":[{"href":"https:\/\/turkkocan.com\/zh\/wp-json\/wp\/v2\/pages\/161823","targetHints":{"allow":["GET"]}}],"collection":[{"href":"https:\/\/turkkocan.com\/zh\/wp-json\/wp\/v2\/pages"}],"about":[{"href":"https:\/\/turkkocan.com\/zh\/wp-json\/wp\/v2\/types\/page"}],"author":[{"embeddable":true,"href":"https:\/\/turkkocan.com\/zh\/wp-json\/wp\/v2\/users\/1"}],"replies":[{"embeddable":true,"href":"https:\/\/turkkocan.com\/zh\/wp-json\/wp\/v2\/comments?post=161823"}],"version-history":[{"count":0,"href":"https:\/\/turkkocan.com\/zh\/wp-json\/wp\/v2\/pages\/161823\/revisions"}],"wp:attachment":[{"href":"https:\/\/turkkocan.com\/zh\/wp-json\/wp\/v2\/media?parent=161823"}],"curies":[{"name":"wp","href":"https:\/\/api.w.org\/{rel}","templated":true}]}}