{"id":161819,"date":"2025-06-13T10:51:57","date_gmt":"2025-06-13T10:51:57","guid":{"rendered":"https:\/\/turkkocan.com\/?page_id=161819"},"modified":"2025-06-17T10:03:56","modified_gmt":"2025-06-17T10:03:56","slug":"likesha-mai-fang-tu-di","status":"publish","type":"page","link":"https:\/\/turkkocan.com\/zh\/likesha-mai-fang-tu-di\/","title":{"rendered":"\u5c3c\u79d1\u897f\u4e9a\u5f85\u552e\u571f\u5730"},"content":{"rendered":"<h2 style=\"font-size: 20px;\">\ud83c\udf3f \u5c3c\u79d1\u897f\u4e9a\u571f\u5730\u51fa\u552e\u4fe1\u606f \u2013 \u67e5\u770b\u6240\u6709\u623f\u6e90<\/h2>\n<p style=\"font-size: 16px;\">\u5c3c\u79d1\u897f\u4e9a\u5f85\u552e\u571f\u5730\u4e3a\u5e0c\u671b\u5728\u5317\u585e\u6d66\u8def\u65af\u9996\u90fd\u6295\u8d44\u7684\u4e70\u5bb6\u63d0\u4f9b\u4e86\u4e2d\u5fc3\u5730\u6bb5\u4e0e\u9ad8\u56de\u62a5\u6f5c\u529b\u3002\u65e0\u8bba\u662f\u4f4f\u5b85\u3001\u5546\u4e1a\u8fd8\u662f\u7efc\u5408\u5f00\u53d1\u9879\u76ee\uff0c\u62e5\u6709\u4ea7\u6743\u548c\u89c4\u5212\u8bb8\u53ef\u7684\u5730\u5757\u90fd\u9002\u5408\u5404\u7c7b\u6295\u8d44\u8005\u3002<\/p>\n\n<h3 style=\"font-size: 18px;\">\u8d2d\u4e70\u571f\u5730\u7684\u4f18\u52bf<\/h3>\n<p style=\"font-size: 16px;\">\u571f\u5730\u56e0\u8d77\u6b65\u6210\u672c\u4f4e\u548c\u672a\u6765\u5347\u503c\u6f5c\u529b\u5927\u800c\u6df1\u53d7\u957f\u671f\u6295\u8d44\u8005\u9752\u7750\u3002\u7279\u522b\u662f\u5728\u50cf\u5c3c\u79d1\u897f\u4e9a\u8fd9\u6837\u4eba\u53e3\u589e\u957f\u5feb\u3001\u5f00\u53d1\u8fc5\u901f\u7684\u5730\u533a\uff0c\u571f\u5730\u6295\u8d44\u53ef\u968f\u7740\u65f6\u95f4\u5e26\u6765\u53ef\u89c2\u56de\u62a5\u3002<\/p>\n\n<h3 style=\"font-size: 18px;\">\u9002\u5408\u54ea\u4e9b\u4eba\u7fa4\uff1f<\/h3>\n<p style=\"font-size: 16px;\">\u5c3c\u79d1\u897f\u4e9a\u7684\u5f85\u552e\u571f\u5730\u4e3a\u5e0c\u671b\u81ea\u5efa\u4f4f\u5b85\u7684\u4e2a\u4eba\u3001\u8ba1\u5212\u5f00\u53d1\u9879\u76ee\u7684\u516c\u53f8\u4ee5\u53ca\u8ba1\u5212\u8fdb\u884c\u957f\u671f\u571f\u5730\u6295\u8d44\u7684\u6295\u8d44\u8005\u63d0\u4f9b\u6781\u5177\u5438\u5f15\u529b\u7684\u673a\u4f1a\u3002<\/p>","protected":false},"excerpt":{"rendered":"<p>\ud83c\udf3f Lefko\u015fa Sat\u0131l\u0131k Arsa \u0130lanlar\u0131 Lefko\u015fa\u2019da sat\u0131l\u0131k arsalar, Kuzey K\u0131br\u0131s\u2019\u0131n ba\u015fkentinde arsa yat\u0131r\u0131m\u0131 yapmak isteyenler i\u00e7in hem merkezi konum hem de y\u00fcksek getiri potansiyeli sunar. \u0130ster konut, ister ticari, ister karma projeler i\u00e7in d\u00fc\u015f\u00fcn\u00fcls\u00fcn; imarl\u0131 ve tapulu arsa se\u00e7enekleri her yat\u0131r\u0131mc\u0131ya hitap eder. Arsa Alman\u0131n Avantajlar\u0131 Arsalar, d\u00fc\u015f\u00fck maliyetli ba\u015flang\u0131\u00e7 sunmas\u0131 ve gelecekte y\u00fcksek de\u011fer [&hellip;]<\/p>","protected":false},"author":1,"featured_media":0,"parent":0,"menu_order":0,"comment_status":"closed","ping_status":"closed","template":"template\/template-listing-grid-v5-fullwidth-3cols.php","meta":{"footnotes":""},"class_list":["post-161819","page","type-page","status-publish","hentry"],"_links":{"self":[{"href":"https:\/\/turkkocan.com\/zh\/wp-json\/wp\/v2\/pages\/161819","targetHints":{"allow":["GET"]}}],"collection":[{"href":"https:\/\/turkkocan.com\/zh\/wp-json\/wp\/v2\/pages"}],"about":[{"href":"https:\/\/turkkocan.com\/zh\/wp-json\/wp\/v2\/types\/page"}],"author":[{"embeddable":true,"href":"https:\/\/turkkocan.com\/zh\/wp-json\/wp\/v2\/users\/1"}],"replies":[{"embeddable":true,"href":"https:\/\/turkkocan.com\/zh\/wp-json\/wp\/v2\/comments?post=161819"}],"version-history":[{"count":0,"href":"https:\/\/turkkocan.com\/zh\/wp-json\/wp\/v2\/pages\/161819\/revisions"}],"wp:attachment":[{"href":"https:\/\/turkkocan.com\/zh\/wp-json\/wp\/v2\/media?parent=161819"}],"curies":[{"name":"wp","href":"https:\/\/api.w.org\/{rel}","templated":true}]}}