{"id":161808,"date":"2025-06-13T10:44:41","date_gmt":"2025-06-13T10:44:41","guid":{"rendered":"https:\/\/turkkocan.com\/?page_id=161808"},"modified":"2025-06-17T08:51:16","modified_gmt":"2025-06-17T08:51:16","slug":"laifuke-mai-fang-bieshu","status":"publish","type":"page","link":"https:\/\/turkkocan.com\/zh\/laifuke-mai-fang-bieshu\/","title":{"rendered":"\u83b1\u592b\u5361\u5f85\u552e\u522b\u5885"},"content":{"rendered":"<h2 style=\"font-size: 20px;\">\ud83c\udfe1 \u83b1\u592b\u514b\u5f85\u552e\u522b\u5885 \u2013 \u67e5\u770b\u5168\u90e8\u623f\u6e90<\/h2>\n<p style=\"font-size: 16px;\">\u83b1\u592b\u514b\u5f85\u552e\u522b\u5885\u975e\u5e38\u9002\u5408\u5bfb\u6c42\u5b81\u9759\u751f\u6d3b\u7684\u4eba\u7fa4\uff0c\u5750\u843d\u4e8e\u5317\u585e\u6d66\u8def\u65af\u7684\u81ea\u7136\u7f8e\u666f\u4e4b\u4e2d\u3002\u8fd9\u4e9b\u5efa\u4e8e\u5bbd\u9614\u5730\u5757\u4e0a\u7684\u72ec\u680b\u4f4f\u5b85\u914d\u6709\u79c1\u4eba\u82b1\u56ed\uff0c\u517c\u5177\u8212\u9002\u4e0e\u79c1\u5bc6\u6027\u3002<\/p>\n\n<h3 style=\"font-size: 18px;\">\u5728\u83b1\u592b\u514b\u8d2d\u4e70\u522b\u5885\u7684\u4f18\u52bf<\/h3>\n<p style=\"font-size: 16px;\">\u5bf9\u4e8e\u60f3\u8981\u62e5\u6709\u522b\u5885\u7684\u4eba\u6765\u8bf4\uff0c\u83b1\u592b\u514b\u63d0\u4f9b\u4e00\u79cd\u8d34\u8fd1\u81ea\u7136\u3001\u5b81\u9759\u4e14\u4ef7\u683c\u5408\u7406\u7684\u751f\u6d3b\u65b9\u5f0f\u3002\u522b\u5885\u914d\u5907\u5bbd\u655e\u5c45\u4f4f\u7a7a\u95f4\u3001\u79c1\u4eba\u505c\u8f66\u4f4d\u3001\u82b1\u56ed\uff0c\u90e8\u5206\u9879\u76ee\u8fd8\u8bbe\u6709\u6cf3\u6c60\u3002\u8be5\u5730\u533a\u4f4e\u5bc6\u5ea6\u5f00\u53d1\uff0c\u8425\u9020\u51fa\u5bbd\u655e\u4e14\u65e0\u538b\u7684\u751f\u6d3b\u73af\u5883\u3002<\/p>\n\n<h3 style=\"font-size: 18px;\">\u9002\u5408\u54ea\u4e9b\u4eba\u7fa4\uff1f<\/h3>\n<p style=\"font-size: 16px;\">\u5728\u83b1\u592b\u514b\u62e5\u6709\u4e00\u680b\u522b\u5885\u975e\u5e38\u9002\u5408\u5bb6\u5ead\u3001\u9000\u4f11\u4eba\u58eb\u3001\u5ea6\u5047\u8d2d\u623f\u8005\u4ee5\u53ca\u6e34\u671b\u5b81\u9759\u751f\u6d3b\u7684\u4eba\u3002\u540c\u65f6\uff0c\u5bf9\u4e8e\u5bfb\u6c42\u4f4e\u6210\u672c\u522b\u5885\u6295\u8d44\u7684\u4e70\u5bb6\uff0c\u8be5\u5730\u533a\u4e5f\u5177\u6709\u5de8\u5927\u6f5c\u529b\u3002<\/p>","protected":false},"excerpt":{"rendered":"<p>\ud83c\udfe1 Lefke Sat\u0131l\u0131k Villa \u0130lanlar\u0131 Lefke\u2019de sat\u0131l\u0131k villalar, Kuzey K\u0131br\u0131s\u2019\u0131n do\u011fal g\u00fczellikleri ile \u00e7evrili, sessiz ve huzurlu bir ya\u015fam arayanlar i\u00e7in ideal konut se\u00e7enekleri aras\u0131nda yer al\u0131r. Geni\u015f arsalar \u00fczerinde kurulu, bah\u00e7eli ve m\u00fcstakil yap\u0131lar hem konfor hem mahremiyet sa\u011flar. Lefke\u2019de Villa Alman\u0131n Avantajlar\u0131 Villa sahibi olmak isteyenler i\u00e7in Lefke; do\u011fayla i\u00e7 i\u00e7e, sakin ve [&hellip;]<\/p>","protected":false},"author":1,"featured_media":0,"parent":0,"menu_order":0,"comment_status":"closed","ping_status":"closed","template":"template\/template-listing-grid-v5-fullwidth-3cols.php","meta":{"footnotes":""},"class_list":["post-161808","page","type-page","status-publish","hentry"],"_links":{"self":[{"href":"https:\/\/turkkocan.com\/zh\/wp-json\/wp\/v2\/pages\/161808","targetHints":{"allow":["GET"]}}],"collection":[{"href":"https:\/\/turkkocan.com\/zh\/wp-json\/wp\/v2\/pages"}],"about":[{"href":"https:\/\/turkkocan.com\/zh\/wp-json\/wp\/v2\/types\/page"}],"author":[{"embeddable":true,"href":"https:\/\/turkkocan.com\/zh\/wp-json\/wp\/v2\/users\/1"}],"replies":[{"embeddable":true,"href":"https:\/\/turkkocan.com\/zh\/wp-json\/wp\/v2\/comments?post=161808"}],"version-history":[{"count":0,"href":"https:\/\/turkkocan.com\/zh\/wp-json\/wp\/v2\/pages\/161808\/revisions"}],"wp:attachment":[{"href":"https:\/\/turkkocan.com\/zh\/wp-json\/wp\/v2\/media?parent=161808"}],"curies":[{"name":"wp","href":"https:\/\/api.w.org\/{rel}","templated":true}]}}