{"id":161802,"date":"2025-06-13T10:42:05","date_gmt":"2025-06-13T10:42:05","guid":{"rendered":"https:\/\/turkkocan.com\/?page_id=161802"},"modified":"2025-06-17T08:52:17","modified_gmt":"2025-06-17T08:52:17","slug":"laifuke-mai-fang-dandu-zhu-zhai","status":"publish","type":"page","link":"https:\/\/turkkocan.com\/zh\/laifuke-mai-fang-dandu-zhu-zhai\/","title":{"rendered":"\u83b1\u592b\u5361\u5f85\u552e\u4f4f\u5b85"},"content":{"rendered":"<h2 style=\"font-size: 20px;\">\ud83c\udfe1 \u83b1\u592b\u514b\u5f85\u552e\u72ec\u680b\u4f4f\u5b85 \u2013 \u67e5\u770b\u5168\u90e8\u623f\u6e90<\/h2>\n<p style=\"font-size: 16px;\">\u83b1\u592b\u514b\u5f85\u552e\u72ec\u680b\u4f4f\u5b85\u63d0\u4f9b\u5b81\u9759\u800c\u72ec\u7acb\u7684\u751f\u6d3b\u65b9\u5f0f\uff0c\u5750\u843d\u4e8e\u5317\u585e\u6d66\u8def\u65af\u7684\u81ea\u7136\u7f8e\u666f\u4e4b\u4e2d\u3002\u5bf9\u4e8e\u5e0c\u671b\u8fdc\u79bb\u57ce\u5e02\u3001\u4eb2\u8fd1\u81ea\u7136\u7684\u4eba\u6765\u8bf4\uff0c\u8fd9\u4e9b\u4f4f\u5b85\u517c\u5177\u8212\u9002\u6027\u4e0e\u79c1\u5bc6\u6027\u3002<\/p>\n\n<h3 style=\"font-size: 18px;\">\u4e3a\u4ec0\u4e48\u9009\u62e9\u72ec\u680b\u4f4f\u5b85\uff1f<\/h3>\n<p style=\"font-size: 16px;\">\u72ec\u680b\u4f4f\u5b85\u5e26\u6765\u8bf8\u591a\u4f18\u52bf\uff0c\u5305\u62ec\u81ea\u7531\u89c4\u5212\u5c45\u4f4f\u7a7a\u95f4\u3001\u79c1\u4eba\u82b1\u56ed\u3001\u505c\u8f66\u4f4d\uff0c\u4ee5\u53ca\u5b89\u9759\u7684\u751f\u6d3b\u73af\u5883\u3002\u5c24\u5176\u5728\u50cf\u83b1\u592b\u514b\u8fd9\u6837\u5b81\u9759\u7684\u5730\u533a\uff0c\u975e\u5e38\u9002\u5408\u5e0c\u671b\u4e0e\u81ea\u7136\u548c\u8c10\u5171\u5904\u7684\u4eba\u7fa4\u3002<\/p>\n\n<h3 style=\"font-size: 18px;\">\u5728\u83b1\u592b\u514b\u6295\u8d44\u72ec\u680b\u4f4f\u5b85\u7684\u4f18\u52bf<\/h3>\n<p style=\"font-size: 16px;\">\u7531\u4e8e\u4f4f\u5b85\u9700\u6c42\u589e\u957f\u3001\u5730\u5757\u5bc6\u5ea6\u4f4e\u548c\u623f\u4ef7\u5408\u7406\uff0c\u83b1\u592b\u514b\u7684\u72ec\u680b\u4f4f\u5b85\u4e3a\u5c45\u4f4f\u548c\u6295\u8d44\u63d0\u4f9b\u4e86\u7406\u60f3\u673a\u4f1a\u3002\u968f\u7740\u533a\u57df\u957f\u671f\u53d1\u5c55\uff0c\u623f\u4ea7\u4ef7\u503c\u9884\u8ba1\u5c06\u6301\u7eed\u4e0a\u6da8\u3002<\/p>","protected":false},"excerpt":{"rendered":"<p>\ud83c\udfe1 Lefke Sat\u0131l\u0131k M\u00fcstakil Ev \u0130lanlar\u0131 Lefke\u2019de sat\u0131l\u0131k m\u00fcstakil evler, Kuzey K\u0131br\u0131s\u2019\u0131n do\u011fal g\u00fczellikleriyle \u00e7evrili, huzurlu ve ba\u011f\u0131ms\u0131z ya\u015fam alanlar\u0131 sunan yap\u0131lar aras\u0131nda yer al\u0131r. \u015eehirden uzak ama do\u011faya yak\u0131n bir ya\u015fam arayanlar i\u00e7in m\u00fcstakil evler, hem konfor hem de mahremiyet sa\u011flar. Neden M\u00fcstakil Ev Tercih Edilmeli? M\u00fcstakil evler, kullan\u0131c\u0131ya kendi ya\u015fam alan\u0131n\u0131 \u00f6zg\u00fcrce d\u00fczenleme, [&hellip;]<\/p>","protected":false},"author":1,"featured_media":0,"parent":0,"menu_order":0,"comment_status":"closed","ping_status":"closed","template":"template\/template-listing-grid-v5-fullwidth-3cols.php","meta":{"footnotes":""},"class_list":["post-161802","page","type-page","status-publish","hentry"],"_links":{"self":[{"href":"https:\/\/turkkocan.com\/zh\/wp-json\/wp\/v2\/pages\/161802","targetHints":{"allow":["GET"]}}],"collection":[{"href":"https:\/\/turkkocan.com\/zh\/wp-json\/wp\/v2\/pages"}],"about":[{"href":"https:\/\/turkkocan.com\/zh\/wp-json\/wp\/v2\/types\/page"}],"author":[{"embeddable":true,"href":"https:\/\/turkkocan.com\/zh\/wp-json\/wp\/v2\/users\/1"}],"replies":[{"embeddable":true,"href":"https:\/\/turkkocan.com\/zh\/wp-json\/wp\/v2\/comments?post=161802"}],"version-history":[{"count":0,"href":"https:\/\/turkkocan.com\/zh\/wp-json\/wp\/v2\/pages\/161802\/revisions"}],"wp:attachment":[{"href":"https:\/\/turkkocan.com\/zh\/wp-json\/wp\/v2\/media?parent=161802"}],"curies":[{"name":"wp","href":"https:\/\/api.w.org\/{rel}","templated":true}]}}