{"id":161800,"date":"2025-06-13T10:41:11","date_gmt":"2025-06-13T10:41:11","guid":{"rendered":"https:\/\/turkkocan.com\/?page_id=161800"},"modified":"2025-06-17T08:55:45","modified_gmt":"2025-06-17T08:55:45","slug":"laifuke-mai-fang-hao-hua-zhuang-yuan","status":"publish","type":"page","link":"https:\/\/turkkocan.com\/zh\/laifuke-mai-fang-hao-hua-zhuang-yuan\/","title":{"rendered":"\u83b1\u592b\u5361\u5f85\u552e\u8c6a\u5b85"},"content":{"rendered":"<h2 style=\"font-size: 20px;\">\ud83c\udfdb\ufe0f \u83b1\u592b\u514b\u5f85\u552e\u8c6a\u5b85 \u2013 \u67e5\u770b\u5168\u90e8\u623f\u6e90<\/h2>\n<p style=\"font-size: 16px;\">\u83b1\u592b\u514b\u5f85\u552e\u8c6a\u5b85\u4e3a\u8ffd\u6c42\u5b81\u9759\u3001\u5c0a\u8d35\u751f\u6d3b\u4e14\u4eb2\u8fd1\u5317\u585e\u6d66\u8def\u65af\u81ea\u7136\u98ce\u5149\u7684\u4eba\u58eb\u63d0\u4f9b\u4e86\u72ec\u7279\u673a\u9047\u3002\u8fd9\u4e9b\u623f\u4ea7\u914d\u5907\u5bbd\u655e\u82b1\u56ed\u3001\u591a\u5367\u8bbe\u8ba1\u3001\u79c1\u4eba\u6cf3\u6c60\u548c\u72ec\u7acb\u4f7f\u7528\u7a7a\u95f4\uff0c\u662f\u96c6\u5962\u534e\u8212\u9002\u4e0e\u6295\u8d44\u4ef7\u503c\u4e8e\u4e00\u4f53\u7684\u9ad8\u7aef\u4f4f\u5b85\u3002<\/p>\n\n<h3 style=\"font-size: 18px;\">\u62e5\u6709\u8c6a\u5b85\u7684\u4f18\u52bf<\/h3>\n<p style=\"font-size: 16px;\">\u8c6a\u5b85\u63d0\u4f9b\u9ad8\u5ea6\u9690\u79c1\u3001\u5c0a\u8d35\u7684\u751f\u6d3b\u6807\u51c6\u548c\u4e2a\u6027\u5316\u7a7a\u95f4\u81ea\u7531\u3002\u5728\u5982\u83b1\u592b\u514b\u8fd9\u7c7b\u5b81\u9759\u81ea\u7136\u7684\u533a\u57df\u62e5\u6709\u4e00\u5957\u8c6a\u5b85\uff0c\u4e3a\u8fdc\u79bb\u57ce\u5e02\u538b\u529b\u7684\u4eba\u7fa4\u5e26\u6765\u72ec\u7279\u751f\u6d3b\u65b9\u5f0f\u3002\u540c\u65f6\u4e5f\u9002\u5408\u4e3e\u529e\u79c1\u5bc6\u6d3b\u52a8\u6216\u8fd0\u8425\u7cbe\u54c1\u6c11\u5bbf\u3002<\/p>\n\n<h3 style=\"font-size: 18px;\">\u5728\u83b1\u592b\u514b\u6295\u8d44\u8c6a\u5b85<\/h3>\n<p style=\"font-size: 16px;\">\u5728\u83b1\u592b\u514b\u6295\u8d44\u8c6a\u5b85\u56e0\u5176\u7a00\u7f3a\u6027\u800c\u5177\u5907\u957f\u671f\u5347\u503c\u6f5c\u529b\u3002\u51ed\u501f\u4e30\u5bcc\u7684\u81ea\u7136\u8d44\u6e90\u4e0e\u4e0d\u65ad\u5b8c\u5584\u7684\u57fa\u7840\u8bbe\u65bd\uff0c\u8be5\u5730\u533a\u88ab\u89c6\u4e3a\u9ad8\u7aef\u623f\u4ea7\u6295\u8d44\u7684\u6f5c\u529b\u5730\u6bb5\u3002<\/p>","protected":false},"excerpt":{"rendered":"<p>\ud83c\udfdb\ufe0f Lefke Sat\u0131l\u0131k Malikane \u0130lanlar\u0131 Lefke\u2019de sat\u0131l\u0131k malikaneler, Kuzey K\u0131br\u0131s\u2019\u0131n do\u011fayla i\u00e7 i\u00e7e, sessiz ve prestijli ya\u015fam alanlar\u0131 arayanlar i\u00e7in e\u015fsiz f\u0131rsatlar sunar. Geni\u015f bah\u00e7eler, \u00e7ok odal\u0131 tasar\u0131mlar, \u00f6zel havuz ve ba\u011f\u0131ms\u0131z kullan\u0131m alanlar\u0131yla bu yap\u0131lar hem ya\u015fam konforu hem de yat\u0131r\u0131m de\u011feri a\u00e7\u0131s\u0131ndan \u00fcst segment m\u00fclkler aras\u0131nda yer al\u0131r. Malikhane Sahibi Olman\u0131n Avantajlar\u0131 Malikaneler; [&hellip;]<\/p>","protected":false},"author":1,"featured_media":0,"parent":0,"menu_order":0,"comment_status":"closed","ping_status":"closed","template":"template\/template-listing-grid-v5-fullwidth-3cols.php","meta":{"footnotes":""},"class_list":["post-161800","page","type-page","status-publish","hentry"],"_links":{"self":[{"href":"https:\/\/turkkocan.com\/zh\/wp-json\/wp\/v2\/pages\/161800","targetHints":{"allow":["GET"]}}],"collection":[{"href":"https:\/\/turkkocan.com\/zh\/wp-json\/wp\/v2\/pages"}],"about":[{"href":"https:\/\/turkkocan.com\/zh\/wp-json\/wp\/v2\/types\/page"}],"author":[{"embeddable":true,"href":"https:\/\/turkkocan.com\/zh\/wp-json\/wp\/v2\/users\/1"}],"replies":[{"embeddable":true,"href":"https:\/\/turkkocan.com\/zh\/wp-json\/wp\/v2\/comments?post=161800"}],"version-history":[{"count":0,"href":"https:\/\/turkkocan.com\/zh\/wp-json\/wp\/v2\/pages\/161800\/revisions"}],"wp:attachment":[{"href":"https:\/\/turkkocan.com\/zh\/wp-json\/wp\/v2\/media?parent=161800"}],"curies":[{"name":"wp","href":"https:\/\/api.w.org\/{rel}","templated":true}]}}