{"id":161796,"date":"2025-06-13T10:37:23","date_gmt":"2025-06-13T10:37:23","guid":{"rendered":"https:\/\/turkkocan.com\/?page_id=161796"},"modified":"2025-06-17T08:46:51","modified_gmt":"2025-06-17T08:46:51","slug":"laifuke-mai-fang-gongyu","status":"publish","type":"page","link":"https:\/\/turkkocan.com\/zh\/laifuke-mai-fang-gongyu\/","title":{"rendered":"\u83b1\u592b\u5361\u5f85\u552e\u516c\u5bd3"},"content":{"rendered":"<h2 style=\"font-size: 20px;\">\ud83c\udfe2 \u83b1\u592b\u514b\u5f85\u552e\u516c\u5bd3 \u2013 \u67e5\u770b\u5168\u90e8\u623f\u6e90<\/h2>\n<p style=\"font-size: 16px;\">\u83b1\u592b\u514b\u7684\u5f85\u552e\u516c\u5bd3\u56e0\u4ef7\u683c\u5b9e\u60e0\u4e0e\u8d34\u8fd1\u81ea\u7136\u7684\u5730\u7406\u4f4d\u7f6e\uff0c\u6210\u4e3a\u81ea\u4f4f\u4e0e\u6295\u8d44\u7684\u7406\u60f3\u9009\u62e9\u3002\u5bf9\u4e8e\u8ffd\u6c42\u5b81\u9759\u751f\u6d3b\u65b9\u5f0f\u7684\u4eba\u3001\u5b66\u751f\u4ee5\u53ca\u5c0f\u5bb6\u5ead\u800c\u8a00\uff0c\u8fd9\u4e9b\u516c\u5bd3\u63d0\u4f9b\u4e86\u5b9e\u7528\u53c8\u8212\u9002\u7684\u5c45\u4f4f\u89e3\u51b3\u65b9\u6848\u3002<\/p>\n\n<h3 style=\"font-size: 18px;\">\u5728\u83b1\u592b\u514b\u8d2d\u7f6e\u516c\u5bd3\u7684\u4f18\u52bf<\/h3>\n<p style=\"font-size: 16px;\">\u83b1\u592b\u514b\u662f\u5317\u585e\u6d66\u8def\u65af\u6700\u5b81\u9759\u7684\u5730\u533a\u4e4b\u4e00\uff0c\u9002\u5408\u8fdc\u79bb\u57ce\u5e02\u55a7\u56a3\u3001\u4eb2\u8fd1\u81ea\u7136\u7684\u751f\u6d3b\u65b9\u5f0f\u3002\u516c\u5bd3\u4ef7\u683c\u5b9e\u60e0\uff0c\u4f7f\u8be5\u5730\u533a\u5bf9\u672c\u5730\u5c45\u6c11\u548c\u6295\u8d44\u8005\u90fd\u5177\u6709\u5438\u5f15\u529b\u3002\u6b64\u5916\uff0c\u5b66\u751f\u4eba\u53e3\u4e5f\u5e26\u6765\u4e86\u53ef\u89c2\u7684\u51fa\u79df\u6f5c\u529b\u3002<\/p>\n\n<h3 style=\"font-size: 18px;\">\u8fd9\u4e2a\u9009\u9879\u9002\u5408\u54ea\u4e9b\u4eba\uff1f<\/h3>\n<p style=\"font-size: 16px;\">\u83b1\u592b\u514b\u7684\u5f85\u552e\u516c\u5bd3\u662f\u9996\u6b21\u8d2d\u623f\u8005\u3001\u70ed\u7231\u81ea\u7136\u7684\u4eba\u7fa4\u53ca\u5b66\u751f\u7684\u5b9e\u60e0\u5b9c\u5c45\u4e4b\u9009\u3002\u540c\u65f6\uff0c\u8be5\u5730\u533a\u7684\u53d1\u5c55\u6f5c\u529b\u4e5f\u4f7f\u5176\u6210\u4e3a\u957f\u671f\u6295\u8d44\u8005\u5173\u6ce8\u7684\u70ed\u70b9\u3002<\/p>","protected":false},"excerpt":{"rendered":"<p>\ud83c\udfe2 Lefke Sat\u0131l\u0131k Daire \u0130lanlar\u0131 Lefke\u2019de sat\u0131l\u0131k daire se\u00e7enekleri, uygun fiyatlar\u0131 ve do\u011fayla i\u00e7 i\u00e7e konumlar\u0131 sayesinde hem ya\u015famak hem de yat\u0131r\u0131m yapmak isteyenler i\u00e7in cazip f\u0131rsatlar sunar. Sakin ya\u015fam tarz\u0131n\u0131 benimseyenler, \u00f6\u011frenciler ve k\u00fc\u00e7\u00fck aileler i\u00e7in Lefke\u2019deki daireler ideal \u00e7\u00f6z\u00fcmler sunmaktad\u0131r. Lefke\u2019de Daire Alman\u0131n Avantajlar\u0131 Lefke, \u015fehir karma\u015fas\u0131ndan uzak, do\u011fayla bar\u0131\u015f\u0131k bir ya\u015fam isteyenler [&hellip;]<\/p>","protected":false},"author":1,"featured_media":0,"parent":0,"menu_order":0,"comment_status":"closed","ping_status":"closed","template":"template\/template-listing-grid-v5-fullwidth-3cols.php","meta":{"footnotes":""},"class_list":["post-161796","page","type-page","status-publish","hentry"],"_links":{"self":[{"href":"https:\/\/turkkocan.com\/zh\/wp-json\/wp\/v2\/pages\/161796","targetHints":{"allow":["GET"]}}],"collection":[{"href":"https:\/\/turkkocan.com\/zh\/wp-json\/wp\/v2\/pages"}],"about":[{"href":"https:\/\/turkkocan.com\/zh\/wp-json\/wp\/v2\/types\/page"}],"author":[{"embeddable":true,"href":"https:\/\/turkkocan.com\/zh\/wp-json\/wp\/v2\/users\/1"}],"replies":[{"embeddable":true,"href":"https:\/\/turkkocan.com\/zh\/wp-json\/wp\/v2\/comments?post=161796"}],"version-history":[{"count":0,"href":"https:\/\/turkkocan.com\/zh\/wp-json\/wp\/v2\/pages\/161796\/revisions"}],"wp:attachment":[{"href":"https:\/\/turkkocan.com\/zh\/wp-json\/wp\/v2\/media?parent=161796"}],"curies":[{"name":"wp","href":"https:\/\/api.w.org\/{rel}","templated":true}]}}