{"id":161775,"date":"2025-06-13T10:26:10","date_gmt":"2025-06-13T10:26:10","guid":{"rendered":"https:\/\/turkkocan.com\/?page_id=161775"},"modified":"2025-06-17T08:32:10","modified_gmt":"2025-06-17T08:32:10","slug":"famajiasi-mai-fang-dandu-zhu-zhai","status":"publish","type":"page","link":"https:\/\/turkkocan.com\/zh\/famajiasi-mai-fang-dandu-zhu-zhai\/","title":{"rendered":"\u6cd5\u9a6c\u53e4\u65af\u5854\u5f85\u552e\u4f4f\u5b85"},"content":{"rendered":"<h2 style=\"font-size: 20px;\">\ud83c\udfe1 \u52a0\u6d4e\u9a6c\u53e4\u8428\u5f85\u552e\u72ec\u680b\u4f4f\u5b85\u4fe1\u606f \u2013 \u6d4f\u89c8\u5168\u90e8\u623f\u6e90<\/h2>\n<p style=\"font-size: 16px;\">\u52a0\u6d4e\u9a6c\u53e4\u8428\u5f85\u552e\u72ec\u680b\u4f4f\u5b85\u4ee5\u72ec\u7acb\u7a7a\u95f4\u3001\u82b1\u56ed\u4f7f\u7528\u6743\u548c\u5bbd\u655e\u9762\u79ef\uff0c\u6210\u4e3a\u5bb6\u5ead\u4e0e\u6295\u8d44\u8005\u7684\u7406\u60f3\u9009\u62e9\u3002\u8ba9\u4f60\u8d34\u8fd1\u81ea\u7136\u5374\u4e0d\u8fdc\u79bb\u57ce\u5e02\u751f\u6d3b\u3002<\/p>\n\n<h3 style=\"font-size: 18px;\">\u8d2d\u4e70\u72ec\u680b\u4f4f\u5b85\u7684\u4f18\u52bf<\/h3>\n<p style=\"font-size: 16px;\">\u72ec\u680b\u4f4f\u5b85\u63d0\u4f9b\u4e2a\u4eba\u7a7a\u95f4\u3001\u5b89\u9759\u73af\u5883\u3001\u4e13\u5c5e\u505c\u8f66\u4f4d\u53ca\u5bbd\u655e\u82b1\u56ed\u7b49\u4f18\u52bf\u3002\u65e0\u8bba\u662f\u4f5c\u4e3a\u5e38\u4f4f\u623f\u8fd8\u662f\u5ea6\u5047\u7528\u9014\uff0c\u90fd\u80fd\u5e26\u6765\u8212\u9002\u800c\u81ea\u7531\u7684\u751f\u6d3b\u65b9\u5f0f\u3002<\/p>\n\n<h3 style=\"font-size: 18px;\">\u5728\u52a0\u6d4e\u9a6c\u53e4\u8428\u6295\u8d44\u72ec\u680b\u4f4f\u5b85<\/h3>\n<p style=\"font-size: 16px;\">\u52a0\u6d4e\u9a6c\u53e4\u8428\u56e0\u5176\u9760\u8fd1\u5e02\u4e2d\u5fc3\u4e14\u5468\u8fb9\u793e\u533a\u4e0d\u65ad\u53d1\u5c55\uff0c\u4e3a\u6295\u8d44\u72ec\u680b\u4f4f\u5b85\u63d0\u4f9b\u4e86\u8bf1\u4eba\u673a\u4f1a\u3002\u9ad8\u79df\u91d1\u56de\u62a5\u4e0e\u957f\u671f\u589e\u503c\u6f5c\u529b\uff0c\u4f7f\u8fd9\u7c7b\u623f\u4ea7\u6210\u4e3a\u5f3a\u52b2\u7684\u6295\u8d44\u9009\u62e9\u3002<\/p>","protected":false},"excerpt":{"rendered":"<p>\ud83c\udfe1 Gazima\u011fusa Sat\u0131l\u0131k M\u00fcstakil Ev \u0130lanlar\u0131 Gazima\u011fusa\u2019da sat\u0131l\u0131k m\u00fcstakil evler, ba\u011f\u0131ms\u0131z ya\u015fam alan\u0131, bah\u00e7e kullan\u0131m avantaj\u0131 ve geni\u015f metrekare sunan yap\u0131s\u0131yla aileler ve yat\u0131r\u0131mc\u0131lar i\u00e7in ideal konut tiplerinden biridir. \u015eehirden \u00e7ok uzakla\u015fmadan do\u011fayla i\u00e7 i\u00e7e bir ya\u015fam sunar. M\u00fcstakil Ev Alman\u0131n Avantajlar\u0131 M\u00fcstakil evler; ki\u015fisel alan, sessizlik, otopark ve geni\u015f bah\u00e7e gibi avantajlar sunar. \u0130ster [&hellip;]<\/p>","protected":false},"author":1,"featured_media":0,"parent":0,"menu_order":0,"comment_status":"closed","ping_status":"closed","template":"template\/template-listing-grid-v5-fullwidth-3cols.php","meta":{"footnotes":""},"class_list":["post-161775","page","type-page","status-publish","hentry"],"_links":{"self":[{"href":"https:\/\/turkkocan.com\/zh\/wp-json\/wp\/v2\/pages\/161775","targetHints":{"allow":["GET"]}}],"collection":[{"href":"https:\/\/turkkocan.com\/zh\/wp-json\/wp\/v2\/pages"}],"about":[{"href":"https:\/\/turkkocan.com\/zh\/wp-json\/wp\/v2\/types\/page"}],"author":[{"embeddable":true,"href":"https:\/\/turkkocan.com\/zh\/wp-json\/wp\/v2\/users\/1"}],"replies":[{"embeddable":true,"href":"https:\/\/turkkocan.com\/zh\/wp-json\/wp\/v2\/comments?post=161775"}],"version-history":[{"count":0,"href":"https:\/\/turkkocan.com\/zh\/wp-json\/wp\/v2\/pages\/161775\/revisions"}],"wp:attachment":[{"href":"https:\/\/turkkocan.com\/zh\/wp-json\/wp\/v2\/media?parent=161775"}],"curies":[{"name":"wp","href":"https:\/\/api.w.org\/{rel}","templated":true}]}}