{"id":161771,"date":"2025-06-13T10:24:15","date_gmt":"2025-06-13T10:24:15","guid":{"rendered":"https:\/\/turkkocan.com\/?page_id=161771"},"modified":"2025-06-29T00:00:01","modified_gmt":"2025-06-29T00:00:01","slug":"famajiasi-mai-fang-chanyeh","status":"publish","type":"page","link":"https:\/\/turkkocan.com\/zh\/famajiasi-mai-fang-chanyeh\/","title":{"rendered":"\u6cd5\u9a6c\u53e4\u65af\u5854\u5f85\u552e\u623f\u4ea7"},"content":{"rendered":"<h2 style=\"font-size: 20px;\">\ud83c\udfd8\ufe0f \u52a0\u6d4e\u9a6c\u53e4\u8428\u5f85\u552e\u623f\u4ea7 \u2013 \u516c\u5bd3\u3001\u522b\u5885\u3001\u571f\u5730\u53ca\u66f4\u591a<\/h2>\n<p style=\"font-size: 16px;\">\u52a0\u6d4e\u9a6c\u53e4\u8428\u662f\u5317\u585e\u6d66\u8def\u65af\u517c\u5177\u5386\u53f2\u4e0e\u73b0\u4ee3\u7279\u8272\u7684\u91cd\u8981\u5b9a\u5c45\u5730\u3002\u8be5\u5e02\u5728\u552e\u623f\u6e90\u6db5\u76d6\u516c\u5bd3\u3001\u522b\u5885\u3001\u571f\u5730\u4e0e\u5546\u4e1a\u5730\u4ea7\uff0c\u517c\u5177\u5c45\u4f4f\u4e0e\u6295\u8d44\u6f5c\u529b\u3002<\/p>\n\n<h3 style=\"font-size: 18px;\">\u5728\u52a0\u6d4e\u9a6c\u53e4\u8428\u8d2d\u7f6e\u623f\u4ea7\u7684\u4f18\u52bf<\/h3>\n<p style=\"font-size: 16px;\">\u52a0\u6d4e\u9a6c\u53e4\u8428\u56e0\u5176\u5927\u5b66\u3001\u6e2f\u53e3\u3001\u65c5\u6e38\u533a\u548c\u5546\u4e1a\u57fa\u7840\u8bbe\u65bd\uff0c\u4e3a\u6295\u8d44\u8005\u63d0\u4f9b\u79df\u91d1\u6536\u76ca\u4e0e\u8d44\u4ea7\u589e\u503c\u7684\u4f18\u52bf\u3002\u968f\u7740\u5927\u578b\u4f4f\u5b85\u9879\u76ee\u3001\u65b0\u4f4f\u5b85\u533a\u548c\u4e34\u6d77\u5730\u6bb5\u7684\u4e0d\u65ad\u5f00\u53d1\uff0c\u5f53\u5730\u623f\u4ea7\u4ef7\u503c\u6301\u7eed\u4e0a\u5347\u3002<\/p>\n\n<h3 style=\"font-size: 18px;\">\u8fd9\u4e2a\u5730\u533a\u9002\u5408\u54ea\u4e9b\u4eba\uff1f<\/h3>\n<p style=\"font-size: 16px;\">\u5728\u52a0\u6d4e\u9a6c\u53e4\u8428\u5f85\u552e\u7684\u623f\u4ea7\u975e\u5e38\u9002\u5408\u5e0c\u671b\u51fa\u79df\u7ed9\u5b66\u751f\u7684\u6295\u8d44\u8005\u3001\u8ffd\u6c42\u6d77\u8fb9\u751f\u6d3b\u7684\u4eba\u58eb\u6216\u60f3\u521b\u4e1a\u7684\u4f01\u4e1a\u5bb6\u3002\u53ef\u6ee1\u8db3\u5404\u79cd\u9884\u7b97\u548c\u9700\u6c42\u3002<\/p>","protected":false},"excerpt":{"rendered":"<p>\ud83c\udfd8\ufe0f Gazima\u011fusa Sat\u0131l\u0131k Emlak, Daire, Villa, Arsa ve Fazlas\u0131 Gazima\u011fusa, Kuzey K\u0131br\u0131s\u2019\u0131n hem tarihi hem de modern y\u00fcz\u00fcn\u00fc bir arada sunan \u00f6nemli yerle\u015fim merkezlerinden biridir. Sat\u0131l\u0131k emlak kategorisinde daire, villa, arsa ve ticari gayrimenkul gibi farkl\u0131 se\u00e7eneklerle geni\u015f bir portf\u00f6y sunan \u015fehir, hem ya\u015fam hem yat\u0131r\u0131m i\u00e7in g\u00fc\u00e7l\u00fc potansiyel ta\u015f\u0131r. Gazima\u011fusa\u2019da Emlak Alman\u0131n Avantajlar\u0131 Gazima\u011fusa; [&hellip;]<\/p>","protected":false},"author":1,"featured_media":0,"parent":0,"menu_order":0,"comment_status":"closed","ping_status":"closed","template":"template\/template-listing-grid-v5-fullwidth-3cols.php","meta":{"footnotes":""},"class_list":["post-161771","page","type-page","status-publish","hentry"],"_links":{"self":[{"href":"https:\/\/turkkocan.com\/zh\/wp-json\/wp\/v2\/pages\/161771","targetHints":{"allow":["GET"]}}],"collection":[{"href":"https:\/\/turkkocan.com\/zh\/wp-json\/wp\/v2\/pages"}],"about":[{"href":"https:\/\/turkkocan.com\/zh\/wp-json\/wp\/v2\/types\/page"}],"author":[{"embeddable":true,"href":"https:\/\/turkkocan.com\/zh\/wp-json\/wp\/v2\/users\/1"}],"replies":[{"embeddable":true,"href":"https:\/\/turkkocan.com\/zh\/wp-json\/wp\/v2\/comments?post=161771"}],"version-history":[{"count":0,"href":"https:\/\/turkkocan.com\/zh\/wp-json\/wp\/v2\/pages\/161771\/revisions"}],"wp:attachment":[{"href":"https:\/\/turkkocan.com\/zh\/wp-json\/wp\/v2\/media?parent=161771"}],"curies":[{"name":"wp","href":"https:\/\/api.w.org\/{rel}","templated":true}]}}