{"id":161769,"date":"2025-06-13T10:22:28","date_gmt":"2025-06-13T10:22:28","guid":{"rendered":"https:\/\/turkkocan.com\/?page_id=161769"},"modified":"2025-06-17T08:28:49","modified_gmt":"2025-06-17T08:28:49","slug":"famajiasi-mai-fang-gongyu","status":"publish","type":"page","link":"https:\/\/turkkocan.com\/zh\/famajiasi-mai-fang-gongyu\/","title":{"rendered":"\u6cd5\u9a6c\u53e4\u65af\u5854\u5f85\u552e\u516c\u5bd3"},"content":{"rendered":"<h2 style=\"font-size: 20px;\">\ud83c\udfe2 \u52a0\u6d4e\u9a6c\u53e4\u8428\u5f85\u552e\u516c\u5bd3\u4fe1\u606f \u2013 \u6d4f\u89c8\u5168\u90e8\u623f\u6e90<\/h2>\n<p style=\"font-size: 16px;\">\u52a0\u6d4e\u9a6c\u53e4\u8428\u662f\u5317\u585e\u6d66\u8def\u65af\u6700\u6d3b\u8dc3\u7684\u57ce\u5e02\u4e4b\u4e00\uff0c\u9002\u5408\u6295\u8d44\u516c\u5bd3\u7684\u4e70\u5bb6\u3002\u9760\u8fd1\u5927\u5b66\u3001\u6d77\u6ee8\u548c\u5e02\u4e2d\u5fc3\u7684\u516c\u5bd3\uff0c\u975e\u5e38\u9002\u5408\u81ea\u4f4f\u6216\u51fa\u79df\u3002<\/p>\n\n<h3 style=\"font-size: 18px;\">\u5728\u52a0\u6d4e\u9a6c\u53e4\u8428\u8d2d\u4e70\u516c\u5bd3\u7684\u4f18\u52bf<\/h3>\n<p style=\"font-size: 16px;\">\u52a0\u6d4e\u9a6c\u53e4\u8428\u7684\u516c\u5bd3\u4ef7\u683c\u4ecd\u5904\u4e8e\u5408\u7406\u6c34\u5e73\uff0c\u7279\u522b\u9002\u5408\u9996\u6b21\u6295\u8d44\u8005\u3002\u51ed\u501f\u9ad8\u79df\u91d1\u56de\u62a5\u3001\u5e9e\u5927\u5b66\u751f\u7fa4\u4f53\u53ca\u65c5\u6e38\u4e1a\u5e26\u52a8\uff0c\u8d2d\u5165\u516c\u5bd3\u53ef\u5feb\u901f\u56de\u672c\u3002<\/p>\n\n<h3 style=\"font-size: 18px;\">\u8fd9\u4e2a\u9009\u9879\u9002\u5408\u54ea\u4e9b\u4eba\uff1f<\/h3>\n<p style=\"font-size: 16px;\">\u5728\u52a0\u6d4e\u9a6c\u53e4\u8428\u51fa\u552e\u7684\u516c\u5bd3\u9002\u5408\u5e0c\u671b\u51fa\u79df\u7ed9\u5b66\u751f\u7684\u6295\u8d44\u8005\u3001\u60f3\u4f4f\u5728\u5e02\u4e2d\u5fc3\u7684\u5c45\u6c11\u4ee5\u53ca\u5bfb\u627e\u5ea6\u5047\u4f4f\u5b85\u7684\u4eba\u58eb\u3002\u914d\u6709\u5b89\u4fdd\u3001\u505c\u8f66\u573a\u548c\u7535\u68af\u7684\u4f4f\u5b85\u5927\u697c\u5e26\u6765\u8212\u9002\u7684\u5c45\u4f4f\u4f53\u9a8c\u3002<\/p>","protected":false},"excerpt":{"rendered":"<p>\ud83c\udfe2 Gazima\u011fusa Sat\u0131l\u0131k Daire \u0130lanlar\u0131 Gazima\u011fusa, Kuzey K\u0131br\u0131s\u2019\u0131n en hareketli \u015fehirlerinden biri olarak daire yat\u0131r\u0131m\u0131 yapmak isteyenler i\u00e7in geni\u015f se\u00e7enekler sunar. \u00dcniversitelere, sahile ve \u015fehir merkezine yak\u0131n konumda yer alan daireler; hem ikamet hem de kiralama i\u00e7in idealdir. Gazima\u011fusa\u2019da Daire Alman\u0131n Avantajlar\u0131 Daire fiyatlar\u0131n\u0131n h\u00e2l\u00e2 uygun seviyelerde olmas\u0131, \u00f6zellikle ilk kez yat\u0131r\u0131m yapacaklar i\u00e7in Gazima\u011fusa\u2019y\u0131 [&hellip;]<\/p>","protected":false},"author":1,"featured_media":0,"parent":0,"menu_order":0,"comment_status":"closed","ping_status":"closed","template":"template\/template-listing-grid-v5-fullwidth-3cols.php","meta":{"footnotes":""},"class_list":["post-161769","page","type-page","status-publish","hentry"],"_links":{"self":[{"href":"https:\/\/turkkocan.com\/zh\/wp-json\/wp\/v2\/pages\/161769","targetHints":{"allow":["GET"]}}],"collection":[{"href":"https:\/\/turkkocan.com\/zh\/wp-json\/wp\/v2\/pages"}],"about":[{"href":"https:\/\/turkkocan.com\/zh\/wp-json\/wp\/v2\/types\/page"}],"author":[{"embeddable":true,"href":"https:\/\/turkkocan.com\/zh\/wp-json\/wp\/v2\/users\/1"}],"replies":[{"embeddable":true,"href":"https:\/\/turkkocan.com\/zh\/wp-json\/wp\/v2\/comments?post=161769"}],"version-history":[{"count":0,"href":"https:\/\/turkkocan.com\/zh\/wp-json\/wp\/v2\/pages\/161769\/revisions"}],"wp:attachment":[{"href":"https:\/\/turkkocan.com\/zh\/wp-json\/wp\/v2\/media?parent=161769"}],"curies":[{"name":"wp","href":"https:\/\/api.w.org\/{rel}","templated":true}]}}