{"id":161767,"date":"2025-06-13T10:19:30","date_gmt":"2025-06-13T10:19:30","guid":{"rendered":"https:\/\/turkkocan.com\/?page_id=161767"},"modified":"2025-06-17T08:37:32","modified_gmt":"2025-06-17T08:37:32","slug":"famajiasi-tao-fang-bieshu","status":"publish","type":"page","link":"https:\/\/turkkocan.com\/zh\/famajiasi-tao-fang-bieshu\/","title":{"rendered":"\u6cd5\u9a6c\u53e4\u65af\u5854\u5f85\u552e\u5e73\u623f"},"content":{"rendered":"<h2 style=\"font-size: 20px;\">\ud83c\udfe1 \u52a0\u6d4e\u9a6c\u53e4\u8428\u5f85\u552e\u5e73\u623f\u4f4f\u5b85<\/h2>\n<p style=\"font-size: 16px;\">\u52a0\u6d4e\u9a6c\u53e4\u8428\u5f85\u552e\u7684\u5e73\u623f\u975e\u5e38\u9002\u5408\u8ffd\u6c42\u7b80\u7ea6\u4e0e\u8212\u9002\u751f\u6d3b\u65b9\u5f0f\u7684\u4eba\u7fa4\u3002\u8fd9\u4e9b\u5355\u5c42\u4f4f\u5b85\u914d\u6709\u5bbd\u655e\u82b1\u56ed\u548c\u5b9e\u7528\u5e03\u5c40\uff0c\u65e2\u9002\u5408\u5e38\u4f4f\u4e5f\u9002\u5408\u4f5c\u4e3a\u5ea6\u5047\u5c4b\u3002<\/p>\n\n<h3 style=\"font-size: 18px;\">\u8d2d\u4e70\u5e73\u623f\u7684\u4f18\u52bf<\/h3>\n<p style=\"font-size: 16px;\">\u5e73\u623f\u5177\u5907\u65e0\u53f0\u9636\u8bbe\u8ba1\u3001\u79c1\u5bb6\u82b1\u56ed\u548c\u8d34\u8fd1\u81ea\u7136\u7684\u5efa\u7b51\u98ce\u683c\uff0c\u975e\u5e38\u9002\u5408\u8001\u5e74\u4eba\u3001\u6709\u5b69\u5b50\u7684\u5bb6\u5ead\u4ee5\u53ca\u8ffd\u6c42\u6781\u7b80\u751f\u6d3b\u8005\u3002\u4f4e\u7ef4\u62a4\u6210\u672c\u4e0e\u9ad8\u79df\u8d41\u6f5c\u529b\u4e5f\u4f7f\u5176\u6210\u4e3a\u7406\u60f3\u7684\u6295\u8d44\u9009\u62e9\u3002<\/p>\n\n<h3 style=\"font-size: 18px;\">\u5728\u52a0\u6d4e\u9a6c\u53e4\u8428\u6295\u8d44\u5e73\u623f<\/h3>\n<p style=\"font-size: 16px;\">\u52a0\u6d4e\u9a6c\u53e4\u8428\u7684\u6d77\u6ee8\u533a\u57df\u548c\u5b89\u9759\u4f4f\u5b85\u533a\u975e\u5e38\u9002\u5408\u5e73\u623f\u5f0f\u4f4f\u5b85\u3002\u5728\u9f13\u52b1\u4f4e\u5c42\u5efa\u7b51\u7684\u533a\u57df\uff0c\u8fd9\u7c7b\u623f\u4ea7\u65e0\u8bba\u662f\u5c45\u4f4f\u54c1\u8d28\u8fd8\u662f\u6295\u8d44\u4ef7\u503c\u90fd\u6781\u5177\u4f18\u52bf\u3002<\/p>","protected":false},"excerpt":{"rendered":"<p>\ud83c\udfe1 Gazima\u011fusa Sat\u0131l\u0131k Bungalow Evler Gazima\u011fusa\u2019da sat\u0131l\u0131k bungalow evler, sade ve konforlu ya\u015fam tarz\u0131n\u0131 benimseyenler i\u00e7in ideal se\u00e7enekler aras\u0131nda yer al\u0131r. Tek katl\u0131 yap\u0131s\u0131, geni\u015f bah\u00e7esi ve kullan\u0131\u015fl\u0131 i\u00e7 plan\u0131yla bu evler, hem kal\u0131c\u0131 ya\u015fam hem de yazl\u0131k konut ihtiyac\u0131na hitap eder. Bungalow Ev Alman\u0131n Avantajlar\u0131 Merdivensiz ya\u015fam alan\u0131, \u00f6zel bah\u00e7e kullan\u0131m\u0131 ve do\u011faya yak\u0131n [&hellip;]<\/p>","protected":false},"author":1,"featured_media":0,"parent":0,"menu_order":0,"comment_status":"closed","ping_status":"closed","template":"template\/template-listing-grid-v5-fullwidth-3cols.php","meta":{"footnotes":""},"class_list":["post-161767","page","type-page","status-publish","hentry"],"_links":{"self":[{"href":"https:\/\/turkkocan.com\/zh\/wp-json\/wp\/v2\/pages\/161767","targetHints":{"allow":["GET"]}}],"collection":[{"href":"https:\/\/turkkocan.com\/zh\/wp-json\/wp\/v2\/pages"}],"about":[{"href":"https:\/\/turkkocan.com\/zh\/wp-json\/wp\/v2\/types\/page"}],"author":[{"embeddable":true,"href":"https:\/\/turkkocan.com\/zh\/wp-json\/wp\/v2\/users\/1"}],"replies":[{"embeddable":true,"href":"https:\/\/turkkocan.com\/zh\/wp-json\/wp\/v2\/comments?post=161767"}],"version-history":[{"count":0,"href":"https:\/\/turkkocan.com\/zh\/wp-json\/wp\/v2\/pages\/161767\/revisions"}],"wp:attachment":[{"href":"https:\/\/turkkocan.com\/zh\/wp-json\/wp\/v2\/media?parent=161767"}],"curies":[{"name":"wp","href":"https:\/\/api.w.org\/{rel}","templated":true}]}}