{"id":160626,"date":"2025-06-13T10:18:18","date_gmt":"2025-06-13T10:18:18","guid":{"rendered":"https:\/\/turkkocan.com\/?page_id=160626"},"modified":"2025-06-17T08:42:48","modified_gmt":"2025-06-17T08:42:48","slug":"gazimagusa-chushou-tudi","status":"publish","type":"page","link":"https:\/\/turkkocan.com\/zh\/gazimagusa-chushou-tudi\/","title":{"rendered":"\u6cd5\u9a6c\u53e4\u65af\u5854\u5f85\u552e\u571f\u5730"},"content":{"rendered":"<h2 style=\"font-size: 20px;\">\ud83c\udf3f \u52a0\u6d4e\u9a6c\u53e4\u8428\u5f85\u552e\u571f\u5730 \u2013 \u67e5\u770b\u5168\u90e8\u623f\u6e90<\/h2>\n<p style=\"font-size: 16px;\">\u52a0\u6d4e\u9a6c\u53e4\u8428\u5f85\u552e\u571f\u5730\u9002\u7528\u4e8e\u4f4f\u5b85\u4e0e\u5546\u4e1a\u9879\u76ee\uff0c\u5177\u5907\u9ad8\u5ea6\u6295\u8d44\u6f5c\u529b\u3002\u53d1\u5c55\u4e2d\u533a\u57df\u3001\u9760\u8fd1\u6d77\u5cb8\u4ee5\u53ca\u4fbf\u6377\u7684\u57ce\u5e02\u901a\u8fbe\u6027\uff0c\u4f7f\u5f97\u571f\u5730\u6295\u8d44\u6781\u5177\u5438\u5f15\u529b\u3002\u5df2\u89c4\u5212\u7528\u5730\u8ba9\u5efa\u7b51\u8bb8\u53ef\u4e0e\u65bd\u5de5\u6d41\u7a0b\u66f4\u5b89\u5168\u3001\u8fc5\u901f\u3002<\/p>\n\n<h3 style=\"font-size: 18px;\">\u5728\u52a0\u6d4e\u9a6c\u53e4\u8428\u8d2d\u5730\u7684\u4f18\u52bf<\/h3>\n<p style=\"font-size: 16px;\">\u571f\u5730\u6295\u8d44\u662f\u4e00\u79cd\u957f\u671f\u56de\u62a5\u9ad8\u3001\u7ef4\u62a4\u6210\u672c\u4f4e\u7684\u623f\u5730\u4ea7\u5f62\u5f0f\u3002\u52a0\u6d4e\u9a6c\u53e4\u8428\u4eba\u53e3\u6301\u7eed\u589e\u957f\uff0c\u5e26\u52a8\u4f4f\u623f\u9700\u6c42\u53ca\u5730\u4ef7\u4e0a\u5347\u3002\u9009\u62e9\u5408\u9002\u5730\u6bb5\u7684\u5730\u5757\uff0c\u77ed\u65f6\u95f4\u5185\u5373\u53ef\u589e\u503c\u3002<\/p>\n\n<h3 style=\"font-size: 18px;\">\u9002\u5408\u54ea\u4e9b\u4eba\u7fa4\uff1f<\/h3>\n<p style=\"font-size: 16px;\">\u52a0\u6d4e\u9a6c\u53e4\u8428\u7684\u571f\u5730\u9002\u5408\u591a\u6837\u5316\u7684\u6295\u8d44\u8005\u7fa4\u4f53\uff0c\u4ece\u5e0c\u671b\u81ea\u5efa\u4f4f\u623f\u7684\u4e2a\u4eba\u5230\u627f\u5305\u5546\u53ca\u9879\u76ee\u5f00\u53d1\u5546\u3002\u6b64\u5916\uff0c\u5bf9\u4e8e\u5173\u6ce8\u672a\u6765\u8d44\u4ea7\u914d\u7f6e\u7684\u6295\u8d44\u8005\u800c\u8a00\uff0c\u8fd9\u91cc\u4e5f\u662f\u96be\u5f97\u7684\u673a\u9047\u3002<\/p>","protected":false},"excerpt":{"rendered":"<p>\ud83c\udf3f Gazima\u011fusa Sat\u0131l\u0131k Arsa \u0130lanlar\u0131 Gazima\u011fusa\u2019da sat\u0131l\u0131k arsalar, hem konut hem de ticari projeler i\u00e7in yat\u0131r\u0131m potansiyeli y\u00fcksek se\u00e7enekler sunar. Geli\u015fen b\u00f6lgeler, sahile yak\u0131n konumlar ve \u015fehir merkezine kolay ula\u015f\u0131m imkan\u0131, arsa yat\u0131r\u0131mlar\u0131n\u0131 cazip h\u00e2le getirir. \u0130marl\u0131 arsalar sayesinde yap\u0131 ruhsat\u0131 ve in\u015faat s\u00fcreci daha g\u00fcvenli ve h\u0131zl\u0131 ilerler. Gazima\u011fusa\u2019da Arsa Alman\u0131n Avantajlar\u0131 Arsa yat\u0131r\u0131m\u0131, [&hellip;]<\/p>","protected":false},"author":1,"featured_media":0,"parent":0,"menu_order":0,"comment_status":"closed","ping_status":"closed","template":"template\/template-listing-grid-v5-fullwidth-3cols.php","meta":{"footnotes":""},"class_list":["post-160626","page","type-page","status-publish","hentry"],"_links":{"self":[{"href":"https:\/\/turkkocan.com\/zh\/wp-json\/wp\/v2\/pages\/160626","targetHints":{"allow":["GET"]}}],"collection":[{"href":"https:\/\/turkkocan.com\/zh\/wp-json\/wp\/v2\/pages"}],"about":[{"href":"https:\/\/turkkocan.com\/zh\/wp-json\/wp\/v2\/types\/page"}],"author":[{"embeddable":true,"href":"https:\/\/turkkocan.com\/zh\/wp-json\/wp\/v2\/users\/1"}],"replies":[{"embeddable":true,"href":"https:\/\/turkkocan.com\/zh\/wp-json\/wp\/v2\/comments?post=160626"}],"version-history":[{"count":0,"href":"https:\/\/turkkocan.com\/zh\/wp-json\/wp\/v2\/pages\/160626\/revisions"}],"wp:attachment":[{"href":"https:\/\/turkkocan.com\/zh\/wp-json\/wp\/v2\/media?parent=160626"}],"curies":[{"name":"wp","href":"https:\/\/api.w.org\/{rel}","templated":true}]}}