{"id":148999,"date":"2025-06-13T04:07:19","date_gmt":"2025-06-13T04:07:19","guid":{"rendered":"https:\/\/turkkocan.com\/?page_id=148999"},"modified":"2025-06-17T08:20:06","modified_gmt":"2025-06-17T08:20:06","slug":"yisikela-mai-fang-xiao-wu","status":"publish","type":"page","link":"https:\/\/turkkocan.com\/zh\/yisikela-mai-fang-xiao-wu\/","title":{"rendered":"\u4f0a\u65af\u51ef\u83b1\u5f85\u552e\u5fae\u578b\u4f4f\u5b85"},"content":{"rendered":"<h2 style=\"font-size: 20px;\">\u4f0a\u65af\u51ef\u83b1\u5f85\u552e\u8ff7\u4f60\u5c4b \u2013 \u6d4f\u89c8\u5168\u90e8\u623f\u6e90<\/h2>\n<p style=\"font-size: 16px;\">\u4f0a\u65af\u51ef\u83b1\u7684\u8ff7\u4f60\u5c4b\u56e0\u5176\u5951\u5408\u6781\u7b80\u4e0e\u81ea\u7136\u5171\u751f\u7684\u751f\u6d3b\u7406\u5ff5\u800c\u8d8a\u6765\u8d8a\u53d7\u6b22\u8fce\u3002\u8fd9\u4e9b\u5360\u5730\u5c0f\u4f46\u529f\u80fd\u9f50\u5168\u7684\u4f4f\u5b85\uff0c\u975e\u5e38\u9002\u5408\u8ffd\u6c42\u53ef\u6301\u7eed\u3001\u7b80\u7ea6\u4e0e\u7ecf\u6d4e\u751f\u6d3b\u65b9\u5f0f\u7684\u4eba\u7fa4\u3002<\/p>\n\n<h3 style=\"font-size: 18px;\">\u4e3a\u4ec0\u4e48\u8ff7\u4f60\u5c4b\u53d7\u5230\u9752\u7750\uff1f<\/h3>\n<p style=\"font-size: 16px;\">\u8ff7\u4f60\u5c4b\u56e0\u5176\u4f4e\u751f\u6d3b\u6210\u672c\u3001\u53ef\u79fb\u52a8\u6027\u4e0e\u81ea\u7136\u878d\u5408\u7684\u7279\u6027\u800c\u5907\u53d7\u9752\u7750\u3002\u975e\u5e38\u9002\u5408\u7528\u4e8e\u5ea6\u5047\u3001\u77ed\u671f\u51fa\u79df\u6216\u6253\u9020\u53e6\u7c7b\u751f\u6d3b\u65b9\u5f0f\u3002\u5efa\u9020\u5468\u671f\u77ed\u3001\u6210\u672c\u4f4e\u4e5f\u662f\u5176\u663e\u8457\u4f18\u52bf\u4e4b\u4e00\u3002<\/p>\n\n<h3 style=\"font-size: 18px;\">\u5728\u4f0a\u65af\u51ef\u83b1\u6295\u8d44\u8ff7\u4f60\u5c4b<\/h3>\n<p style=\"font-size: 16px;\">\u4f0a\u65af\u51ef\u83b1\u9760\u8fd1\u6d77\u5cb8\uff0c\u73af\u5883\u81ea\u7136\uff0c\u975e\u5e38\u9002\u5408\u53d1\u5c55\u8ff7\u4f60\u5c4b\u9879\u76ee\u3002\u8fd9\u7c7b\u4f4f\u5b85\u5efa\u4e8e\u4ef7\u683c\u5408\u7406\u7684\u5730\u5757\u4e0a\uff0c\u901a\u8fc7\u77ed\u671f\u79df\u8d41\u53ef\u4e3a\u6295\u8d44\u8005\u5e26\u6765\u7a33\u5b9a\u6536\u76ca\u3002\u968f\u7740\u6781\u7b80\u751f\u6d3b\u65b9\u5f0f\u65e5\u76ca\u6d41\u884c\uff0c\u6295\u8d44\u8ff7\u4f60\u5c4b\u4e5f\u6b63\u53d7\u5230\u8d8a\u6765\u8d8a\u591a\u5173\u6ce8\u3002<\/p>","protected":false},"excerpt":{"rendered":"<p>\ud83c\udfe1 \u0130skele Sat\u0131l\u0131k Tiny House \u0130lanlar\u0131 \u0130skele\u2019de sat\u0131l\u0131k tiny house se\u00e7enekleri, minimal ya\u015fam anlay\u0131\u015f\u0131n\u0131 benimseyenler ve do\u011fayla uyumlu bir ya\u015fam alan\u0131 arayanlar i\u00e7in pop\u00fcler h\u00e2le gelmi\u015ftir. Az yer kaplayan ama i\u015flevsel alan sunan bu yap\u0131lar; s\u00fcrd\u00fcr\u00fclebilirlik, sade ya\u015fam ve uygun maliyet arayan bireyler i\u00e7in idealdir. Tiny House Neden Tercih Edilir? Tiny house evler, d\u00fc\u015f\u00fck ya\u015fam [&hellip;]<\/p>","protected":false},"author":1,"featured_media":0,"parent":0,"menu_order":0,"comment_status":"closed","ping_status":"closed","template":"template\/template-listing-grid-v5-fullwidth-3cols.php","meta":{"footnotes":""},"class_list":["post-148999","page","type-page","status-publish","hentry"],"_links":{"self":[{"href":"https:\/\/turkkocan.com\/zh\/wp-json\/wp\/v2\/pages\/148999","targetHints":{"allow":["GET"]}}],"collection":[{"href":"https:\/\/turkkocan.com\/zh\/wp-json\/wp\/v2\/pages"}],"about":[{"href":"https:\/\/turkkocan.com\/zh\/wp-json\/wp\/v2\/types\/page"}],"author":[{"embeddable":true,"href":"https:\/\/turkkocan.com\/zh\/wp-json\/wp\/v2\/users\/1"}],"replies":[{"embeddable":true,"href":"https:\/\/turkkocan.com\/zh\/wp-json\/wp\/v2\/comments?post=148999"}],"version-history":[{"count":0,"href":"https:\/\/turkkocan.com\/zh\/wp-json\/wp\/v2\/pages\/148999\/revisions"}],"wp:attachment":[{"href":"https:\/\/turkkocan.com\/zh\/wp-json\/wp\/v2\/media?parent=148999"}],"curies":[{"name":"wp","href":"https:\/\/api.w.org\/{rel}","templated":true}]}}