{"id":148185,"date":"2025-06-13T03:57:03","date_gmt":"2025-06-13T03:57:03","guid":{"rendered":"https:\/\/turkkocan.com\/?page_id=148185"},"modified":"2025-06-28T18:28:17","modified_gmt":"2025-06-28T18:28:17","slug":"jiernei-mai-fang-fang-dichan","status":"publish","type":"page","link":"https:\/\/turkkocan.com\/zh\/jiernei-mai-fang-fang-dichan\/","title":{"rendered":"\u5409\u5c14\u5c3c\u623f\u4ea7"},"content":{"rendered":"<h2 style=\"font-size: 20px;\">\ud83c\udfd8\ufe0f \u5409\u5c14\u5c3c\u5f85\u552e\u623f\u4ea7\u4fe1\u606f<\/h2>\n<p style=\"font-size: 16px;\" class=\"translation-block\">\u5bf9\u4e8e\u8ba1\u5212\u5728\u5409\u5c14\u5c3c\u6295\u8d44\u7684\u4eba\u6765\u8bf4\uff0c\u6709\u591a\u79cd\u623f\u4ea7\u7c7b\u578b\u53ef\u4f9b\u9009\u62e9\uff0c\u5305\u62ec<a href=\"\/zh\/jiernei-mai-fang-gongyu\/\" target=\"_self\">\u4e34\u6d77\u516c\u5bd3<\/a>\u3001<a href=\"\/zh\/jiernei-mai-fang-bieshu\/\" target=\"_self\">\u9ad8\u6863\u793e\u533a\u522b\u5885<\/a>\u3001<a href=\"\/zh\/jiernei-mai-fang-du-li-fang\/\" target=\"_self\">\u81ea\u7136\u73af\u5883\u4e2d\u7684\u5e73\u623f<\/a>\u548c<a href=\"\/zh\/girne-satilik-ofis\/\" target=\"_self\">\u9760\u8fd1\u5e02\u4e2d\u5fc3\u7684\u529e\u516c\u7a7a\u95f4<\/a>\u3002\u6b64\u5916\uff0c<a href=\"\/zh\/jiernei-mai-fang-tu-di\/\" target=\"_self\">\u5f85\u552e\u571f\u5730<\/a>\u3001<a href=\"\/zh\/jiernei-mai-fang-shang-ye-fang-di-chan\/\" target=\"_self\">\u7cbe\u54c1\u9152\u5e97\u9879\u76ee<\/a>\u548c<a href=\"\/zh\/jiernei-mai-fang-shang-ye-fang-di-chan\/\" target=\"_self\">\u5546\u4e1a\u7528\u5730<\/a>\u4e5f\u4e3a\u6295\u8d44\u8005\u63d0\u4f9b\u4e86\u6709\u5438\u5f15\u529b\u7684\u673a\u4f1a\u3002<\/p>\n\n<h3 style=\"font-size: 18px;\">\u5728\u5409\u5c14\u5c3c\u6709\u54ea\u4e9b\u7c7b\u578b\u7684\u623f\u4ea7\u53ef\u4f9b\u51fa\u552e\uff1f<\/h3>\n<p style=\"font-size: 16px;\" class=\"translation-block\">\u5bf9\u4e8e\u6253\u7b97\u5728\u5409\u5c14\u5c3c\u6295\u8d44\u7684\u4eba\u6765\u8bf4\uff0c\u6709\u591a\u79cd\u623f\u4ea7\u7c7b\u578b\u53ef\u4f9b\u9009\u62e9\uff0c\u5305\u62ec<a href=\"\/zh\/jiernei-mai-fang-gongyu\/\" target=\"_self\">\u9760\u8fd1\u6d77\u8fb9\u7684\u5f85\u552e\u516c\u5bd3<\/a>\u3001<a href=\"\/zh\/jiernei-mai-fang-bieshu\/\" target=\"_self\">\u5c0f\u533a\u5185\u7684\u8c6a\u534e\u522b\u5885<\/a>\u3001<a href=\"\/zh\/jiernei-mai-fang-du-li-fang\/\" target=\"_self\">\u4eb2\u8fd1\u81ea\u7136\u7684\u5e73\u623f<\/a>\u548c<a href=\"\/zh\/girne-satilik-ofis\/\" target=\"_self\">\u5e02\u4e2d\u5fc3\u9644\u8fd1\u7684\u529e\u516c\u5ba4<\/a>\u3002\u6b64\u5916\uff0c<a href=\"\/zh\/jiernei-mai-fang-tu-di\/\" target=\"_self\">\u5f85\u552e\u571f\u5730<\/a>\u3001<a href=\"\/zh\/jiernei-mai-fang-shang-ye-fang-di-chan\/\" target=\"_self\">\u7cbe\u54c1\u9152\u5e97\u9879\u76ee<\/a>\u548c<a href=\"\/zh\/jiernei-mai-fang-shang-ye-fang-di-chan\/\" target=\"_self\">\u5546\u4e1a\u7a7a\u95f4<\/a>\u4e5f\u662f\u6295\u8d44\u8005\u5173\u6ce8\u7684\u70ed\u95e8\u673a\u4f1a\u3002<\/p>\n\n<h3 style=\"font-size: 18px;\">\u5728\u5409\u5c14\u5c3c\u6295\u8d44\u623f\u5730\u4ea7\u7684\u4f18\u52bf<\/h3>\n<p style=\"font-size: 16px;\">\u5409\u5c14\u5c3c\u56e0\u5916\u56fd\u6295\u8d44\u8005\u7684\u5173\u6ce8\u4e0d\u65ad\u4e0a\u5347\u3001\u57fa\u7840\u8bbe\u65bd\u9879\u76ee\u6301\u7eed\u63a8\u8fdb\u4ee5\u53ca\u623f\u5730\u4ea7\u5e02\u573a\u4e0d\u65ad\u5347\u503c\uff0c\u5df2\u6210\u4e3a\u5317\u585e\u6d66\u8def\u65af\u6700\u5177\u6295\u8d44\u6f5c\u529b\u7684\u5730\u533a\u4e4b\u4e00\u3002\u8fd9\u91cc\u7684\u623f\u4ea7\u4e0d\u4ec5\u79df\u91d1\u56de\u62a5\u9ad8\uff0c\u8fd8\u5177\u5907\u957f\u671f\u5347\u503c\u6f5c\u529b\u3002\u9760\u8fd1\u6d77\u5cb8\u3001\u4e30\u5bcc\u7684\u793e\u4ea4\u751f\u6d3b\u548c\u65c5\u6e38\u8d44\u6e90\uff0c\u4f7f\u5409\u5c14\u5c3c\u6210\u4e3a\u7406\u60f3\u7684\u5c45\u4f4f\u5730\uff0c\u4e5f\u662f\u4e00\u5904\u5b9e\u73b0\u6536\u76ca\u7684\u660e\u667a\u9009\u62e9\u3002<\/p>","protected":false},"excerpt":{"rendered":"<p>\ud83c\udfd8\ufe0f Girne Sat\u0131l\u0131k Emlak \u0130lanlar\u0131 Girne, Kuzey K\u0131br\u0131s\u2019\u0131n en geli\u015fmi\u015f ve en \u00e7ok tercih edilen \u015fehirlerinden biridir. Do\u011fal g\u00fczellikleri, sahil \u015feridi, turistik potansiyeli ve sosyal ya\u015fam olanaklar\u0131 sayesinde hem ya\u015fam hem de yat\u0131r\u0131m i\u00e7in ideal bir konumdur. Girne sat\u0131l\u0131k emlak piyasas\u0131nda daire, villa, m\u00fcstakil ev, arsa ve ticari gayrimenkuller gibi pek \u00e7ok se\u00e7enek yer almaktad\u0131r. [&hellip;]<\/p>","protected":false},"author":1,"featured_media":0,"parent":0,"menu_order":0,"comment_status":"closed","ping_status":"closed","template":"template\/template-listing-grid-v5-fullwidth-3cols.php","meta":{"footnotes":""},"class_list":["post-148185","page","type-page","status-publish","hentry"],"_links":{"self":[{"href":"https:\/\/turkkocan.com\/zh\/wp-json\/wp\/v2\/pages\/148185","targetHints":{"allow":["GET"]}}],"collection":[{"href":"https:\/\/turkkocan.com\/zh\/wp-json\/wp\/v2\/pages"}],"about":[{"href":"https:\/\/turkkocan.com\/zh\/wp-json\/wp\/v2\/types\/page"}],"author":[{"embeddable":true,"href":"https:\/\/turkkocan.com\/zh\/wp-json\/wp\/v2\/users\/1"}],"replies":[{"embeddable":true,"href":"https:\/\/turkkocan.com\/zh\/wp-json\/wp\/v2\/comments?post=148185"}],"version-history":[{"count":0,"href":"https:\/\/turkkocan.com\/zh\/wp-json\/wp\/v2\/pages\/148185\/revisions"}],"wp:attachment":[{"href":"https:\/\/turkkocan.com\/zh\/wp-json\/wp\/v2\/media?parent=148185"}],"curies":[{"name":"wp","href":"https:\/\/api.w.org\/{rel}","templated":true}]}}