{"id":146031,"date":"2025-06-13T03:26:50","date_gmt":"2025-06-13T03:26:50","guid":{"rendered":"https:\/\/turkkocan.com\/?page_id=146031"},"modified":"2025-06-17T07:24:43","modified_gmt":"2025-06-17T07:24:43","slug":"jiernei-mai-fang-hao-hua-zhuang-yuan","status":"publish","type":"page","link":"https:\/\/turkkocan.com\/zh\/jiernei-mai-fang-hao-hua-zhuang-yuan\/","title":{"rendered":"\u5409\u5c14\u5c3c\u5f85\u552e\u8c6a\u5b85"},"content":{"rendered":"<h2 style=\"font-size: 20px;\">\ud83c\udfdb\ufe0f \u5409\u5c14\u5c3c\u5f85\u552e\u8c6a\u5b85\u4fe1\u606f<\/h2>\n<p style=\"font-size: 16px;\">\u5409\u5c14\u5c3c\u662f\u5317\u585e\u6d66\u8def\u65af\u6700\u5177\u58f0\u671b\u548c\u4eba\u6c14\u7684\u5730\u533a\u4e4b\u4e00\uff0c\u4e3a\u5bfb\u6c42\u8c6a\u534e\u5e84\u56ed\u7684\u6295\u8d44\u8005\u63d0\u4f9b\u4e86\u72ec\u7279\u7684\u673a\u4f1a\u3002\u8fd9\u7c7b\u5e84\u56ed\u901a\u5e38\u5efa\u4e8e\u5927\u9762\u79ef\u5730\u5757\u4e0a\uff0c\u62e5\u6709\u591a\u95f4\u5367\u5ba4\u3001\u79c1\u4eba\u6cf3\u6c60\u3001\u5bbd\u9614\u82b1\u56ed\u548c\u5168\u666f\u89c6\u91ce\u3002\u5728\u751f\u6d3b\u54c1\u8d28\u548c\u6295\u8d44\u4ef7\u503c\u65b9\u9762\u5747\u5c5e\u9ad8\u7aef\u623f\u4ea7\u3002<\/p>\n\n<h3 style=\"font-size: 18px;\">\u9009\u62e9\u5728\u5409\u5c14\u5c3c\u8d2d\u7f6e\u8c6a\u5b85\u7684\u539f\u56e0<\/h3>\n<p style=\"font-size: 16px;\">\u72ec\u680b\u7ed3\u6784\u3001\u72ec\u7279\u5efa\u7b51\u98ce\u683c\u3001\u9ad8\u5ea6\u79c1\u5bc6\u6027\u4e0e\u8212\u9002\u6027\uff0c\u4f7f\u8c6a\u5b85\u5728\u4f17\u591a\u623f\u4ea7\u4e2d\u8131\u9896\u800c\u51fa\u3002\u8fd9\u7c7b\u8c6a\u534e\u4f4f\u5b85\u6df1\u53d7\u5927\u5bb6\u5ead\u3001\u79c1\u4eba\u805a\u4f1a\u4e3b\u529e\u65b9\u3001\u4f01\u4e1a\u4eba\u58eb\u53ca\u65c5\u6e38\u6295\u8d44\u8005\u7684\u9752\u7750\u3002\u540c\u65f6\uff0c\u5409\u5c14\u5c3c\u7684\u81ea\u7136\u7f8e\u666f\u4e0e\u4e30\u5bcc\u7684\u793e\u4ea4\u8d44\u6e90\u4e5f\u8fdb\u4e00\u6b65\u63d0\u5347\u4e86\u8c6a\u5b85\u751f\u6d3b\u7684\u5438\u5f15\u529b\u3002<\/p>\n\n<h3 style=\"font-size: 18px;\">\u5728\u5409\u5c14\u5c3c\u6295\u8d44\u8c6a\u5b85\u7684\u4f18\u52bf<\/h3>\n<p style=\"font-size: 16px;\">\u5728\u5409\u5c14\u5c3c\u6295\u8d44\u8c6a\u5b85\u7531\u4e8e\u4f9b\u4e0d\u5e94\u6c42\u7684\u5e02\u573a\u73af\u5883\u800c\u6301\u7eed\u5347\u503c\uff0c\u662f\u4e00\u79cd\u7a33\u5b9a\u589e\u957f\u7684\u623f\u5730\u4ea7\u9009\u62e9\u3002\u5b83\u4e3a\u6295\u8d44\u8005\u63d0\u4f9b\u5916\u5e01\u6536\u76ca\u3001\u9ad8\u79df\u91d1\u56de\u62a5\u548c\u6295\u8d44\u7ec4\u5408\u591a\u6837\u5316\u7b49\u4f18\u52bf\u3002\u51ed\u501f\u72ec\u7279\u7684\u5efa\u7b51\u98ce\u683c\u3001\u4f18\u8d8a\u7684\u5730\u6bb5\u548c\u5bbd\u655e\u7684\u7528\u5730\uff0c\u8fd9\u4e9b\u8c6a\u5b85\u662f\u5bfb\u6c42\u957f\u671f\u7a33\u5065\u6295\u8d44\u8005\u7684\u7406\u60f3\u4e4b\u9009\u3002<\/p>","protected":false},"excerpt":{"rendered":"<p>\ud83c\udfdb\ufe0f Girne Sat\u0131l\u0131k Malikhane \u0130lanlar\u0131 Girne, Kuzey K\u0131br\u0131s\u2019\u0131n en g\u00f6zde ve prestijli b\u00f6lgelerinden biri olarak l\u00fcks malikane aray\u0131\u015f\u0131nda olan yat\u0131r\u0131mc\u0131lar i\u00e7in e\u015fsiz f\u0131rsatlar sunar. Malikaneler, genellikle b\u00fcy\u00fck arsa i\u00e7erisinde konumlanm\u0131\u015f, \u00e7ok odal\u0131, havuzlu, geni\u015f bah\u00e7eli ve panoramik manzaral\u0131 yap\u0131lard\u0131r. Hem ya\u015fam kalitesi hem de yat\u0131r\u0131m de\u011feri a\u00e7\u0131s\u0131ndan \u00fcst segment gayrimenkuller aras\u0131nda yer al\u0131r. Girne\u2019de Malikhane [&hellip;]<\/p>","protected":false},"author":1,"featured_media":0,"parent":0,"menu_order":0,"comment_status":"closed","ping_status":"closed","template":"template\/template-listing-grid-v5-fullwidth-3cols.php","meta":{"footnotes":""},"class_list":["post-146031","page","type-page","status-publish","hentry"],"_links":{"self":[{"href":"https:\/\/turkkocan.com\/zh\/wp-json\/wp\/v2\/pages\/146031","targetHints":{"allow":["GET"]}}],"collection":[{"href":"https:\/\/turkkocan.com\/zh\/wp-json\/wp\/v2\/pages"}],"about":[{"href":"https:\/\/turkkocan.com\/zh\/wp-json\/wp\/v2\/types\/page"}],"author":[{"embeddable":true,"href":"https:\/\/turkkocan.com\/zh\/wp-json\/wp\/v2\/users\/1"}],"replies":[{"embeddable":true,"href":"https:\/\/turkkocan.com\/zh\/wp-json\/wp\/v2\/comments?post=146031"}],"version-history":[{"count":0,"href":"https:\/\/turkkocan.com\/zh\/wp-json\/wp\/v2\/pages\/146031\/revisions"}],"wp:attachment":[{"href":"https:\/\/turkkocan.com\/zh\/wp-json\/wp\/v2\/media?parent=146031"}],"curies":[{"name":"wp","href":"https:\/\/api.w.org\/{rel}","templated":true}]}}