{"id":3,"date":"2025-05-15T13:03:46","date_gmt":"2025-05-15T13:03:46","guid":{"rendered":"https:\/\/turkkocan.com\/?page_id=3"},"modified":"2025-07-06T06:43:09","modified_gmt":"2025-07-06T06:43:09","slug":"privacy-policy","status":"publish","type":"page","link":"https:\/\/turkkocan.com\/sv\/privacy-policy\/","title":{"rendered":"Integritetspolicy"},"content":{"rendered":"<div data-elementor-type=\"wp-page\" data-elementor-id=\"3\" class=\"elementor elementor-3\" data-elementor-post-type=\"page\">\n\t\t\t\t<div class=\"elementor-element elementor-element-7b4e6df e-flex e-con-boxed e-con e-parent\" data-id=\"7b4e6df\" data-element_type=\"container\">\n\t\t\t\t\t<div class=\"e-con-inner\">\n\t\t\t\t<div class=\"elementor-element elementor-element-aba3542 elementor-widget elementor-widget-text-editor\" data-id=\"aba3542\" data-element_type=\"widget\" data-widget_type=\"text-editor.default\">\n\t\t\t\t<div class=\"elementor-widget-container\">\n\t\t\t\t\t\t\t\t\t<h3><strong>Integritetspolicy<\/strong><\/h3><p class=\"translation-block\">1.Allm\u00e4nna best\u00e4mmelser<br>Som en plattform f\u00f6r fastighetsannonser l\u00e4gger T\u00fcrkKo\u00e7an.com (\u201cSite\u201d) stor vikt vid att skydda v\u00e5ra anv\u00e4ndares personuppgifter. Denna integritetspolicy f\u00f6rklarar vilken typ av information vi samlar in n\u00e4r du bes\u00f6ker webbplatsen och hur vi anv\u00e4nder, delar och lagrar denna information. Vi f\u00f6ljer den turkiska lagen om skydd av personuppgifter (KVKK, lag nr. 6698) och annan till\u00e4mplig lagstiftning.<\/p><p class=\"translation-block\">2. Personuppgifter vi samlar in<br>N\u00e4r du anv\u00e4nder webbplatsen kan vi samla in f\u00f6ljande typer av uppgifter:<\/p><p>Identitetsuppgifter: f\u00f6rnamn, efternamn, turkiskt ID-nummer (endast vid behov)<\/p><p>Kontaktuppgifter: e-postadress, telefonnummer<\/p><p>Tekniska data: IP-adress, webbl\u00e4sartyp och version, operativsystem, bes\u00f6ksdatum och tid<\/p><p>Platsinformation: Allm\u00e4n platsinformation (baserat p\u00e5 ISP-data)<\/p><p>Cookies och sp\u00e5rningsdata: cookies, webbbeacons (web beacons) och information som erh\u00e5lls via analysverktyg<\/p><p>3. Metoder f\u00f6r datainsamling<\/p><p>Direkt angivna uppgifter: information som erh\u00e5lls fr\u00e5n dig n\u00e4r du registrerar dig, fyller i formul\u00e4r, ans\u00f6ker eller g\u00f6r kontaktf\u00f6rfr\u00e5gningar.<\/p><p>Automatiskt insamlade uppgifter: teknisk och anv\u00e4ndningsinformation som automatiskt samlas in via cookies och liknande tekniker.<\/p><p>Tredjepartsk\u00e4llor: anonymiserade rapporter fr\u00e5n analysleverant\u00f6rer (t.ex. Google Analytics), sociala medieplattformar eller aff\u00e4rspartners.<\/p><p class=\"translation-block\">4. Cookies och sp\u00e5rningstekniker<br>Webbplatsen anv\u00e4nder cookies f\u00f6r att f\u00f6rb\u00e4ttra anv\u00e4ndarupplevelsen och analysera webbplatstrafiken.<\/p><p>N\u00f6dv\u00e4ndiga cookies: kr\u00e4vs f\u00f6r webbplatsens drift.<\/p><p>Prestandacookies: analyserar bes\u00f6karens beteende<\/p><p>Marknadsf\u00f6ringscookies: anv\u00e4nds f\u00f6r att visa annonser baserade p\u00e5 dina intressen.<\/p><p>Du kan hantera dina cookie-inst\u00e4llningar via webbl\u00e4sarinst\u00e4llningarna och avvisa dem n\u00e4r som helst. Att inaktivera cookies kan dock leda till begr\u00e4nsningar i webbplatsens funktioner.<\/p><p class=\"translation-block\">5. Syften med anv\u00e4ndning av personuppgifter<br>De uppgifter vi samlar in;<\/p><p>Att tillhandah\u00e5lla webbplatstj\u00e4nster, utf\u00f6ra underh\u00e5ll och genomf\u00f6ra f\u00f6rb\u00e4ttringar,<\/p><p>Att besvara dina f\u00f6rfr\u00e5gningar och erbjuda l\u00f6sningar anpassade efter dina behov,<\/p><p>Uppt\u00e4cka och \u00e5tg\u00e4rda tekniska problem,<\/p><p>Analysera webbplatstrafik och utveckla marknadsf\u00f6ringsstrategier,<\/p><p>Det kommer att anv\u00e4ndas f\u00f6r att uppfylla v\u00e5ra juridiska skyldigheter.<\/p><p class=\"translation-block\">6. Delning av data<br>Dina personuppgifter delas inte med tredje part, f\u00f6rutom i f\u00f6ljande fall:<\/p><p>Lagstadgade skyldigheter: Enligt beg\u00e4ran fr\u00e5n domstolar, \u00e5klagarmyndigheter eller relevanta offentliga myndigheter,<\/p><p>Tj\u00e4nsteleverant\u00f6rer: till infrastruktur-, hosting-, teknik- och marknadsf\u00f6ringspartners som vi anv\u00e4nder f\u00f6r webbplatsens drift och analys;<\/p><p>Ert samtycke: i s\u00e4rskilda fall d\u00e4r ni har l\u00e4mnat ett uttryckligt godk\u00e4nnande.<\/p><p>Delning av data med tredje part skyddas endast av avtalsenliga skyldigheter avseende datas\u00e4kerhet.<\/p><p class=\"translation-block\">7. Dataskydd\nF\u00f6r att skydda dina uppgifter;<\/p><p>Krypteringsmetoder enligt industristandard (SSL\/TLS),<\/p><p>Brandv\u00e4ggar och \u00e5tkomstkontroller f\u00f6r att f\u00f6rhindra obeh\u00f6rig \u00e5tkomst,<\/p><p>Regelbunden s\u00e4kerhetstestning och uppdateringar,<\/p><p class=\"translation-block\">Medarbetarutbildningar och sekretessavtal<br>samt liknande \u00e5tg\u00e4rder genomf\u00f6rs.<\/p><p class=\"translation-block\">8. Lagringsperiod f\u00f6r data<br>Dina personuppgifter sparas under de perioder som anges i g\u00e4llande lagstiftning och\/eller s\u00e5 l\u00e4nge det kr\u00e4vs f\u00f6r \u00e4ndam\u00e5let med datainsamlingen. N\u00e4r lagringsperioden l\u00f6pt ut anonymiseras dina uppgifter och arkiveras eller raderas.<\/p><p class=\"translation-block\">9. Anv\u00e4ndarr\u00e4ttigheter\nEnligt artikel 11 i KVKK;<\/p><p>R\u00e4tt till tillg\u00e5ng: att f\u00e5 veta om dina personuppgifter behandlas,<\/p><p>R\u00e4tt till r\u00e4ttelse: att beg\u00e4ra r\u00e4ttelse av ofullst\u00e4ndiga eller felaktigt behandlade uppgifter,<\/p><p>R\u00e4tt till radering\/utpl\u00e5ning: att beg\u00e4ra radering eller f\u00f6rintelse av dina uppgifter under vissa f\u00f6ruts\u00e4ttningar,<\/p><p>R\u00e4tt till dataportabilitet: att f\u00e5 dina uppgifter i ett strukturerat, allm\u00e4nt anv\u00e4nt format,<\/p><p>R\u00e4tt till inv\u00e4ndning: att inv\u00e4nda mot behandlings\u00e5tg\u00e4rder,<\/p><p class=\"translation-block\">R\u00e4tt till information: Du har r\u00e4tt att beg\u00e4ra information om behandlingsaktiviteter<br>Du kan skicka dina f\u00f6rfr\u00e5gningar till info@turkkocan.com. Dina \u00e4renden kommer att behandlas inom 30 dagar.<\/p><p class=\"translation-block\">10. Polic\u00e4ndringar<br>Denna integritetspolicy kan uppdateras p\u00e5 grund av tekniska framsteg, lag\u00e4ndringar eller uppdateringar av v\u00e5ra webbplatstj\u00e4nster. Uppdateringsdatumet anges h\u00f6gst upp p\u00e5 sidan; vid v\u00e4sentliga f\u00f6r\u00e4ndringar informerar vi v\u00e5ra anv\u00e4ndare separat via e-post eller webbplatsnotiser.<\/p><p class=\"translation-block\">11. Kontakt<br>F\u00f6r fr\u00e5gor, f\u00f6rfr\u00e5gningar eller feedback kan du n\u00e5 oss via f\u00f6ljande kanaler:<\/p><p class=\"translation-block\">E-POST: info@turkko\u00e7an.com<br>ADRESS: Manas Blvd., Adalet distrikt, Folkart Tower A nr 47, v\u00e5n 28, d\u00f6rr nr 2809-2810, Bayrakl\u0131 \/ \u0130zmir \/ TURKIYE<br>TELEFON: +90 539 820 34 13<\/p><p>Ikrafttr\u00e4dandedatum: 1 juli 2025<\/p>\t\t\t\t\t\t\t\t<\/div>\n\t\t\t\t<\/div>\n\t\t\t\t\t<\/div>\n\t\t\t\t<\/div>\n\t\t\t\t<\/div>","protected":false},"excerpt":{"rendered":"<p>Gizlilik Politikas\u0131 1. Genel H\u00fck\u00fcmlerT\u00fcrkKo\u00e7an.com (\u201cSite\u201d) olarak, kullan\u0131c\u0131lar\u0131m\u0131z\u0131n ki\u015fisel verilerinin korunmas\u0131na b\u00fcy\u00fck \u00f6nem veriyoruz. Bu Gizlilik Politikas\u0131; Site\u2019ye eri\u015fiminiz s\u0131ras\u0131nda toplad\u0131\u011f\u0131m\u0131z bilgilerin t\u00fcr\u00fcn\u00fc, bu bilgileri nas\u0131l kulland\u0131\u011f\u0131m\u0131z\u0131, payla\u015ft\u0131\u011f\u0131m\u0131z\u0131 ve saklad\u0131\u011f\u0131m\u0131z\u0131 a\u00e7\u0131klar. KVKK (6698 say\u0131l\u0131 Ki\u015fisel Verilerin Korunmas\u0131 Kanunu) ve ilgili di\u011fer mevzuata uygun hareket etmekteyiz. 2. Toplad\u0131\u011f\u0131m\u0131z Ki\u015fisel VerilerSite\u2019yi kullanman\u0131z s\u0131ras\u0131nda a\u015fa\u011f\u0131daki t\u00fcrde verileri toplayabiliriz: [&hellip;]<\/p>","protected":false},"author":1,"featured_media":0,"parent":0,"menu_order":0,"comment_status":"closed","ping_status":"open","template":"elementor_header_footer","meta":{"footnotes":""},"class_list":["post-3","page","type-page","status-publish","hentry"],"_links":{"self":[{"href":"https:\/\/turkkocan.com\/sv\/wp-json\/wp\/v2\/pages\/3","targetHints":{"allow":["GET"]}}],"collection":[{"href":"https:\/\/turkkocan.com\/sv\/wp-json\/wp\/v2\/pages"}],"about":[{"href":"https:\/\/turkkocan.com\/sv\/wp-json\/wp\/v2\/types\/page"}],"author":[{"embeddable":true,"href":"https:\/\/turkkocan.com\/sv\/wp-json\/wp\/v2\/users\/1"}],"replies":[{"embeddable":true,"href":"https:\/\/turkkocan.com\/sv\/wp-json\/wp\/v2\/comments?post=3"}],"version-history":[{"count":0,"href":"https:\/\/turkkocan.com\/sv\/wp-json\/wp\/v2\/pages\/3\/revisions"}],"wp:attachment":[{"href":"https:\/\/turkkocan.com\/sv\/wp-json\/wp\/v2\/media?parent=3"}],"curies":[{"name":"wp","href":"https:\/\/api.w.org\/{rel}","templated":true}]}}