{"id":162948,"date":"2025-06-13T11:18:12","date_gmt":"2025-06-13T11:18:12","guid":{"rendered":"https:\/\/turkkocan.com\/?page_id=162948"},"modified":"2025-06-17T09:24:16","modified_gmt":"2025-06-17T09:24:16","slug":"villa-till-salu-i-guzelyurt","status":"publish","type":"page","link":"https:\/\/turkkocan.com\/sv\/villa-till-salu-i-guzelyurt\/","title":{"rendered":"Villor till salu i Guzelyurt"},"content":{"rendered":"<h2 style=\"font-size: 20px;\">\ud83c\udfe1 Villor till salu i G\u00fczelyurt \u2013 Utforska alla annonser<\/h2>\n<p style=\"font-size: 16px;\">Villor till salu i G\u00fczelyurt, v\u00e4stra Nordcypern, \u00e4r perfekta f\u00f6r dig som s\u00f6ker ett lugnt liv i harmoni med naturen. Frist\u00e5ende hus med tr\u00e4dg\u00e5rd och gener\u00f6sa ytor erbjuder b\u00e5de komfort och integritet.<\/p>\n\n<h3 style=\"font-size: 18px;\">F\u00f6rdelar med att k\u00f6pa villa i G\u00fczelyurt<\/h3>\n<p style=\"font-size: 16px;\">Tack vare G\u00fczelyurts l\u00e5ga befolkningst\u00e4thet, rena luft och stora ytor erbjuder villor ett rymligt och lugnt boende. Regionen \u00e4r perfekt f\u00f6r familjer som s\u00f6ker ett liv i harmoni med naturen, bort fr\u00e5n stadens stress. Nu \u00e4r r\u00e4tt tid att investera i prisv\u00e4rda frist\u00e5ende hus.<\/p>\n\n<h3 style=\"font-size: 18px;\">Vem passar det f\u00f6r?<\/h3>\n<p style=\"font-size: 16px;\">Villor till salu i G\u00fczelyurt \u00e4r ett unikt tillf\u00e4lle f\u00f6r dem som vill leva n\u00e4ra naturen med familjen, s\u00f6ker frist\u00e5ende bost\u00e4der eller vill ha gener\u00f6sa ytor. Med god uthyrningspotential \u00e4r de ocks\u00e5 intressanta f\u00f6r investerare.<\/p>","protected":false},"excerpt":{"rendered":"<p>\ud83c\udfe1 G\u00fczelyurt Sat\u0131l\u0131k Villa \u0130lanlar\u0131 G\u00fczelyurt\u2019ta sat\u0131l\u0131k villalar, Kuzey K\u0131br\u0131s\u2019\u0131n bat\u0131s\u0131nda, do\u011fayla uyumlu ve sakin ya\u015fam alanlar\u0131 arayanlar i\u00e7in ideal konut se\u00e7enekleri aras\u0131nda yer al\u0131r. Bah\u00e7eli, geni\u015f metrekareli, m\u00fcstakil yap\u0131lar; hem konfor hem de mahremiyet sunar. G\u00fczelyurt\u2019ta Villa Alman\u0131n Avantajlar\u0131 G\u00fczelyurt\u2019un d\u00fc\u015f\u00fck n\u00fcfus yo\u011funlu\u011fu, temiz havas\u0131 ve geni\u015f arazileri sayesinde villalar, ferah ve huzurlu bir [&hellip;]<\/p>","protected":false},"author":1,"featured_media":0,"parent":0,"menu_order":0,"comment_status":"closed","ping_status":"closed","template":"template\/template-listing-grid-v5-fullwidth-3cols.php","meta":{"footnotes":""},"class_list":["post-162948","page","type-page","status-publish","hentry"],"_links":{"self":[{"href":"https:\/\/turkkocan.com\/sv\/wp-json\/wp\/v2\/pages\/162948","targetHints":{"allow":["GET"]}}],"collection":[{"href":"https:\/\/turkkocan.com\/sv\/wp-json\/wp\/v2\/pages"}],"about":[{"href":"https:\/\/turkkocan.com\/sv\/wp-json\/wp\/v2\/types\/page"}],"author":[{"embeddable":true,"href":"https:\/\/turkkocan.com\/sv\/wp-json\/wp\/v2\/users\/1"}],"replies":[{"embeddable":true,"href":"https:\/\/turkkocan.com\/sv\/wp-json\/wp\/v2\/comments?post=162948"}],"version-history":[{"count":0,"href":"https:\/\/turkkocan.com\/sv\/wp-json\/wp\/v2\/pages\/162948\/revisions"}],"wp:attachment":[{"href":"https:\/\/turkkocan.com\/sv\/wp-json\/wp\/v2\/media?parent=162948"}],"curies":[{"name":"wp","href":"https:\/\/api.w.org\/{rel}","templated":true}]}}