{"id":162847,"date":"2025-06-13T11:17:08","date_gmt":"2025-06-13T11:17:08","guid":{"rendered":"https:\/\/turkkocan.com\/?page_id=162847"},"modified":"2025-06-17T09:33:13","modified_gmt":"2025-06-17T09:33:13","slug":"tiny-house-till-salu-i-guzelyurt","status":"publish","type":"page","link":"https:\/\/turkkocan.com\/sv\/tiny-house-till-salu-i-guzelyurt\/","title":{"rendered":"Sm\u00e5hus till salu i Guzelyurt"},"content":{"rendered":"<h2 style=\"font-size: 20px;\">\ud83c\udfe1 Tiny Houses till salu i G\u00fczelyurt \u2013 Utforska alla annonser<\/h2>\n<p style=\"font-size: 16px;\">Tiny houses till salu i G\u00fczelyurt \u00e4r perfekta bostadsmodeller f\u00f6r dem som s\u00f6ker en enkel, h\u00e5llbar och prisv\u00e4rd livsstil. Deras portabla struktur och l\u00e5ga kostnad g\u00f6r dem attraktiva b\u00e5de f\u00f6r personligt bruk och som investering.<\/p>\n\n<h3 style=\"font-size: 18px;\">F\u00f6rdelar med att v\u00e4lja ett tiny house<\/h3>\n<p style=\"font-size: 16px;\">Tiny houses med sin kompakta design, l\u00e5ga energif\u00f6rbrukning och praktiska funktioner \u00e4r ett utm\u00e4rkt val f\u00f6r dem som omfamnar en minimalistisk livsstil. F\u00f6r den som s\u00f6ker ett liv i harmoni med naturen erbjuder G\u00fczelyurts lugna atmosf\u00e4r en fridfull tillvaro genom tiny house-konceptet.<\/p>\n\n<h3 style=\"font-size: 18px;\">Investering i tiny houses i G\u00fczelyurt<\/h3>\n<p style=\"font-size: 16px;\">Med sina stora markomr\u00e5den och prisv\u00e4rda tomter med bygglov \u00e4r G\u00fczelyurt ett mycket l\u00e4mpligt omr\u00e5de f\u00f6r investering i tiny houses. Dessa bost\u00e4der \u00e4r mycket funktionella f\u00f6r korttidsuthyrning, ekobyar eller f\u00f6r den som vill skapa ett personligt boende.<\/p>","protected":false},"excerpt":{"rendered":"<p>\ud83c\udfe1 G\u00fczelyurt Sat\u0131l\u0131k Tiny House \u0130lanlar\u0131 G\u00fczelyurt\u2019ta sat\u0131l\u0131k tiny house se\u00e7enekleri, sade, s\u00fcrd\u00fcr\u00fclebilir ve ekonomik bir ya\u015fam tarz\u0131 arayanlar i\u00e7in ideal konut modelleri aras\u0131nda yer al\u0131r. Ta\u015f\u0131nabilir yap\u0131lar\u0131 ve d\u00fc\u015f\u00fck maliyetleri ile tiny house evler hem ki\u015fisel kullan\u0131m hem de yat\u0131r\u0131m ama\u00e7l\u0131 tercih edilmektedir. Tiny House Tercih Etmenin Avantajlar\u0131 Tiny house yap\u0131lar; kompakt tasar\u0131m\u0131, d\u00fc\u015f\u00fck [&hellip;]<\/p>","protected":false},"author":1,"featured_media":0,"parent":0,"menu_order":0,"comment_status":"closed","ping_status":"closed","template":"template\/template-listing-grid-v5-fullwidth-3cols.php","meta":{"footnotes":""},"class_list":["post-162847","page","type-page","status-publish","hentry"],"_links":{"self":[{"href":"https:\/\/turkkocan.com\/sv\/wp-json\/wp\/v2\/pages\/162847","targetHints":{"allow":["GET"]}}],"collection":[{"href":"https:\/\/turkkocan.com\/sv\/wp-json\/wp\/v2\/pages"}],"about":[{"href":"https:\/\/turkkocan.com\/sv\/wp-json\/wp\/v2\/types\/page"}],"author":[{"embeddable":true,"href":"https:\/\/turkkocan.com\/sv\/wp-json\/wp\/v2\/users\/1"}],"replies":[{"embeddable":true,"href":"https:\/\/turkkocan.com\/sv\/wp-json\/wp\/v2\/comments?post=162847"}],"version-history":[{"count":0,"href":"https:\/\/turkkocan.com\/sv\/wp-json\/wp\/v2\/pages\/162847\/revisions"}],"wp:attachment":[{"href":"https:\/\/turkkocan.com\/sv\/wp-json\/wp\/v2\/media?parent=162847"}],"curies":[{"name":"wp","href":"https:\/\/api.w.org\/{rel}","templated":true}]}}