{"id":162625,"date":"2025-06-13T11:13:19","date_gmt":"2025-06-13T11:13:19","guid":{"rendered":"https:\/\/turkkocan.com\/?page_id=162625"},"modified":"2025-06-17T09:29:39","modified_gmt":"2025-06-17T09:29:39","slug":"herrgard-till-salu-i-guzelyurt","status":"publish","type":"page","link":"https:\/\/turkkocan.com\/sv\/herrgard-till-salu-i-guzelyurt\/","title":{"rendered":"Herrg\u00e5rdar till salu i Guzelyurt"},"content":{"rendered":"<h2 style=\"font-size: 20px;\">\ud83c\udfdb\ufe0f Herrg\u00e5rdar till salu i G\u00fczelyurt \u2013 Utforska alla annonser<\/h2>\n<p style=\"font-size: 16px;\">Herrg\u00e5rdar till salu i G\u00fczelyurt erbjuder unika m\u00f6jligheter f\u00f6r dig som s\u00f6ker ett lyxigt och exklusivt boende i Nordcyperns natursk\u00f6na och lugna milj\u00f6. Med stora tomter, privata pooler och m\u00e5nga rum tilltalar dessa fastigheter k\u00f6pare med h\u00f6ga krav och k\u00e4nsla f\u00f6r prestige.<\/p>\n\n<h3 style=\"font-size: 18px;\">F\u00f6rdelar med att k\u00f6pa en herrg\u00e5rd<\/h3>\n<p style=\"font-size: 16px;\">Herrg\u00e5rdar utm\u00e4rker sig genom h\u00f6g integritet, stora ytor och m\u00f6jligheten till personlig anpassning. I kombination med G\u00fczelyurts lugn och naturliga charm erbjuder dessa hem inte bara lyx, utan \u00e4ven inre frid. De kan \u00e4ven anv\u00e4ndas som boutiquehotell eller f\u00f6r evenemang.<\/p>\n\n<h3 style=\"font-size: 18px;\">Investering i herrg\u00e5rdar i G\u00fczelyurt<\/h3>\n<p style=\"font-size: 16px;\">Herrg\u00e5rdar i G\u00fczelyurts nya utvecklingsomr\u00e5den har h\u00f6g investeringspotential p\u00e5 grund av begr\u00e4nsat utbud. Med f\u00f6rv\u00e4ntad l\u00e5ngsiktig v\u00e4rde\u00f6kning och hyresint\u00e4kter i utl\u00e4ndsk valuta \u00e4r de en prestigefylld och l\u00f6nsam investeringsm\u00f6jlighet.<\/p>","protected":false},"excerpt":{"rendered":"<p>\ud83c\udfdb\ufe0f G\u00fczelyurt Sat\u0131l\u0131k Malikane \u0130lanlar\u0131 G\u00fczelyurt\u2019ta sat\u0131l\u0131k malikaneler, Kuzey K\u0131br\u0131s\u2019\u0131n do\u011fal ve sakin yap\u0131s\u0131nda l\u00fcks ve ayr\u0131cal\u0131kl\u0131 ya\u015fam arayanlar i\u00e7in \u00f6zel f\u0131rsatlar sunar. Geni\u015f arsal\u0131, \u00f6zel havuzlu ve \u00e7ok odal\u0131 bu yap\u0131lar; prestijli ya\u015fam tarz\u0131n\u0131 benimseyenlere hitap eder. Malikhane Alman\u0131n Avantajlar\u0131 Malikaneler, y\u00fcksek mahremiyet, b\u00fcy\u00fck metrekare ve ki\u015fiselle\u015ftirilebilir ya\u015fam alanlar\u0131yla \u00f6ne \u00e7\u0131kar. G\u00fczelyurt\u2019un sessizli\u011fi ve [&hellip;]<\/p>","protected":false},"author":1,"featured_media":0,"parent":0,"menu_order":0,"comment_status":"closed","ping_status":"closed","template":"template\/template-listing-grid-v5-fullwidth-3cols.php","meta":{"footnotes":""},"class_list":["post-162625","page","type-page","status-publish","hentry"],"_links":{"self":[{"href":"https:\/\/turkkocan.com\/sv\/wp-json\/wp\/v2\/pages\/162625","targetHints":{"allow":["GET"]}}],"collection":[{"href":"https:\/\/turkkocan.com\/sv\/wp-json\/wp\/v2\/pages"}],"about":[{"href":"https:\/\/turkkocan.com\/sv\/wp-json\/wp\/v2\/types\/page"}],"author":[{"embeddable":true,"href":"https:\/\/turkkocan.com\/sv\/wp-json\/wp\/v2\/users\/1"}],"replies":[{"embeddable":true,"href":"https:\/\/turkkocan.com\/sv\/wp-json\/wp\/v2\/comments?post=162625"}],"version-history":[{"count":0,"href":"https:\/\/turkkocan.com\/sv\/wp-json\/wp\/v2\/pages\/162625\/revisions"}],"wp:attachment":[{"href":"https:\/\/turkkocan.com\/sv\/wp-json\/wp\/v2\/media?parent=162625"}],"curies":[{"name":"wp","href":"https:\/\/api.w.org\/{rel}","templated":true}]}}