{"id":162575,"date":"2025-06-13T11:12:29","date_gmt":"2025-06-13T11:12:29","guid":{"rendered":"https:\/\/turkkocan.com\/?page_id=162575"},"modified":"2025-06-29T00:06:36","modified_gmt":"2025-06-29T00:06:36","slug":"fastighet-till-salu-i-guzelyurt","status":"publish","type":"page","link":"https:\/\/turkkocan.com\/sv\/fastighet-till-salu-i-guzelyurt\/","title":{"rendered":"Fastigheter till salu i Guzelyurt"},"content":{"rendered":"<h2 style=\"font-size: 20px;\">\ud83c\udfd8\ufe0f Fastigheter till salu i G\u00fczelyurt: L\u00e4genheter, Villor, Tomter &amp; mer<\/h2>\n<p style=\"font-size: 16px;\">G\u00fczelyurt \u00e4r en lugn region i v\u00e4stra Norra Cypern med b\u00f6rdig jord och ett fridfullt livsstil. Med sin naturliga sk\u00f6nhet, apelsinlundar och l\u00e5ga befolkningst\u00e4thet erbjuder G\u00fczelyurt attraktiva investeringsm\u00f6jligheter inom l\u00e4genheter, villor, tomter och kommersiella fastigheter.<\/p>\n\n<h3 style=\"font-size: 18px;\">F\u00f6rdelar med att k\u00f6pa fastighet i G\u00fczelyurt<\/h3>\n<p style=\"font-size: 16px;\">Regionen har stor potential f\u00f6r dem som s\u00f6ker prisv\u00e4rda fastigheter, eftersom omr\u00e5det \u00e4nnu inte \u00e4r fullt utbyggt. Universitet, sjukhus och infrastrukturprojekt driver upp v\u00e4rde\u00f6kningen. Dessutom f\u00f6rst\u00e4rks G\u00fczelyurts attraktionskraft av b\u00f6rdig natur, h\u00f6g livskvalitet och ett lugnt n\u00e4romr\u00e5de.<\/p>\n\n<h3 style=\"font-size: 18px;\">Vem passar det f\u00f6r?<\/h3>\n<p style=\"font-size: 16px;\">F\u00f6r familjer som s\u00f6ker lugn, natur och ett tryggt liv, individer med en blygsam budget som vill investera, samt investerare som satsar p\u00e5 framtida v\u00e4rde\u00f6kning \u2013 fastigheter till salu i G\u00fczelyurt \u00e4r en m\u00f6jlighet som inte b\u00f6r missas.<\/p>\n\n\n\n<p><\/p>","protected":false},"excerpt":{"rendered":"<p>\ud83c\udfd8\ufe0f G\u00fczelyurt Sat\u0131l\u0131k Emlak, Daire, Villa, Arsa ve Fazlas\u0131 G\u00fczelyurt, Kuzey K\u0131br\u0131s\u2019\u0131n bat\u0131s\u0131nda yer alan sakin, verimli topraklara sahip ve huzurlu ya\u015fam sunan bir b\u00f6lgedir. Do\u011fal g\u00fczellikleri, portakal bah\u00e7eleri ve d\u00fc\u015f\u00fck n\u00fcfus yo\u011funlu\u011fuyla dikkat \u00e7eken G\u00fczelyurt\u2019ta sat\u0131l\u0131k emlak se\u00e7enekleri daire, villa, arsa ve ticari m\u00fclk \u00e7e\u015fitlili\u011fi ile yat\u0131r\u0131mc\u0131lara cazip f\u0131rsatlar sunar. G\u00fczelyurt\u2019ta Emlak Alman\u0131n Avantajlar\u0131 [&hellip;]<\/p>","protected":false},"author":1,"featured_media":0,"parent":0,"menu_order":0,"comment_status":"closed","ping_status":"closed","template":"template\/template-listing-grid-v5-fullwidth-3cols.php","meta":{"footnotes":""},"class_list":["post-162575","page","type-page","status-publish","hentry"],"_links":{"self":[{"href":"https:\/\/turkkocan.com\/sv\/wp-json\/wp\/v2\/pages\/162575","targetHints":{"allow":["GET"]}}],"collection":[{"href":"https:\/\/turkkocan.com\/sv\/wp-json\/wp\/v2\/pages"}],"about":[{"href":"https:\/\/turkkocan.com\/sv\/wp-json\/wp\/v2\/types\/page"}],"author":[{"embeddable":true,"href":"https:\/\/turkkocan.com\/sv\/wp-json\/wp\/v2\/users\/1"}],"replies":[{"embeddable":true,"href":"https:\/\/turkkocan.com\/sv\/wp-json\/wp\/v2\/comments?post=162575"}],"version-history":[{"count":0,"href":"https:\/\/turkkocan.com\/sv\/wp-json\/wp\/v2\/pages\/162575\/revisions"}],"wp:attachment":[{"href":"https:\/\/turkkocan.com\/sv\/wp-json\/wp\/v2\/media?parent=162575"}],"curies":[{"name":"wp","href":"https:\/\/api.w.org\/{rel}","templated":true}]}}