{"id":162517,"date":"2025-06-13T11:11:19","date_gmt":"2025-06-13T11:11:19","guid":{"rendered":"https:\/\/turkkocan.com\/?page_id=162517"},"modified":"2025-06-17T09:21:50","modified_gmt":"2025-06-17T09:21:50","slug":"lagenhet-till-salu-i-guzelyurt","status":"publish","type":"page","link":"https:\/\/turkkocan.com\/sv\/lagenhet-till-salu-i-guzelyurt\/","title":{"rendered":"L\u00e4genheter till salu i Guzelyurt"},"content":{"rendered":"<h2 style=\"font-size: 20px;\">\ud83c\udfe2 L\u00e4genheter till salu i G\u00fczelyurt \u2013 Utforska alla annonser<\/h2>\n<p style=\"font-size: 16px;\">L\u00e4genheter till salu i G\u00fczelyurt erbjuder perfekta bostadsalternativ f\u00f6r dem som s\u00f6ker ett lugnt och tryggt liv n\u00e4ra naturen. Prisv\u00e4rda alternativ i omr\u00e5det \u00e4r attraktiva b\u00e5de f\u00f6r f\u00f6rstag\u00e5ngsk\u00f6pare och investerare.<\/p>\n\n<h3 style=\"font-size: 18px;\">F\u00f6rdelar med att k\u00f6pa l\u00e4genhet i G\u00fczelyurt<\/h3>\n<p style=\"font-size: 16px;\">G\u00fczelyurt utm\u00e4rker sig som ett boendev\u00e4nligt och milj\u00f6v\u00e4nligt omr\u00e5de, l\u00e5ngt fr\u00e5n t\u00e4t stadsutveckling. N\u00e4rheten till universitet och skolor skapar hyrespotential bland studenter, samtidigt som det erbjuder ett lugnt och prisv\u00e4rt liv f\u00f6r lokalbefolkningen.<\/p>\n\n<h3 style=\"font-size: 18px;\">Vem passar det f\u00f6r?<\/h3>\n<p style=\"font-size: 16px;\">L\u00e4genheter till salu i G\u00fczelyurt passar perfekt f\u00f6r familjer som s\u00f6ker prisv\u00e4rda bost\u00e4der, personer som planerar en lugn pension och investerare som siktar p\u00e5 hyresint\u00e4kter. Det \u00e4r ocks\u00e5 ett klokt val f\u00f6r universitetsstudenter.<\/p>\n\n\n\n\n<p><\/p>","protected":false},"excerpt":{"rendered":"<p>\ud83c\udfe2 G\u00fczelyurt Sat\u0131l\u0131k Daire \u0130lanlar\u0131 G\u00fczelyurt\u2019ta sat\u0131l\u0131k daireler, do\u011fa ile i\u00e7 i\u00e7e, sessiz ve g\u00fcvenli bir ya\u015fam arayanlar i\u00e7in \u00f6ne \u00e7\u0131kan konut alternatifleri sunar. B\u00f6lgedeki uygun fiyatl\u0131 daire se\u00e7enekleri, hem ilk evini alacaklar hem de yat\u0131r\u0131m yapmak isteyenler i\u00e7in cazip f\u0131rsatlar bar\u0131nd\u0131r\u0131r. G\u00fczelyurt\u2019ta Daire Alman\u0131n Avantajlar\u0131 G\u00fczelyurt, yo\u011fun yap\u0131la\u015fmadan uzak, ya\u015fanabilir ve \u00e7evreci bir yerle\u015fim [&hellip;]<\/p>","protected":false},"author":1,"featured_media":0,"parent":0,"menu_order":0,"comment_status":"closed","ping_status":"closed","template":"template\/template-listing-grid-v5-fullwidth-3cols.php","meta":{"footnotes":""},"class_list":["post-162517","page","type-page","status-publish","hentry"],"_links":{"self":[{"href":"https:\/\/turkkocan.com\/sv\/wp-json\/wp\/v2\/pages\/162517","targetHints":{"allow":["GET"]}}],"collection":[{"href":"https:\/\/turkkocan.com\/sv\/wp-json\/wp\/v2\/pages"}],"about":[{"href":"https:\/\/turkkocan.com\/sv\/wp-json\/wp\/v2\/types\/page"}],"author":[{"embeddable":true,"href":"https:\/\/turkkocan.com\/sv\/wp-json\/wp\/v2\/users\/1"}],"replies":[{"embeddable":true,"href":"https:\/\/turkkocan.com\/sv\/wp-json\/wp\/v2\/comments?post=162517"}],"version-history":[{"count":0,"href":"https:\/\/turkkocan.com\/sv\/wp-json\/wp\/v2\/pages\/162517\/revisions"}],"wp:attachment":[{"href":"https:\/\/turkkocan.com\/sv\/wp-json\/wp\/v2\/media?parent=162517"}],"curies":[{"name":"wp","href":"https:\/\/api.w.org\/{rel}","templated":true}]}}