{"id":162443,"date":"2025-06-13T11:10:17","date_gmt":"2025-06-13T11:10:17","guid":{"rendered":"https:\/\/turkkocan.com\/?page_id=162443"},"modified":"2025-06-17T09:31:32","modified_gmt":"2025-06-17T09:31:32","slug":"bungalow-till-salu-i-guzelyurt","status":"publish","type":"page","link":"https:\/\/turkkocan.com\/sv\/bungalow-till-salu-i-guzelyurt\/","title":{"rendered":"Bungalower till salu i Guzelyurt"},"content":{"rendered":"<h2 style=\"font-size: 20px;\">\ud83c\udfe1 Bungalowhus till salu i G\u00fczelyurt \u2013 Explore All Listings<\/h2>\n<p style=\"font-size: 16px;\">Bungalowhus till salu i G\u00fczelyurt erbjuder en idealisk livsstil f\u00f6r dem som vill leva i harmoni med naturen och lugnet i Norra Cypern. Dessa enplanshus med tr\u00e4dg\u00e5rd kombinerar komfort med enkelhet.<\/p>\n\n<h3 style=\"font-size: 18px;\">F\u00f6rdelar med att v\u00e4lja en bungalow<\/h3>\n<p style=\"font-size: 16px;\">Bungalowhus erbjuder tr\u00f6skelfritt boende, l\u00e4tt underh\u00e5ll, l\u00e5g energif\u00f6rbrukning och naturinspirerad arkitektur \u2013 perfekt f\u00f6r \u00e4ldre personer, barnfamiljer och anh\u00e4ngare av en minimalistisk livsstil. \u00c4ven de som s\u00f6ker tystnad och avskildhet finner dem mycket tilltalande.<\/p>\n\n<h3 style=\"font-size: 18px;\">Bungalowinvestering i G\u00fczelyurt<\/h3>\n<p style=\"font-size: 16px;\">Tack vare G\u00fczelyurts stora och prisv\u00e4rda tomter \u00e4r bungalowhus f\u00f6rdelaktiga b\u00e5de f\u00f6r boende och investering. De har god potential f\u00f6r v\u00e4rde\u00f6kning p\u00e5 kort och medell\u00e5ng sikt och l\u00e4mpar sig \u00e4ven f\u00f6r semesteruthyrning.<\/p>","protected":false},"excerpt":{"rendered":"<p>\ud83c\udfe1 G\u00fczelyurt Sat\u0131l\u0131k Bungalow Evler G\u00fczelyurt\u2019ta sat\u0131l\u0131k bungalow evler, Kuzey K\u0131br\u0131s\u2019\u0131n do\u011fal yap\u0131s\u0131 ve sessiz atmosferiyle uyum i\u00e7inde ya\u015famak isteyenler i\u00e7in ideal bir ya\u015fam bi\u00e7imi sunar. Genellikle tek katl\u0131, bah\u00e7eli ve ferah planl\u0131 olarak in\u015fa edilen bu yap\u0131lar, konforu sadelikle birle\u015ftirir. Bungalow Ev Tercih Etmenin Avantajlar\u0131 Merdivensiz ya\u015fam alan\u0131, kolay bak\u0131m, d\u00fc\u015f\u00fck enerji t\u00fcketimi ve [&hellip;]<\/p>","protected":false},"author":1,"featured_media":0,"parent":0,"menu_order":0,"comment_status":"closed","ping_status":"closed","template":"template\/template-listing-grid-v5-fullwidth-3cols.php","meta":{"footnotes":""},"class_list":["post-162443","page","type-page","status-publish","hentry"],"_links":{"self":[{"href":"https:\/\/turkkocan.com\/sv\/wp-json\/wp\/v2\/pages\/162443","targetHints":{"allow":["GET"]}}],"collection":[{"href":"https:\/\/turkkocan.com\/sv\/wp-json\/wp\/v2\/pages"}],"about":[{"href":"https:\/\/turkkocan.com\/sv\/wp-json\/wp\/v2\/types\/page"}],"author":[{"embeddable":true,"href":"https:\/\/turkkocan.com\/sv\/wp-json\/wp\/v2\/users\/1"}],"replies":[{"embeddable":true,"href":"https:\/\/turkkocan.com\/sv\/wp-json\/wp\/v2\/comments?post=162443"}],"version-history":[{"count":0,"href":"https:\/\/turkkocan.com\/sv\/wp-json\/wp\/v2\/pages\/162443\/revisions"}],"wp:attachment":[{"href":"https:\/\/turkkocan.com\/sv\/wp-json\/wp\/v2\/media?parent=162443"}],"curies":[{"name":"wp","href":"https:\/\/api.w.org\/{rel}","templated":true}]}}