{"id":162240,"date":"2025-06-13T11:06:45","date_gmt":"2025-06-13T11:06:45","guid":{"rendered":"https:\/\/turkkocan.com\/?page_id=162240"},"modified":"2025-06-17T09:18:40","modified_gmt":"2025-06-17T09:18:40","slug":"tomt-till-salu-i-guzelyurt","status":"publish","type":"page","link":"https:\/\/turkkocan.com\/sv\/tomt-till-salu-i-guzelyurt\/","title":{"rendered":"Tomter till salu i Guzelyurt"},"content":{"rendered":"<h2 style=\"font-size: 20px;\">\ud83c\udf3f Tomtannonser till salu i G\u00fczelyurt \u2013 Explore All Listings<\/h2>\n<p style=\"font-size: 16px;\">Tomter till salu i G\u00fczelyurt erbjuder fantastiska m\u00f6jligheter f\u00f6r dem som vill investera i norra Cyperns natursk\u00f6na och b\u00f6rdiga omr\u00e5den. G\u00fczelyurt, som \u00e4nnu inte \u00e4r fullt utbyggt, \u00e4r ett idealiskt omr\u00e5de f\u00f6r k\u00f6pare som s\u00f6ker prisv\u00e4rda markinvesteringar.<\/p>\n\n<h3 style=\"font-size: 18px;\">F\u00f6rdelar med att k\u00f6pa mark i G\u00fczelyurt<\/h3>\n<p style=\"font-size: 16px;\">Med ett \u00f6verfl\u00f6d av jordbruksmark, lugnt livstempo och omr\u00e5den med utvecklingspotential erbjuder G\u00fczelyurt en solid grund f\u00f6r bostads- och kommersiella projekt. Planlagda tomter g\u00f6r tillst\u00e5ndsprocessen enklare, vilket g\u00f6r investeringen b\u00e5de tryggare och snabbare. Tomter som k\u00f6ps i ett tidigt skede kan \u00f6ka markant i v\u00e4rde \u00f6ver tid.<\/p>\n\n<h3 style=\"font-size: 18px;\">Vem passar det f\u00f6r?<\/h3>\n<p style=\"font-size: 16px;\">F\u00f6r den som vill bygga sitt eget hus, entrepren\u00f6rer med planer p\u00e5 sm\u00e5 byggprojekt och personer med l\u00e5ngsiktiga investeringsm\u00e5l \u00e4r tomter till salu i G\u00fczelyurt ett b\u00e5de ekonomiskt och strategiskt val.<\/p>","protected":false},"excerpt":{"rendered":"<p>\ud83c\udf3f G\u00fczelyurt Sat\u0131l\u0131k Arsa \u0130lanlar\u0131 G\u00fczelyurt\u2019ta sat\u0131l\u0131k arsalar, Kuzey K\u0131br\u0131s\u2019\u0131n do\u011fal ve verimli b\u00f6lgelerinde yat\u0131r\u0131m yapmak isteyenler i\u00e7in ka\u00e7\u0131r\u0131lmayacak f\u0131rsatlar sunar. Hen\u00fcz tam anlam\u0131yla yap\u0131la\u015fmam\u0131\u015f olan G\u00fczelyurt, uygun fiyatl\u0131 arsa yat\u0131r\u0131m\u0131 yapmak isteyen al\u0131c\u0131lar i\u00e7in ideal bir b\u00f6lgedir. G\u00fczelyurt\u2019ta Arsa Alman\u0131n Avantajlar\u0131 Tar\u0131m alanlar\u0131n\u0131n bollu\u011fu, sakin ya\u015fam yap\u0131s\u0131 ve geli\u015fime a\u00e7\u0131k b\u00f6lgeleriyle G\u00fczelyurt, konut ve [&hellip;]<\/p>","protected":false},"author":1,"featured_media":0,"parent":0,"menu_order":0,"comment_status":"closed","ping_status":"closed","template":"template\/template-listing-grid-v5-fullwidth-3cols.php","meta":{"footnotes":""},"class_list":["post-162240","page","type-page","status-publish","hentry"],"_links":{"self":[{"href":"https:\/\/turkkocan.com\/sv\/wp-json\/wp\/v2\/pages\/162240","targetHints":{"allow":["GET"]}}],"collection":[{"href":"https:\/\/turkkocan.com\/sv\/wp-json\/wp\/v2\/pages"}],"about":[{"href":"https:\/\/turkkocan.com\/sv\/wp-json\/wp\/v2\/types\/page"}],"author":[{"embeddable":true,"href":"https:\/\/turkkocan.com\/sv\/wp-json\/wp\/v2\/users\/1"}],"replies":[{"embeddable":true,"href":"https:\/\/turkkocan.com\/sv\/wp-json\/wp\/v2\/comments?post=162240"}],"version-history":[{"count":0,"href":"https:\/\/turkkocan.com\/sv\/wp-json\/wp\/v2\/pages\/162240\/revisions"}],"wp:attachment":[{"href":"https:\/\/turkkocan.com\/sv\/wp-json\/wp\/v2\/media?parent=162240"}],"curies":[{"name":"wp","href":"https:\/\/api.w.org\/{rel}","templated":true}]}}