{"id":161833,"date":"2025-06-13T10:59:43","date_gmt":"2025-06-13T10:59:43","guid":{"rendered":"https:\/\/turkkocan.com\/?page_id=161833"},"modified":"2025-06-17T10:00:13","modified_gmt":"2025-06-17T10:00:13","slug":"tiny-house-till-salu-i-lefkosia","status":"publish","type":"page","link":"https:\/\/turkkocan.com\/sv\/tiny-house-till-salu-i-lefkosia\/","title":{"rendered":"Tiny Houses till salu i Nicosia"},"content":{"rendered":"<h2 style=\"font-size: 20px;\">\ud83c\udfe1 Tiny House\u2011annonser i Nicosia \u2013 Utforska alla annonser<\/h2>\n<p style=\"font-size: 16px;\">Tiny Houses till salu i Nicosia \u00e4r ett utm\u00e4rkt alternativ f\u00f6r dig som s\u00f6ker ett h\u00e5llbart och ekonomiskt liv p\u00e5 liten yta. Med sin minimalistiska design erbjuder de maximal funktionalitet och passar perfekt f\u00f6r en naturn\u00e4ra livsstil.<\/p>\n\n<h3 style=\"font-size: 18px;\">F\u00f6rdelar med att k\u00f6pa ett Tiny House<\/h3>\n<p style=\"font-size: 16px;\">Tiny Houses utm\u00e4rker sig med l\u00e5g kostnad, minimalt underh\u00e5ll, r\u00f6rlighet och milj\u00f6v\u00e4nlig design. Att \u00e4ga ett Tiny House i Nicosia \u00e4r f\u00f6rdelaktigt b\u00e5de f\u00f6r eget boende och f\u00f6r korttidsuthyrning.<\/p>\n\n<h3 style=\"font-size: 18px;\">Vem passar det f\u00f6r?<\/h3>\n<p style=\"font-size: 16px;\">F\u00f6r dem som f\u00f6respr\u00e5kar ett enkelt liv, unga investerare, natur\u00e4lskare och intresserade av alternativa boendeformer kan tiny houses vara ett smart och modernt val.<\/p>","protected":false},"excerpt":{"rendered":"<p>\ud83c\udfe1 Lefko\u015fa Sat\u0131l\u0131k Tiny House \u0130lanlar\u0131 Lefko\u015fa\u2019da sat\u0131l\u0131k tiny house se\u00e7enekleri, kompakt ya\u015fam alanlar\u0131 ile s\u00fcrd\u00fcr\u00fclebilir ve ekonomik bir ya\u015fam arayanlar i\u00e7in ideal bir alternatiftir. Minimalist tasar\u0131m\u0131yla az alanda maksimum verim sunan bu evler, do\u011fayla i\u00e7 i\u00e7e bir ya\u015fam tarz\u0131 i\u00e7in tercih edilmektedir. Tiny House Alman\u0131n Avantajlar\u0131 Tiny house yap\u0131lar; d\u00fc\u015f\u00fck maliyet, az bak\u0131m ihtiyac\u0131, [&hellip;]<\/p>","protected":false},"author":1,"featured_media":0,"parent":0,"menu_order":0,"comment_status":"closed","ping_status":"closed","template":"template\/template-listing-grid-v5-fullwidth-3cols.php","meta":{"footnotes":""},"class_list":["post-161833","page","type-page","status-publish","hentry"],"_links":{"self":[{"href":"https:\/\/turkkocan.com\/sv\/wp-json\/wp\/v2\/pages\/161833","targetHints":{"allow":["GET"]}}],"collection":[{"href":"https:\/\/turkkocan.com\/sv\/wp-json\/wp\/v2\/pages"}],"about":[{"href":"https:\/\/turkkocan.com\/sv\/wp-json\/wp\/v2\/types\/page"}],"author":[{"embeddable":true,"href":"https:\/\/turkkocan.com\/sv\/wp-json\/wp\/v2\/users\/1"}],"replies":[{"embeddable":true,"href":"https:\/\/turkkocan.com\/sv\/wp-json\/wp\/v2\/comments?post=161833"}],"version-history":[{"count":0,"href":"https:\/\/turkkocan.com\/sv\/wp-json\/wp\/v2\/pages\/161833\/revisions"}],"wp:attachment":[{"href":"https:\/\/turkkocan.com\/sv\/wp-json\/wp\/v2\/media?parent=161833"}],"curies":[{"name":"wp","href":"https:\/\/api.w.org\/{rel}","templated":true}]}}