{"id":161831,"date":"2025-06-13T10:58:19","date_gmt":"2025-06-13T10:58:19","guid":{"rendered":"https:\/\/turkkocan.com\/?page_id=161831"},"modified":"2025-06-17T10:02:03","modified_gmt":"2025-06-17T10:02:03","slug":"kommersiell-fastighet-till-salu-i-lefkosia","status":"publish","type":"page","link":"https:\/\/turkkocan.com\/sv\/kommersiell-fastighet-till-salu-i-lefkosia\/","title":{"rendered":"Kommersiella fastigheter till salu i Nicosia"},"content":{"rendered":"<h2 style=\"font-size: 20px;\">\ud83c\udfe2 Kommersiella fastighetsannonser i Nicosia \u2013 Utforska alla annonser<\/h2>\n<p style=\"font-size: 16px;\">Kommersiella fastigheter till salu i Nicosia erbjuder stor potential f\u00f6r investerare som vill vara mitt i aff\u00e4rsv\u00e4rlden. Kontor, butiker och lokaler n\u00e4ra stadsk\u00e4rnan, offentliga institutioner och omr\u00e5den med mycket folk \u00e4r perfekta f\u00f6r stabila hyresint\u00e4kter.<\/p>\n\n<h3 style=\"font-size: 18px;\">F\u00f6rdelar med att k\u00f6pa kommersiell fastighet<\/h3>\n<p style=\"font-size: 16px;\">Kommersiella fastigheter har h\u00f6gre avkastningspotential \u00e4n bost\u00e4der och kan ge stabila hyresint\u00e4kter genom l\u00e5ngsiktiga kontrakt. Att \u00e4ga en aff\u00e4rslokal i en kommersiellt aktiv stad som Nicosia \u00e4r f\u00f6rdelaktigt b\u00e5de n\u00e4r det g\u00e4ller inkomst och v\u00e4rde\u00f6kning.<\/p>\n\n<h3 style=\"font-size: 18px;\">Vem Passar Det F\u00f6r?<\/h3>\n<p style=\"font-size: 16px;\">Kommersiella fastigheter till salu i Nicosia erbjuder en h\u00e5llbar inkomstmodell f\u00f6r investerare, entrepren\u00f6rer, egenf\u00f6retagare och alla som vill ut\u00f6ka sin kommersiella portf\u00f6lj.<\/p>\n\n\n\n\n<p><\/p>","protected":false},"excerpt":{"rendered":"<p>\ud83c\udfe2 Lefko\u015fa Sat\u0131l\u0131k Ticari Gayrimenkul \u0130lanlar\u0131 Lefko\u015fa\u2019da sat\u0131l\u0131k ticari gayrimenkuller, i\u015f d\u00fcnyas\u0131n\u0131n kalbinde yer almak isteyen yat\u0131r\u0131mc\u0131lar i\u00e7in y\u00fcksek potansiyel sunar. \u015eehir merkezine, kamu kurumlar\u0131na ve yo\u011fun insan trafi\u011fine yak\u0131n lokasyonlardaki ofis, ma\u011faza ve d\u00fckkanlar, d\u00fczenli kira geliri sa\u011flamak i\u00e7in idealdir. Ticari M\u00fclk Alman\u0131n Avantajlar\u0131 Ticari m\u00fclkler, konutlara g\u00f6re daha y\u00fcksek getiri potansiyeline sahip olup, [&hellip;]<\/p>","protected":false},"author":1,"featured_media":0,"parent":0,"menu_order":0,"comment_status":"closed","ping_status":"closed","template":"template\/template-listing-grid-v5-fullwidth-3cols.php","meta":{"footnotes":""},"class_list":["post-161831","page","type-page","status-publish","hentry"],"_links":{"self":[{"href":"https:\/\/turkkocan.com\/sv\/wp-json\/wp\/v2\/pages\/161831","targetHints":{"allow":["GET"]}}],"collection":[{"href":"https:\/\/turkkocan.com\/sv\/wp-json\/wp\/v2\/pages"}],"about":[{"href":"https:\/\/turkkocan.com\/sv\/wp-json\/wp\/v2\/types\/page"}],"author":[{"embeddable":true,"href":"https:\/\/turkkocan.com\/sv\/wp-json\/wp\/v2\/users\/1"}],"replies":[{"embeddable":true,"href":"https:\/\/turkkocan.com\/sv\/wp-json\/wp\/v2\/comments?post=161831"}],"version-history":[{"count":0,"href":"https:\/\/turkkocan.com\/sv\/wp-json\/wp\/v2\/pages\/161831\/revisions"}],"wp:attachment":[{"href":"https:\/\/turkkocan.com\/sv\/wp-json\/wp\/v2\/media?parent=161831"}],"curies":[{"name":"wp","href":"https:\/\/api.w.org\/{rel}","templated":true}]}}