{"id":161827,"date":"2025-06-13T10:56:12","date_gmt":"2025-06-13T10:56:12","guid":{"rendered":"https:\/\/turkkocan.com\/?page_id=161827"},"modified":"2025-06-17T09:51:47","modified_gmt":"2025-06-17T09:51:47","slug":"herrgard-till-salu-i-lefkosia","status":"publish","type":"page","link":"https:\/\/turkkocan.com\/sv\/herrgard-till-salu-i-lefkosia\/","title":{"rendered":"Herrg\u00e5rdar till salu i Nicosia"},"content":{"rendered":"<h2 style=\"font-size: 20px;\">\ud83c\udfdb\ufe0f Herrg\u00e5rdsannonser i Nicosia \u2013 Utforska alla annonser<\/h2>\n<p style=\"font-size: 16px;\">Herrg\u00e5rdar till salu i Nicosia erbjuder rymligt och prestigefyllt boende n\u00e4ra stadens centrum, men \u00e4nd\u00e5 privat. Med lyxig utrustning, stora tr\u00e4dg\u00e5rdar, privata pooler och h\u00f6g standard \u00e4r dessa fastigheter ett exklusivt val f\u00f6r b\u00e5de boende och investering.<\/p>\n\n<h3 style=\"font-size: 18px;\">F\u00f6rdelar med att k\u00f6pa en herrg\u00e5rd<\/h3>\n<p style=\"font-size: 16px;\">Herrg\u00e5rdar utm\u00e4rker sig genom h\u00f6g integritet, personligt anpassade utrymmen, rymliga interi\u00f6rer och harmoni med naturen. Att \u00e4ga en herrg\u00e5rd i ett strategiskt l\u00e4ge som Nicosia inneb\u00e4r b\u00e5de komfortabelt boende och en v\u00e4rdefull tillg\u00e5ng.<\/p>\n\n<h3 style=\"font-size: 18px;\">Vem passar det f\u00f6r?<\/h3>\n<p style=\"font-size: 16px;\">Herrg\u00e5rdar som riktar sig till h\u00f6ginkomsttagare \u00e4r perfekta f\u00f6r personer som s\u00f6ker avskildhet, familjer eller entrepren\u00f6rer som vill erbjuda boutique-boende. De erbjuder ocks\u00e5 attraktiv avkastning i utl\u00e4ndsk valuta f\u00f6r investerare.<\/p>","protected":false},"excerpt":{"rendered":"<p>\ud83c\udfdb\ufe0f Lefko\u015fa Sat\u0131l\u0131k Malikane \u0130lanlar\u0131 Lefko\u015fa\u2019da sat\u0131l\u0131k malikaneler, \u015fehrin merkezine yak\u0131n ama kendi i\u00e7inde izole, geni\u015f ve prestijli ya\u015fam alanlar\u0131 sunan m\u00fclkler aras\u0131nda yer al\u0131r. L\u00fcks donan\u0131m\u0131, b\u00fcy\u00fck bah\u00e7eleri, \u00f6zel havuzlar\u0131 ve y\u00fcksek standartlar\u0131yla malikhaneler, hem ya\u015fam hem yat\u0131r\u0131m anlam\u0131nda \u00fcst d\u00fczey bir tercihtir. Malikhane Alman\u0131n Avantajlar\u0131 Malikaneler; y\u00fcksek mahremiyet, ki\u015fiselle\u015ftirilmi\u015f alanlar, geni\u015f i\u00e7 hacim [&hellip;]<\/p>","protected":false},"author":1,"featured_media":0,"parent":0,"menu_order":0,"comment_status":"closed","ping_status":"closed","template":"template\/template-listing-grid-v5-fullwidth-3cols.php","meta":{"footnotes":""},"class_list":["post-161827","page","type-page","status-publish","hentry"],"_links":{"self":[{"href":"https:\/\/turkkocan.com\/sv\/wp-json\/wp\/v2\/pages\/161827","targetHints":{"allow":["GET"]}}],"collection":[{"href":"https:\/\/turkkocan.com\/sv\/wp-json\/wp\/v2\/pages"}],"about":[{"href":"https:\/\/turkkocan.com\/sv\/wp-json\/wp\/v2\/types\/page"}],"author":[{"embeddable":true,"href":"https:\/\/turkkocan.com\/sv\/wp-json\/wp\/v2\/users\/1"}],"replies":[{"embeddable":true,"href":"https:\/\/turkkocan.com\/sv\/wp-json\/wp\/v2\/comments?post=161827"}],"version-history":[{"count":0,"href":"https:\/\/turkkocan.com\/sv\/wp-json\/wp\/v2\/pages\/161827\/revisions"}],"wp:attachment":[{"href":"https:\/\/turkkocan.com\/sv\/wp-json\/wp\/v2\/media?parent=161827"}],"curies":[{"name":"wp","href":"https:\/\/api.w.org\/{rel}","templated":true}]}}