{"id":161825,"date":"2025-06-13T10:55:31","date_gmt":"2025-06-13T10:55:31","guid":{"rendered":"https:\/\/turkkocan.com\/?page_id=161825"},"modified":"2025-06-29T00:04:51","modified_gmt":"2025-06-29T00:04:51","slug":"fastighet-till-salu-i-lefkosia","status":"publish","type":"page","link":"https:\/\/turkkocan.com\/sv\/fastighet-till-salu-i-lefkosia\/","title":{"rendered":"Fastigheter till salu i Nicosia"},"content":{"rendered":"<h2 style=\"font-size: 20px;\">\ud83c\udfd9\ufe0f Fastigheter till salu i Nicosia: L\u00e4genheter, Villor, Tomter &amp; mer \u2013 Utforska alla annonser<\/h2>\n<p style=\"font-size: 16px;\">Nicosia, huvudstad och den mest befolkade staden i Norra Cypern, \u00e4r en framtr\u00e4dande plats p\u00e5 fastighetsmarknaden. N\u00e4rheten till skolor, sjukhus, myndigheter och aff\u00e4rscentrum g\u00f6r fastigheter i Nicosia till ett utm\u00e4rkt val f\u00f6r b\u00e5de boende och investering.<\/p>\n\n<h3 style=\"font-size: 18px;\">F\u00f6rdelar med att k\u00f6pa fastighet i Nicosia<\/h3>\n<p style=\"font-size: 16px;\">Med sin utvecklade infrastruktur, livliga sociala liv och hyrespotential erbjuder Nicosia fastighetsalternativ f\u00f6r alla budgetar. S\u00e4rskilt l\u00e4genheter och kommersiella fastigheter i centrala l\u00e4gen har potential att generera stabil inkomst f\u00f6r investerare. Dessutom \u00e4r den l\u00e5ngsiktiga v\u00e4rde\u00f6kningen mycket h\u00f6g.<\/p>\n\n<h3 style=\"font-size: 18px;\">Vem Passar Det F\u00f6r?<\/h3>\n<p style=\"font-size: 16px;\">Fastigheter till salu i Nicosia passar utm\u00e4rkt f\u00f6r studenter, tj\u00e4nstem\u00e4n, aff\u00e4rspersoner och investerare. B\u00e5de f\u00f6r dig som s\u00f6ker permanent boende och f\u00f6r investerare som vill f\u00e5 hyresint\u00e4kter erbjuder stadsk\u00e4rnan strategiska f\u00f6rdelar.<\/p>","protected":false},"excerpt":{"rendered":"<p>\ud83c\udfd9\ufe0f Lefko\u015fa Sat\u0131l\u0131k Emlak, Daire, Villa, Arsa ve Fazlas\u0131 Lefko\u015fa, Kuzey K\u0131br\u0131s T\u00fcrk Cumhuriyeti\u2019nin ba\u015fkenti ve en yo\u011fun n\u00fcfuslu \u015fehri olarak sat\u0131l\u0131k emlak piyasas\u0131nda da \u00f6ne \u00e7\u0131kan bir b\u00f6lgedir. E\u011fitim kurumlar\u0131, hastaneler, kamu binalar\u0131 ve i\u015f merkezlerine olan yak\u0131nl\u0131\u011f\u0131yla, Lefko\u015fa\u2019daki emlaklar hem ya\u015fam hem yat\u0131r\u0131m i\u00e7in b\u00fcy\u00fck avantaj sa\u011flar. Lefko\u015fa\u2019da Emlak Alman\u0131n Avantajlar\u0131 Geli\u015fmi\u015f altyap\u0131s\u0131, [&hellip;]<\/p>","protected":false},"author":1,"featured_media":0,"parent":0,"menu_order":0,"comment_status":"closed","ping_status":"closed","template":"template\/template-listing-grid-v5-fullwidth-3cols.php","meta":{"footnotes":""},"class_list":["post-161825","page","type-page","status-publish","hentry"],"_links":{"self":[{"href":"https:\/\/turkkocan.com\/sv\/wp-json\/wp\/v2\/pages\/161825","targetHints":{"allow":["GET"]}}],"collection":[{"href":"https:\/\/turkkocan.com\/sv\/wp-json\/wp\/v2\/pages"}],"about":[{"href":"https:\/\/turkkocan.com\/sv\/wp-json\/wp\/v2\/types\/page"}],"author":[{"embeddable":true,"href":"https:\/\/turkkocan.com\/sv\/wp-json\/wp\/v2\/users\/1"}],"replies":[{"embeddable":true,"href":"https:\/\/turkkocan.com\/sv\/wp-json\/wp\/v2\/comments?post=161825"}],"version-history":[{"count":0,"href":"https:\/\/turkkocan.com\/sv\/wp-json\/wp\/v2\/pages\/161825\/revisions"}],"wp:attachment":[{"href":"https:\/\/turkkocan.com\/sv\/wp-json\/wp\/v2\/media?parent=161825"}],"curies":[{"name":"wp","href":"https:\/\/api.w.org\/{rel}","templated":true}]}}