{"id":161823,"date":"2025-06-13T10:54:17","date_gmt":"2025-06-13T10:54:17","guid":{"rendered":"https:\/\/turkkocan.com\/?page_id=161823"},"modified":"2025-06-17T09:41:28","modified_gmt":"2025-06-17T09:41:28","slug":"lagenhet-till-salu-i-lefkosia","status":"publish","type":"page","link":"https:\/\/turkkocan.com\/sv\/lagenhet-till-salu-i-lefkosia\/","title":{"rendered":"L\u00e4genheter till salu i Nicosia"},"content":{"rendered":"<h2 style=\"font-size: 20px;\">+\ud83c\udfe2 L\u00e4genhetsannonser i Nicosia \u2013 Utforska alla annonser<\/h2>\n<p style=\"font-size: 16px;\">L\u00e4genheter till salu i Nicosia erbjuder ett brett utbud f\u00f6r dig som vill bo eller investera i huvudstaden. Bel\u00e4gna n\u00e4ra universitet, aff\u00e4rscentrum och myndigheter, g\u00f6r de vardagslivet bekv\u00e4mt och tillg\u00e4ngligt.<\/p>\n\n<h3 style=\"font-size: 18px;\">F\u00f6rdelar med att k\u00f6pa l\u00e4genhet i Nicosia<\/h3>\n<p style=\"font-size: 16px;\">L\u00e4genheter till salu i stadsk\u00e4rnan utm\u00e4rker sig med h\u00f6g hyresavkastning. Efterfr\u00e5gan p\u00e5 hyresbost\u00e4der, s\u00e4rskilt fr\u00e5n studenter och tj\u00e4nstem\u00e4n, \u00e4r alltid stark. Dessutom har bost\u00e4der i centrala l\u00e4gen stor v\u00e4rde\u00f6kningpotential.<\/p>\n\n<h3 style=\"font-size: 18px;\">Vem passar det f\u00f6r?<\/h3>\n<p style=\"font-size: 16px;\">L\u00e4genheter till salu i Nicosia passar utm\u00e4rkt f\u00f6r familjer som vill bo i Norra Cypern, personer som vill generera inkomst genom investering samt investerare som planerar att hyra ut till universitetsstudenter.<\/p>","protected":false},"excerpt":{"rendered":"<p>\ud83c\udfe2 Lefko\u015fa Sat\u0131l\u0131k Daire \u0130lanlar\u0131 Lefko\u015fa\u2019da sat\u0131l\u0131k daire se\u00e7enekleri, ba\u015fkentte ya\u015famak veya yat\u0131r\u0131m yapmak isteyenler i\u00e7in geni\u015f bir portf\u00f6y sunar. \u00dcniversitelere, i\u015f merkezlerine ve devlet kurumlar\u0131na yak\u0131n konumda yer alan daireler, g\u00fcnl\u00fck ya\u015fam\u0131n t\u00fcm ihtiya\u00e7lar\u0131na eri\u015fimi kolayla\u015ft\u0131r\u0131r. Lefko\u015fa\u2019da Daire Alman\u0131n Avantajlar\u0131 \u015eehir merkezinde bulunan sat\u0131l\u0131k daireler, y\u00fcksek kira getirisiyle \u00f6ne \u00e7\u0131kar. \u00d6zellikle \u00f6\u011frenciler ve memurlar [&hellip;]<\/p>","protected":false},"author":1,"featured_media":0,"parent":0,"menu_order":0,"comment_status":"closed","ping_status":"closed","template":"template\/template-listing-grid-v5-fullwidth-3cols.php","meta":{"footnotes":""},"class_list":["post-161823","page","type-page","status-publish","hentry"],"_links":{"self":[{"href":"https:\/\/turkkocan.com\/sv\/wp-json\/wp\/v2\/pages\/161823","targetHints":{"allow":["GET"]}}],"collection":[{"href":"https:\/\/turkkocan.com\/sv\/wp-json\/wp\/v2\/pages"}],"about":[{"href":"https:\/\/turkkocan.com\/sv\/wp-json\/wp\/v2\/types\/page"}],"author":[{"embeddable":true,"href":"https:\/\/turkkocan.com\/sv\/wp-json\/wp\/v2\/users\/1"}],"replies":[{"embeddable":true,"href":"https:\/\/turkkocan.com\/sv\/wp-json\/wp\/v2\/comments?post=161823"}],"version-history":[{"count":0,"href":"https:\/\/turkkocan.com\/sv\/wp-json\/wp\/v2\/pages\/161823\/revisions"}],"wp:attachment":[{"href":"https:\/\/turkkocan.com\/sv\/wp-json\/wp\/v2\/media?parent=161823"}],"curies":[{"name":"wp","href":"https:\/\/api.w.org\/{rel}","templated":true}]}}