{"id":161819,"date":"2025-06-13T10:51:57","date_gmt":"2025-06-13T10:51:57","guid":{"rendered":"https:\/\/turkkocan.com\/?page_id=161819"},"modified":"2025-06-17T10:03:56","modified_gmt":"2025-06-17T10:03:56","slug":"tomt-till-salu-i-lefkosia","status":"publish","type":"page","link":"https:\/\/turkkocan.com\/sv\/tomt-till-salu-i-lefkosia\/","title":{"rendered":"Tomter till salu i Nicosia"},"content":{"rendered":"<h2 style=\"font-size: 20px;\">\ud83c\udf3f Tomtannonser i Nicosia \u2013 Utforska alla annonser<\/h2>\n<p style=\"font-size: 16px;\">Tomter till salu i Nicosia erbjuder b\u00e5de centralt l\u00e4ge och h\u00f6g avkastningspotential f\u00f6r dem som vill investera i huvudstaden i Norra Cypern. Oavsett om det g\u00e4ller bost\u00e4der, kommersiella eller blandade projekt passar registrerade och detaljplanerade tomter alla investerartyper.<\/p>\n\n<h3 style=\"font-size: 18px;\">F\u00f6rdelar med att k\u00f6pa mark<\/h3>\n<p style=\"font-size: 16px;\">Mark \u00e4r popul\u00e4rt bland l\u00e5ngsiktiga investerare tack vare l\u00e5g startkostnad och h\u00f6g v\u00e4rde\u00f6kning \u00f6ver tid. S\u00e4rskilt i v\u00e4xande omr\u00e5den som Nicosia kan markinvestering ge betydande avkastning p\u00e5 sikt.<\/p>\n\n<h3 style=\"font-size: 18px;\">Vem passar det f\u00f6r?<\/h3>\n<p style=\"font-size: 16px;\">Tomter till salu i Nicosia erbjuder mycket attraktiva m\u00f6jligheter f\u00f6r personer som vill bygga eget hus, f\u00f6retag som vill utveckla projekt och investerare som planerar markk\u00f6p f\u00f6r framtiden.<\/p>","protected":false},"excerpt":{"rendered":"<p>\ud83c\udf3f Lefko\u015fa Sat\u0131l\u0131k Arsa \u0130lanlar\u0131 Lefko\u015fa\u2019da sat\u0131l\u0131k arsalar, Kuzey K\u0131br\u0131s\u2019\u0131n ba\u015fkentinde arsa yat\u0131r\u0131m\u0131 yapmak isteyenler i\u00e7in hem merkezi konum hem de y\u00fcksek getiri potansiyeli sunar. \u0130ster konut, ister ticari, ister karma projeler i\u00e7in d\u00fc\u015f\u00fcn\u00fcls\u00fcn; imarl\u0131 ve tapulu arsa se\u00e7enekleri her yat\u0131r\u0131mc\u0131ya hitap eder. Arsa Alman\u0131n Avantajlar\u0131 Arsalar, d\u00fc\u015f\u00fck maliyetli ba\u015flang\u0131\u00e7 sunmas\u0131 ve gelecekte y\u00fcksek de\u011fer [&hellip;]<\/p>","protected":false},"author":1,"featured_media":0,"parent":0,"menu_order":0,"comment_status":"closed","ping_status":"closed","template":"template\/template-listing-grid-v5-fullwidth-3cols.php","meta":{"footnotes":""},"class_list":["post-161819","page","type-page","status-publish","hentry"],"_links":{"self":[{"href":"https:\/\/turkkocan.com\/sv\/wp-json\/wp\/v2\/pages\/161819","targetHints":{"allow":["GET"]}}],"collection":[{"href":"https:\/\/turkkocan.com\/sv\/wp-json\/wp\/v2\/pages"}],"about":[{"href":"https:\/\/turkkocan.com\/sv\/wp-json\/wp\/v2\/types\/page"}],"author":[{"embeddable":true,"href":"https:\/\/turkkocan.com\/sv\/wp-json\/wp\/v2\/users\/1"}],"replies":[{"embeddable":true,"href":"https:\/\/turkkocan.com\/sv\/wp-json\/wp\/v2\/comments?post=161819"}],"version-history":[{"count":0,"href":"https:\/\/turkkocan.com\/sv\/wp-json\/wp\/v2\/pages\/161819\/revisions"}],"wp:attachment":[{"href":"https:\/\/turkkocan.com\/sv\/wp-json\/wp\/v2\/media?parent=161819"}],"curies":[{"name":"wp","href":"https:\/\/api.w.org\/{rel}","templated":true}]}}