{"id":161808,"date":"2025-06-13T10:44:41","date_gmt":"2025-06-13T10:44:41","guid":{"rendered":"https:\/\/turkkocan.com\/?page_id=161808"},"modified":"2025-06-17T08:51:16","modified_gmt":"2025-06-17T08:51:16","slug":"villa-till-salu-i-lefke","status":"publish","type":"page","link":"https:\/\/turkkocan.com\/sv\/villa-till-salu-i-lefke\/","title":{"rendered":"Villor till salu i Lefke"},"content":{"rendered":"<h2 style=\"font-size: 20px;\">\ud83c\udfe1 Villor till salu i Lefke \u2013 Utforska alla annonser<\/h2>\n<p style=\"font-size: 16px;\">Villor till salu i Lefke \u00e4r perfekta f\u00f6r dig som s\u00f6ker ett lugnt och fridfullt liv omgivet av Norra Cyperns natursk\u00f6na landskap. Friliggande bost\u00e4der p\u00e5 stora tomter med egna tr\u00e4dg\u00e5rdar ger b\u00e5de komfort och avskildhet.<\/p>\n\n<h3 style=\"font-size: 18px;\">F\u00f6rdelar med att k\u00f6pa villa i Lefke<\/h3>\n<p style=\"font-size: 16px;\">F\u00f6r den som vill k\u00f6pa villa erbjuder Lefke ett lugnt, naturn\u00e4ra och prisv\u00e4rt boende. Villorna har gener\u00f6sa ytor, privat parkering, tr\u00e4dg\u00e5rd och i vissa fall pool. Den l\u00e5ga bebyggelset\u00e4theten ger en rymlig och stressfri milj\u00f6.<\/p>\n\n<h3 style=\"font-size: 18px;\">Vem passar det f\u00f6r?<\/h3>\n<p style=\"font-size: 16px;\">Att \u00e4ga en villa i Lefke \u00e4r perfekt f\u00f6r familjer, pension\u00e4rer, semesterboendes\u00f6kare och dem som l\u00e4ngtar efter ett stillsamt liv. Regionen har dessutom stor potential f\u00f6r dig som s\u00f6ker prisv\u00e4rda villainvesteringar.<\/p>","protected":false},"excerpt":{"rendered":"<p>\ud83c\udfe1 Lefke Sat\u0131l\u0131k Villa \u0130lanlar\u0131 Lefke\u2019de sat\u0131l\u0131k villalar, Kuzey K\u0131br\u0131s\u2019\u0131n do\u011fal g\u00fczellikleri ile \u00e7evrili, sessiz ve huzurlu bir ya\u015fam arayanlar i\u00e7in ideal konut se\u00e7enekleri aras\u0131nda yer al\u0131r. Geni\u015f arsalar \u00fczerinde kurulu, bah\u00e7eli ve m\u00fcstakil yap\u0131lar hem konfor hem mahremiyet sa\u011flar. Lefke\u2019de Villa Alman\u0131n Avantajlar\u0131 Villa sahibi olmak isteyenler i\u00e7in Lefke; do\u011fayla i\u00e7 i\u00e7e, sakin ve [&hellip;]<\/p>","protected":false},"author":1,"featured_media":0,"parent":0,"menu_order":0,"comment_status":"closed","ping_status":"closed","template":"template\/template-listing-grid-v5-fullwidth-3cols.php","meta":{"footnotes":""},"class_list":["post-161808","page","type-page","status-publish","hentry"],"_links":{"self":[{"href":"https:\/\/turkkocan.com\/sv\/wp-json\/wp\/v2\/pages\/161808","targetHints":{"allow":["GET"]}}],"collection":[{"href":"https:\/\/turkkocan.com\/sv\/wp-json\/wp\/v2\/pages"}],"about":[{"href":"https:\/\/turkkocan.com\/sv\/wp-json\/wp\/v2\/types\/page"}],"author":[{"embeddable":true,"href":"https:\/\/turkkocan.com\/sv\/wp-json\/wp\/v2\/users\/1"}],"replies":[{"embeddable":true,"href":"https:\/\/turkkocan.com\/sv\/wp-json\/wp\/v2\/comments?post=161808"}],"version-history":[{"count":0,"href":"https:\/\/turkkocan.com\/sv\/wp-json\/wp\/v2\/pages\/161808\/revisions"}],"wp:attachment":[{"href":"https:\/\/turkkocan.com\/sv\/wp-json\/wp\/v2\/media?parent=161808"}],"curies":[{"name":"wp","href":"https:\/\/api.w.org\/{rel}","templated":true}]}}