{"id":161804,"date":"2025-06-13T10:43:01","date_gmt":"2025-06-13T10:43:01","guid":{"rendered":"https:\/\/turkkocan.com\/?page_id=161804"},"modified":"2025-06-17T09:05:03","modified_gmt":"2025-06-17T09:05:03","slug":"kommersiell-fastighet-till-salu-i-lefke","status":"publish","type":"page","link":"https:\/\/turkkocan.com\/sv\/kommersiell-fastighet-till-salu-i-lefke\/","title":{"rendered":"Kommersiella fastigheter till salu i Lefke"},"content":{"rendered":"<h2 style=\"font-size: 20px;\">\ud83c\udfe2 Kommersiella fastigheter till salu i Lefke \u2013 Utforska alla annonser<\/h2>\n<p style=\"font-size: 16px;\">Kommersiella fastigheter till salu i Lefke erbjuder attraktiva m\u00f6jligheter f\u00f6r l\u00e5ngsiktiga, l\u00e5g risk-investeringar tack vare omr\u00e5dets natur och v\u00e4xande potential. Det finns passande alternativ f\u00f6r sm\u00e5f\u00f6retag, butiker och lokala tj\u00e4nsteverksamheter.<\/p>\n\n<h3 style=\"font-size: 18px;\">F\u00f6rdelar med att v\u00e4lja kommersiella fastigheter<\/h3>\n<p style=\"font-size: 16px;\">Kommersiella fastigheter \u00e4r investeringsobjekt som ger stabila hyresint\u00e4kter, aff\u00e4rspotential och l\u00e5ngsiktig v\u00e4rde\u00f6kning. I lugna men v\u00e4xande omr\u00e5den som Lefke utm\u00e4rker de sig med l\u00e5g konkurrens och rimliga priser.<\/p>\n\n<h3 style=\"font-size: 18px;\">Vem b\u00f6r investera i kommersiella fastigheter i Lefke?<\/h3>\n<p style=\"font-size: 16px;\">F\u00f6r lokala entrepren\u00f6rer, personer som vill \u00f6ppna caf\u00e9 eller butik och investerare som vill bredda sin kommersiella portf\u00f6lj, \u00e4r att k\u00f6pa kommersiella fastigheter i Lefke ett h\u00e5llbart och tillg\u00e4ngligt investeringsalternativ. Fastigheter p\u00e5 r\u00e4tt l\u00e4ge kan ge betydande v\u00e4rde\u00f6kning \u00f6ver tid.<\/p>","protected":false},"excerpt":{"rendered":"<p>\ud83c\udfe2 Lefke Sat\u0131l\u0131k Ticari Gayrimenkul \u0130lanlar\u0131 Lefke\u2019de sat\u0131l\u0131k ticari gayrimenkuller, b\u00f6lgenin do\u011fal yap\u0131s\u0131 ve geli\u015fen potansiyeliyle birlikte uzun vadeli, d\u00fc\u015f\u00fck riskli yat\u0131r\u0131m arayanlar i\u00e7in cazip f\u0131rsatlar sunar. K\u00fc\u00e7\u00fck \u00f6l\u00e7ekli i\u015fletmeler, butik ma\u011fazalar veya yerel hizmet veren ticari birimler i\u00e7in uygun se\u00e7enekler mevcuttur. Ticari Gayrimenkul Tercih Etmenin Avantajlar\u0131 Ticari m\u00fclkler; d\u00fczenli kira geliri, i\u015f potansiyeli ve [&hellip;]<\/p>","protected":false},"author":1,"featured_media":0,"parent":0,"menu_order":0,"comment_status":"closed","ping_status":"closed","template":"template\/template-listing-grid-v5-fullwidth-3cols.php","meta":{"footnotes":""},"class_list":["post-161804","page","type-page","status-publish","hentry"],"_links":{"self":[{"href":"https:\/\/turkkocan.com\/sv\/wp-json\/wp\/v2\/pages\/161804","targetHints":{"allow":["GET"]}}],"collection":[{"href":"https:\/\/turkkocan.com\/sv\/wp-json\/wp\/v2\/pages"}],"about":[{"href":"https:\/\/turkkocan.com\/sv\/wp-json\/wp\/v2\/types\/page"}],"author":[{"embeddable":true,"href":"https:\/\/turkkocan.com\/sv\/wp-json\/wp\/v2\/users\/1"}],"replies":[{"embeddable":true,"href":"https:\/\/turkkocan.com\/sv\/wp-json\/wp\/v2\/comments?post=161804"}],"version-history":[{"count":0,"href":"https:\/\/turkkocan.com\/sv\/wp-json\/wp\/v2\/pages\/161804\/revisions"}],"wp:attachment":[{"href":"https:\/\/turkkocan.com\/sv\/wp-json\/wp\/v2\/media?parent=161804"}],"curies":[{"name":"wp","href":"https:\/\/api.w.org\/{rel}","templated":true}]}}