{"id":161802,"date":"2025-06-13T10:42:05","date_gmt":"2025-06-13T10:42:05","guid":{"rendered":"https:\/\/turkkocan.com\/?page_id=161802"},"modified":"2025-06-17T08:52:17","modified_gmt":"2025-06-17T08:52:17","slug":"fristadshus-till-salu-i-lefke","status":"publish","type":"page","link":"https:\/\/turkkocan.com\/sv\/fristadshus-till-salu-i-lefke\/","title":{"rendered":"Hus till salu i Lefke"},"content":{"rendered":"<h2 style=\"font-size: 20px;\">\ud83c\udfe1 Friliggande hus till salu i Lefke \u2013 Utforska alla annonser<\/h2>\n<p style=\"font-size: 16px;\">Friliggande hus till salu i Lefke erbjuder ett lugnt och sj\u00e4lvst\u00e4ndigt boende omgivet av Norra Cyperns natursk\u00f6nhet. F\u00f6r dig som s\u00f6ker ett liv n\u00e4ra naturen och bortom stadens brus ger dessa hem b\u00e5de komfort och avskildhet.<\/p>\n\n<h3 style=\"font-size: 18px;\">Varf\u00f6r v\u00e4lja ett friliggande hus?<\/h3>\n<p style=\"font-size: 16px;\">Friliggande hus erbjuder m\u00e5nga f\u00f6rdelar s\u00e5som friheten att utforma sitt hem, privat tr\u00e4dg\u00e5rd, parkering och en lugn milj\u00f6. S\u00e4rskilt i omr\u00e5den som Lefke passar de utm\u00e4rkt f\u00f6r dig som vill leva n\u00e4ra naturen.<\/p>\n\n<h3 style=\"font-size: 18px;\">F\u00f6rdelar med att investera i friliggande hus i Lefke<\/h3>\n<p style=\"font-size: 16px;\">Friliggande hus i Lefke erbjuder stora m\u00f6jligheter f\u00f6r b\u00e5de boende och investering tack vare \u00f6kande efterfr\u00e5gan, l\u00e5g tomtt\u00e4thet och f\u00f6rm\u00e5nliga priser. I takt med att omr\u00e5det utvecklas p\u00e5 l\u00e5ng sikt f\u00f6rv\u00e4ntas fastighetsv\u00e4rdena stiga.<\/p>","protected":false},"excerpt":{"rendered":"<p>\ud83c\udfe1 Lefke Sat\u0131l\u0131k M\u00fcstakil Ev \u0130lanlar\u0131 Lefke\u2019de sat\u0131l\u0131k m\u00fcstakil evler, Kuzey K\u0131br\u0131s\u2019\u0131n do\u011fal g\u00fczellikleriyle \u00e7evrili, huzurlu ve ba\u011f\u0131ms\u0131z ya\u015fam alanlar\u0131 sunan yap\u0131lar aras\u0131nda yer al\u0131r. \u015eehirden uzak ama do\u011faya yak\u0131n bir ya\u015fam arayanlar i\u00e7in m\u00fcstakil evler, hem konfor hem de mahremiyet sa\u011flar. Neden M\u00fcstakil Ev Tercih Edilmeli? M\u00fcstakil evler, kullan\u0131c\u0131ya kendi ya\u015fam alan\u0131n\u0131 \u00f6zg\u00fcrce d\u00fczenleme, [&hellip;]<\/p>","protected":false},"author":1,"featured_media":0,"parent":0,"menu_order":0,"comment_status":"closed","ping_status":"closed","template":"template\/template-listing-grid-v5-fullwidth-3cols.php","meta":{"footnotes":""},"class_list":["post-161802","page","type-page","status-publish","hentry"],"_links":{"self":[{"href":"https:\/\/turkkocan.com\/sv\/wp-json\/wp\/v2\/pages\/161802","targetHints":{"allow":["GET"]}}],"collection":[{"href":"https:\/\/turkkocan.com\/sv\/wp-json\/wp\/v2\/pages"}],"about":[{"href":"https:\/\/turkkocan.com\/sv\/wp-json\/wp\/v2\/types\/page"}],"author":[{"embeddable":true,"href":"https:\/\/turkkocan.com\/sv\/wp-json\/wp\/v2\/users\/1"}],"replies":[{"embeddable":true,"href":"https:\/\/turkkocan.com\/sv\/wp-json\/wp\/v2\/comments?post=161802"}],"version-history":[{"count":0,"href":"https:\/\/turkkocan.com\/sv\/wp-json\/wp\/v2\/pages\/161802\/revisions"}],"wp:attachment":[{"href":"https:\/\/turkkocan.com\/sv\/wp-json\/wp\/v2\/media?parent=161802"}],"curies":[{"name":"wp","href":"https:\/\/api.w.org\/{rel}","templated":true}]}}