{"id":161800,"date":"2025-06-13T10:41:11","date_gmt":"2025-06-13T10:41:11","guid":{"rendered":"https:\/\/turkkocan.com\/?page_id=161800"},"modified":"2025-06-17T08:55:45","modified_gmt":"2025-06-17T08:55:45","slug":"herrgard-till-salu-i-lefke","status":"publish","type":"page","link":"https:\/\/turkkocan.com\/sv\/herrgard-till-salu-i-lefke\/","title":{"rendered":"Herrg\u00e5rdar till salu i Lefke"},"content":{"rendered":"<h2 style=\"font-size: 20px;\">\ud83c\udfdb\ufe0f Herrg\u00e5rdar till salu i Lefke \u2013 Utforska alla annonser<\/h2>\n<p style=\"font-size: 16px;\">Herrg\u00e5rdar till salu i Lefke erbjuder ett unikt tillf\u00e4lle f\u00f6r dig som s\u00f6ker ett stillsamt och prestigefyllt boende i Norra Cyperns natursk\u00f6na milj\u00f6. Med stora tr\u00e4dg\u00e5rdar, m\u00e5nga rum, privata pooler och sj\u00e4lvst\u00e4ndiga ytor tillh\u00f6r dessa fastigheter det \u00f6vre segmentet, b\u00e5de vad g\u00e4ller komfort och investeringsv\u00e4rde.<\/p>\n\n<h3 style=\"font-size: 18px;\">F\u00f6rdelar med att \u00e4ga en herrg\u00e5rd<\/h3>\n<p style=\"font-size: 16px;\">Herrg\u00e5rdar erbjuder h\u00f6g integritet, exklusiv livskvalitet och friheten att skapa ett personligt utrymme. Att \u00e4ga en herrg\u00e5rd i ett naturn\u00e4ra och lugnt omr\u00e5de som Lefke ger en unik livsstil bortom stadens stress. \u00c4ven l\u00e4mplig f\u00f6r privata evenemang eller boutique-boenden.<\/p>\n\n<h3 style=\"font-size: 18px;\">Investering i herrg\u00e5rdar i Lefke<\/h3>\n<p style=\"font-size: 16px;\">Att investera i en herrg\u00e5rd i Lefke har h\u00f6g l\u00e5ngsiktig v\u00e4rdepotential, eftersom denna typ av lyxfastighet \u00e4r s\u00e4llsynt. Med sin naturrikedom och v\u00e4xande infrastruktur ses omr\u00e5det som en lovande plats f\u00f6r investering i exklusiva bost\u00e4der.<\/p>","protected":false},"excerpt":{"rendered":"<p>\ud83c\udfdb\ufe0f Lefke Sat\u0131l\u0131k Malikane \u0130lanlar\u0131 Lefke\u2019de sat\u0131l\u0131k malikaneler, Kuzey K\u0131br\u0131s\u2019\u0131n do\u011fayla i\u00e7 i\u00e7e, sessiz ve prestijli ya\u015fam alanlar\u0131 arayanlar i\u00e7in e\u015fsiz f\u0131rsatlar sunar. Geni\u015f bah\u00e7eler, \u00e7ok odal\u0131 tasar\u0131mlar, \u00f6zel havuz ve ba\u011f\u0131ms\u0131z kullan\u0131m alanlar\u0131yla bu yap\u0131lar hem ya\u015fam konforu hem de yat\u0131r\u0131m de\u011feri a\u00e7\u0131s\u0131ndan \u00fcst segment m\u00fclkler aras\u0131nda yer al\u0131r. Malikhane Sahibi Olman\u0131n Avantajlar\u0131 Malikaneler; [&hellip;]<\/p>","protected":false},"author":1,"featured_media":0,"parent":0,"menu_order":0,"comment_status":"closed","ping_status":"closed","template":"template\/template-listing-grid-v5-fullwidth-3cols.php","meta":{"footnotes":""},"class_list":["post-161800","page","type-page","status-publish","hentry"],"_links":{"self":[{"href":"https:\/\/turkkocan.com\/sv\/wp-json\/wp\/v2\/pages\/161800","targetHints":{"allow":["GET"]}}],"collection":[{"href":"https:\/\/turkkocan.com\/sv\/wp-json\/wp\/v2\/pages"}],"about":[{"href":"https:\/\/turkkocan.com\/sv\/wp-json\/wp\/v2\/types\/page"}],"author":[{"embeddable":true,"href":"https:\/\/turkkocan.com\/sv\/wp-json\/wp\/v2\/users\/1"}],"replies":[{"embeddable":true,"href":"https:\/\/turkkocan.com\/sv\/wp-json\/wp\/v2\/comments?post=161800"}],"version-history":[{"count":0,"href":"https:\/\/turkkocan.com\/sv\/wp-json\/wp\/v2\/pages\/161800\/revisions"}],"wp:attachment":[{"href":"https:\/\/turkkocan.com\/sv\/wp-json\/wp\/v2\/media?parent=161800"}],"curies":[{"name":"wp","href":"https:\/\/api.w.org\/{rel}","templated":true}]}}