{"id":161796,"date":"2025-06-13T10:37:23","date_gmt":"2025-06-13T10:37:23","guid":{"rendered":"https:\/\/turkkocan.com\/?page_id=161796"},"modified":"2025-06-17T08:46:51","modified_gmt":"2025-06-17T08:46:51","slug":"lagenhet-till-salu-i-lefke","status":"publish","type":"page","link":"https:\/\/turkkocan.com\/sv\/lagenhet-till-salu-i-lefke\/","title":{"rendered":"L\u00e4genheter till salu i Lefke"},"content":{"rendered":"<h2 style=\"font-size: 20px;\">\ud83c\udfe2 L\u00e4genheter till salu i Lefke \u2013 Utforska alla annonser<\/h2>\n<p style=\"font-size: 16px;\">L\u00e4genheter till salu i Lefke erbjuder attraktiva m\u00f6jligheter f\u00f6r b\u00e5de boende och investering, tack vare l\u00e5ga priser och naturn\u00e4ra l\u00e4gen. Perfekta f\u00f6r dig som s\u00f6ker ett lugnt liv, studenter eller sm\u00e5 familjer i behov av ett praktiskt hem.<\/p>\n\n<h3 style=\"font-size: 18px;\">F\u00f6rdelar med att k\u00f6pa l\u00e4genhet i Lefke<\/h3>\n<p style=\"font-size: 16px;\">Lefke \u00e4r en av de mest fridfulla delarna av Norra Cypern \u2013 perfekt f\u00f6r den som s\u00f6ker ett lugnt liv n\u00e4ra naturen, bortom stadens brus. Prisv\u00e4rda l\u00e4genheter g\u00f6r omr\u00e5det tillg\u00e4ngligt f\u00f6r b\u00e5de lokalbefolkning och investerare. Studentpopulationen ger dessutom goda uthyrningsm\u00f6jligheter.<\/p>\n\n<h3 style=\"font-size: 18px;\">Vem passar detta alternativ f\u00f6r?<\/h3>\n<p style=\"font-size: 16px;\">L\u00e4genheter till salu i Lefke \u00e4r ett prisv\u00e4rt och bekv\u00e4mt alternativ f\u00f6r f\u00f6rstag\u00e5ngsk\u00f6pare, natur\u00e4lskare och studenter. Omr\u00e5dets utvecklingspotential g\u00f6r det ocks\u00e5 intressant f\u00f6r l\u00e5ngsiktiga investerare.<\/p>","protected":false},"excerpt":{"rendered":"<p>\ud83c\udfe2 Lefke Sat\u0131l\u0131k Daire \u0130lanlar\u0131 Lefke\u2019de sat\u0131l\u0131k daire se\u00e7enekleri, uygun fiyatlar\u0131 ve do\u011fayla i\u00e7 i\u00e7e konumlar\u0131 sayesinde hem ya\u015famak hem de yat\u0131r\u0131m yapmak isteyenler i\u00e7in cazip f\u0131rsatlar sunar. Sakin ya\u015fam tarz\u0131n\u0131 benimseyenler, \u00f6\u011frenciler ve k\u00fc\u00e7\u00fck aileler i\u00e7in Lefke\u2019deki daireler ideal \u00e7\u00f6z\u00fcmler sunmaktad\u0131r. Lefke\u2019de Daire Alman\u0131n Avantajlar\u0131 Lefke, \u015fehir karma\u015fas\u0131ndan uzak, do\u011fayla bar\u0131\u015f\u0131k bir ya\u015fam isteyenler [&hellip;]<\/p>","protected":false},"author":1,"featured_media":0,"parent":0,"menu_order":0,"comment_status":"closed","ping_status":"closed","template":"template\/template-listing-grid-v5-fullwidth-3cols.php","meta":{"footnotes":""},"class_list":["post-161796","page","type-page","status-publish","hentry"],"_links":{"self":[{"href":"https:\/\/turkkocan.com\/sv\/wp-json\/wp\/v2\/pages\/161796","targetHints":{"allow":["GET"]}}],"collection":[{"href":"https:\/\/turkkocan.com\/sv\/wp-json\/wp\/v2\/pages"}],"about":[{"href":"https:\/\/turkkocan.com\/sv\/wp-json\/wp\/v2\/types\/page"}],"author":[{"embeddable":true,"href":"https:\/\/turkkocan.com\/sv\/wp-json\/wp\/v2\/users\/1"}],"replies":[{"embeddable":true,"href":"https:\/\/turkkocan.com\/sv\/wp-json\/wp\/v2\/comments?post=161796"}],"version-history":[{"count":0,"href":"https:\/\/turkkocan.com\/sv\/wp-json\/wp\/v2\/pages\/161796\/revisions"}],"wp:attachment":[{"href":"https:\/\/turkkocan.com\/sv\/wp-json\/wp\/v2\/media?parent=161796"}],"curies":[{"name":"wp","href":"https:\/\/api.w.org\/{rel}","templated":true}]}}