{"id":161767,"date":"2025-06-13T10:19:30","date_gmt":"2025-06-13T10:19:30","guid":{"rendered":"https:\/\/turkkocan.com\/?page_id=161767"},"modified":"2025-06-17T08:37:32","modified_gmt":"2025-06-17T08:37:32","slug":"bungalow-till-salu-i-famagusta","status":"publish","type":"page","link":"https:\/\/turkkocan.com\/sv\/bungalow-till-salu-i-famagusta\/","title":{"rendered":"Bungalower till salu i Famagusta"},"content":{"rendered":"<h2 style=\"font-size: 20px;\">\ud83c\udfe1 Bungalower till salu i Gazima\u011fusa<\/h2>\n<p style=\"font-size: 16px;\">Bungalower till salu i Gazima\u011fusa \u00e4r perfekta f\u00f6r dig som uppskattar en enkel och bekv\u00e4m livsstil. Med enplansdesign, stora tr\u00e4dg\u00e5rdar och smart planl\u00f6sning passar de b\u00e5de som permanentbostad och sommarhus.<\/p>\n\n<h3 style=\"font-size: 18px;\">F\u00f6rdelar med att k\u00f6pa en bungalow<\/h3>\n<p style=\"font-size: 16px;\">Bungalower erbjuder tr\u00f6skelfritt boende, privat tr\u00e4dg\u00e5rd och naturinspirerad design \u2013 perfekt f\u00f6r \u00e4ldre, barnfamiljer och minimalister. L\u00e5ga underh\u00e5llskostnader och h\u00f6g uthyrningspotential g\u00f6r dem \u00e4ven till en bra investering.<\/p>\n\n<h3 style=\"font-size: 18px;\">Investera i bungalower i Gazima\u011fusa<\/h3>\n<p style=\"font-size: 16px;\">Gazima\u011fusas havsn\u00e4ra och lugna bostadsomr\u00e5den \u00e4r idealiska f\u00f6r bungalower. I omr\u00e5den d\u00e4r l\u00e5g bebyggelse uppmuntras utm\u00e4rker sig dessa bost\u00e4der b\u00e5de vad g\u00e4ller livskvalitet och investeringsv\u00e4rde.<\/p>","protected":false},"excerpt":{"rendered":"<p>\ud83c\udfe1 Gazima\u011fusa Sat\u0131l\u0131k Bungalow Evler Gazima\u011fusa\u2019da sat\u0131l\u0131k bungalow evler, sade ve konforlu ya\u015fam tarz\u0131n\u0131 benimseyenler i\u00e7in ideal se\u00e7enekler aras\u0131nda yer al\u0131r. Tek katl\u0131 yap\u0131s\u0131, geni\u015f bah\u00e7esi ve kullan\u0131\u015fl\u0131 i\u00e7 plan\u0131yla bu evler, hem kal\u0131c\u0131 ya\u015fam hem de yazl\u0131k konut ihtiyac\u0131na hitap eder. Bungalow Ev Alman\u0131n Avantajlar\u0131 Merdivensiz ya\u015fam alan\u0131, \u00f6zel bah\u00e7e kullan\u0131m\u0131 ve do\u011faya yak\u0131n [&hellip;]<\/p>","protected":false},"author":1,"featured_media":0,"parent":0,"menu_order":0,"comment_status":"closed","ping_status":"closed","template":"template\/template-listing-grid-v5-fullwidth-3cols.php","meta":{"footnotes":""},"class_list":["post-161767","page","type-page","status-publish","hentry"],"_links":{"self":[{"href":"https:\/\/turkkocan.com\/sv\/wp-json\/wp\/v2\/pages\/161767","targetHints":{"allow":["GET"]}}],"collection":[{"href":"https:\/\/turkkocan.com\/sv\/wp-json\/wp\/v2\/pages"}],"about":[{"href":"https:\/\/turkkocan.com\/sv\/wp-json\/wp\/v2\/types\/page"}],"author":[{"embeddable":true,"href":"https:\/\/turkkocan.com\/sv\/wp-json\/wp\/v2\/users\/1"}],"replies":[{"embeddable":true,"href":"https:\/\/turkkocan.com\/sv\/wp-json\/wp\/v2\/comments?post=161767"}],"version-history":[{"count":0,"href":"https:\/\/turkkocan.com\/sv\/wp-json\/wp\/v2\/pages\/161767\/revisions"}],"wp:attachment":[{"href":"https:\/\/turkkocan.com\/sv\/wp-json\/wp\/v2\/media?parent=161767"}],"curies":[{"name":"wp","href":"https:\/\/api.w.org\/{rel}","templated":true}]}}