{"id":148999,"date":"2025-06-13T04:07:19","date_gmt":"2025-06-13T04:07:19","guid":{"rendered":"https:\/\/turkkocan.com\/?page_id=148999"},"modified":"2025-06-17T08:20:06","modified_gmt":"2025-06-17T08:20:06","slug":"tiny-house-till-salu-i-iskele","status":"publish","type":"page","link":"https:\/\/turkkocan.com\/sv\/tiny-house-till-salu-i-iskele\/","title":{"rendered":"Tiny Houses till salu i Iskele"},"content":{"rendered":"<h2 style=\"font-size: 20px;\">Tiny Houses till salu i \u0130skele \u2013 Utforska alla annonser<\/h2>\n<p style=\"font-size: 16px;\">Tiny houses till salu i \u0130skele har blivit popul\u00e4ra bland dem som f\u00f6redrar ett minimalistiskt och naturanpassat liv. Dessa sm\u00e5 men funktionella hem \u00e4r perfekta f\u00f6r dig som s\u00f6ker h\u00e5llbarhet, enkelhet och l\u00e5g kostnad.<\/p>\n\n<h3 style=\"font-size: 18px;\">Varf\u00f6r f\u00f6redras Tiny Houses?<\/h3>\n<p style=\"font-size: 16px;\">Tiny houses utm\u00e4rker sig genom l\u00e5ga levnadskostnader, r\u00f6rlighet och harmoni med naturen. De \u00e4r popul\u00e4ra f\u00f6r semesterbruk, korttidsuthyrning eller som ett alternativt livsstilsval. Snabb och ekonomisk byggnation \u00e4r ytterligare en f\u00f6rdel.<\/p>\n\n<h3 style=\"font-size: 18px;\">Investera i tiny houses i \u0130skele<\/h3>\n<p style=\"font-size: 16px;\">\u0130skele \u00e4r perfekt f\u00f6r tiny house-projekt tack vare sitt natursk\u00f6na l\u00e4ge n\u00e4ra havet. Dessa bost\u00e4der byggs p\u00e5 prisv\u00e4rd mark och kan ge investerare en stadig inkomst via korttidsuthyrning. Intresset f\u00f6r tiny house-investeringar \u00f6kar i takt med att den minimalistiska livsstilen blir allt mer popul\u00e4r.<\/p>","protected":false},"excerpt":{"rendered":"<p>\ud83c\udfe1 \u0130skele Sat\u0131l\u0131k Tiny House \u0130lanlar\u0131 \u0130skele\u2019de sat\u0131l\u0131k tiny house se\u00e7enekleri, minimal ya\u015fam anlay\u0131\u015f\u0131n\u0131 benimseyenler ve do\u011fayla uyumlu bir ya\u015fam alan\u0131 arayanlar i\u00e7in pop\u00fcler h\u00e2le gelmi\u015ftir. Az yer kaplayan ama i\u015flevsel alan sunan bu yap\u0131lar; s\u00fcrd\u00fcr\u00fclebilirlik, sade ya\u015fam ve uygun maliyet arayan bireyler i\u00e7in idealdir. Tiny House Neden Tercih Edilir? Tiny house evler, d\u00fc\u015f\u00fck ya\u015fam [&hellip;]<\/p>","protected":false},"author":1,"featured_media":0,"parent":0,"menu_order":0,"comment_status":"closed","ping_status":"closed","template":"template\/template-listing-grid-v5-fullwidth-3cols.php","meta":{"footnotes":""},"class_list":["post-148999","page","type-page","status-publish","hentry"],"_links":{"self":[{"href":"https:\/\/turkkocan.com\/sv\/wp-json\/wp\/v2\/pages\/148999","targetHints":{"allow":["GET"]}}],"collection":[{"href":"https:\/\/turkkocan.com\/sv\/wp-json\/wp\/v2\/pages"}],"about":[{"href":"https:\/\/turkkocan.com\/sv\/wp-json\/wp\/v2\/types\/page"}],"author":[{"embeddable":true,"href":"https:\/\/turkkocan.com\/sv\/wp-json\/wp\/v2\/users\/1"}],"replies":[{"embeddable":true,"href":"https:\/\/turkkocan.com\/sv\/wp-json\/wp\/v2\/comments?post=148999"}],"version-history":[{"count":0,"href":"https:\/\/turkkocan.com\/sv\/wp-json\/wp\/v2\/pages\/148999\/revisions"}],"wp:attachment":[{"href":"https:\/\/turkkocan.com\/sv\/wp-json\/wp\/v2\/media?parent=148999"}],"curies":[{"name":"wp","href":"https:\/\/api.w.org\/{rel}","templated":true}]}}