{"id":148185,"date":"2025-06-13T03:57:03","date_gmt":"2025-06-13T03:57:03","guid":{"rendered":"https:\/\/turkkocan.com\/?page_id=148185"},"modified":"2025-06-28T18:28:17","modified_gmt":"2025-06-28T18:28:17","slug":"fastighet-till-salu-i-girne","status":"publish","type":"page","link":"https:\/\/turkkocan.com\/sv\/fastighet-till-salu-i-girne\/","title":{"rendered":"Girne Fastigheter"},"content":{"rendered":"<h2 style=\"font-size: 20px;\">\ud83c\udfd8\ufe0f Fastighetsannonser till salu i Girne<\/h2>\n<p style=\"font-size: 16px;\" class=\"translation-block\">F\u00f6r dig som vill investera i Girne finns m\u00e5nga fastighetstyper att v\u00e4lja mellan \u2013 fr\u00e5n <a href=\"\/sv\/lagenhet-till-salu-i-girne\/\" target=\"_self\">l\u00e4genheter n\u00e4ra havet<\/a> och <a href=\"\/sv\/villa-till-salu-i-girne\/\" target=\"_self\">lyxvillor i bostadsomr\u00e5den<\/a> till <a href=\"\/sv\/bungalow-till-salu-i-girne\/\" target=\"_self\">bungalower i natursk\u00f6na omr\u00e5den<\/a> och <a href=\"\/sv\/girne-satilik-ofis\/\" target=\"_self\">kontor n\u00e4ra centrum<\/a>. Dessutom finns <a href=\"\/sv\/tomt-till-salu-i-girne\/\" target=\"_self\">tomter till salu<\/a>, <a href=\"\/sv\/kommersiell-fastighet-till-salu-i-girne\/\" target=\"_self\">boutiquehotellprojekt<\/a> och <a href=\"\/sv\/kommersiell-fastighet-till-salu-i-girne\/\" target=\"_self\">kommersiella lokaler<\/a> med goda investeringsm\u00f6jligheter.<\/p>\n\n<h3 style=\"font-size: 18px;\">Vilka typer av fastigheter finns till salu i Girne?<\/h3>\n<p style=\"font-size: 16px;\" class=\"translation-block\">F\u00f6r den som vill investera i Girne finns m\u00e5nga fastighetstyper att v\u00e4lja mellan \u2013 fr\u00e5n <a href=\"\/sv\/lagenhet-till-salu-i-girne\/\" target=\"_self\">l\u00e4genheter n\u00e4ra havet<\/a> och <a href=\"\/sv\/villa-till-salu-i-girne\/\" target=\"_self\">lyxvillor i bostadsomr\u00e5den<\/a> till <a href=\"\/sv\/bungalow-till-salu-i-girne\/\" target=\"_self\">bungalower i natursk\u00f6na milj\u00f6er<\/a> och <a href=\"\/sv\/girne-satilik-ofis\/\" target=\"_self\">kontor n\u00e4ra centrum<\/a>. Dessutom erbjuder <a href=\"\/sv\/tomt-till-salu-i-girne\/\" target=\"_self\">tomter<\/a>, <a href=\"\/sv\/kommersiell-fastighet-till-salu-i-girne\/\" target=\"_self\">boutiquehotellprojekt<\/a> och <a href=\"\/sv\/kommersiell-fastighet-till-salu-i-girne\/\" target=\"_self\">kommersiella lokaler<\/a> attraktiva m\u00f6jligheter f\u00f6r investerare.<\/p>\n\n<h3 style=\"font-size: 18px;\">F\u00f6rdelar med att investera i fastigheter i Girne<\/h3>\n<p style=\"font-size: 16px;\">Girne \u00e4r en av de starkaste investeringsregionerna i Norra Cypern tack vare \u00f6kande utl\u00e4ndskt intresse, v\u00e4xande infrastrukturprojekt och en fastighetsmarknad i stadig uppg\u00e5ng. H\u00e4r finns bost\u00e4der med h\u00f6g hyresavkastning och god l\u00e5ngsiktig v\u00e4rde\u00f6kning. N\u00e4rheten till havet, det sociala livet och turismen g\u00f6r Girne till ett utm\u00e4rkt val \u2013 b\u00e5de f\u00f6r boende och f\u00f6r l\u00f6nsamma investeringar.<\/p>","protected":false},"excerpt":{"rendered":"<p>\ud83c\udfd8\ufe0f Girne Sat\u0131l\u0131k Emlak \u0130lanlar\u0131 Girne, Kuzey K\u0131br\u0131s\u2019\u0131n en geli\u015fmi\u015f ve en \u00e7ok tercih edilen \u015fehirlerinden biridir. Do\u011fal g\u00fczellikleri, sahil \u015feridi, turistik potansiyeli ve sosyal ya\u015fam olanaklar\u0131 sayesinde hem ya\u015fam hem de yat\u0131r\u0131m i\u00e7in ideal bir konumdur. Girne sat\u0131l\u0131k emlak piyasas\u0131nda daire, villa, m\u00fcstakil ev, arsa ve ticari gayrimenkuller gibi pek \u00e7ok se\u00e7enek yer almaktad\u0131r. [&hellip;]<\/p>","protected":false},"author":1,"featured_media":0,"parent":0,"menu_order":0,"comment_status":"closed","ping_status":"closed","template":"template\/template-listing-grid-v5-fullwidth-3cols.php","meta":{"footnotes":""},"class_list":["post-148185","page","type-page","status-publish","hentry"],"_links":{"self":[{"href":"https:\/\/turkkocan.com\/sv\/wp-json\/wp\/v2\/pages\/148185","targetHints":{"allow":["GET"]}}],"collection":[{"href":"https:\/\/turkkocan.com\/sv\/wp-json\/wp\/v2\/pages"}],"about":[{"href":"https:\/\/turkkocan.com\/sv\/wp-json\/wp\/v2\/types\/page"}],"author":[{"embeddable":true,"href":"https:\/\/turkkocan.com\/sv\/wp-json\/wp\/v2\/users\/1"}],"replies":[{"embeddable":true,"href":"https:\/\/turkkocan.com\/sv\/wp-json\/wp\/v2\/comments?post=148185"}],"version-history":[{"count":0,"href":"https:\/\/turkkocan.com\/sv\/wp-json\/wp\/v2\/pages\/148185\/revisions"}],"wp:attachment":[{"href":"https:\/\/turkkocan.com\/sv\/wp-json\/wp\/v2\/media?parent=148185"}],"curies":[{"name":"wp","href":"https:\/\/api.w.org\/{rel}","templated":true}]}}