{"id":147853,"date":"2025-06-13T03:53:18","date_gmt":"2025-06-13T03:53:18","guid":{"rendered":"https:\/\/turkkocan.com\/?page_id=147853"},"modified":"2025-06-17T08:11:23","modified_gmt":"2025-06-17T08:11:23","slug":"lagenhet-till-salu-i-iskele","status":"publish","type":"page","link":"https:\/\/turkkocan.com\/sv\/lagenhet-till-salu-i-iskele\/","title":{"rendered":"L\u00e4genheter till salu i Iskele"},"content":{"rendered":"<h2 style=\"font-size: 20px;\">\ud83c\udfe2 L\u00e4genheter till salu i \u0130skele<\/h2>\n<p style=\"font-size: 16px;\">\u0130skele \u00e4r en av de snabbast v\u00e4xande regionerna i Norra Cypern och erbjuder m\u00e5nga l\u00e4genhetsalternativ till salu. Med havsutsikt, g\u00e5ngavst\u00e5nd till stranden, inom bostadsomr\u00e5den eller n\u00e4ra stadsk\u00e4rnan \u2013 alla \u00e4r utm\u00e4rkta m\u00f6jligheter f\u00f6r b\u00e5de boende och investering.<\/p>\n\n<h3 style=\"font-size: 18px;\">F\u00f6rdelar med att k\u00f6pa l\u00e4genhet i \u0130skele<\/h3>\n<p style=\"font-size: 16px;\">Bostadsprojekten i omr\u00e5det utm\u00e4rker sig genom modern arkitektur, sociala faciliteter och god tillg\u00e4nglighet. \u0130skele \u00e4r s\u00e4rskilt popul\u00e4rt bland utl\u00e4ndska investerare och \u00e4r en av f\u00e5 kustregioner d\u00e4r l\u00e4genhetspriserna fortfarande \u00e4r \u00f6verkomliga. H\u00f6g uthyrningspotential och int\u00e4kter i utl\u00e4ndsk valuta g\u00f6r det till ett attraktivt val.<\/p>\n\n<h3 style=\"font-size: 18px;\">Vem passar detta alternativ f\u00f6r?<\/h3>\n<p style=\"font-size: 16px;\">Bostadsmarknaden i \u0130skele \u00e4r mycket attraktiv f\u00f6r investerare, de som s\u00f6ker sommarbost\u00e4der, vill hyra ut p\u00e5 kort sikt eller \u00e4lskar kustliv. Nya byggprojekt g\u00f6r att fastighetsv\u00e4rdena stiger varje \u00e5r.<\/p>","protected":false},"excerpt":{"rendered":"<p>\ud83c\udfe2 \u0130skele Sat\u0131l\u0131k Daire \u0130lanlar\u0131 \u0130skele, Kuzey K\u0131br\u0131s\u2019\u0131n en h\u0131zl\u0131 geli\u015fen b\u00f6lgelerinden biri olarak sat\u0131l\u0131k daire arayanlar i\u00e7in bir\u00e7ok se\u00e7enek sunmaktad\u0131r. Deniz manzaral\u0131, plaja y\u00fcr\u00fcme mesafesinde, site i\u00e7inde ya da \u015fehir merkezine yak\u0131n daireler; hem ya\u015fam hem yat\u0131r\u0131m i\u00e7in ideal f\u0131rsatlar yarat\u0131r. \u0130skele\u2019de Sat\u0131l\u0131k Daire Alman\u0131n Avantajlar\u0131 B\u00f6lgedeki konut projeleri modern mimari, sosyal donat\u0131lar ve [&hellip;]<\/p>","protected":false},"author":1,"featured_media":0,"parent":0,"menu_order":0,"comment_status":"closed","ping_status":"closed","template":"template\/template-listing-grid-v5-fullwidth-3cols.php","meta":{"footnotes":""},"class_list":["post-147853","page","type-page","status-publish","hentry"],"_links":{"self":[{"href":"https:\/\/turkkocan.com\/sv\/wp-json\/wp\/v2\/pages\/147853","targetHints":{"allow":["GET"]}}],"collection":[{"href":"https:\/\/turkkocan.com\/sv\/wp-json\/wp\/v2\/pages"}],"about":[{"href":"https:\/\/turkkocan.com\/sv\/wp-json\/wp\/v2\/types\/page"}],"author":[{"embeddable":true,"href":"https:\/\/turkkocan.com\/sv\/wp-json\/wp\/v2\/users\/1"}],"replies":[{"embeddable":true,"href":"https:\/\/turkkocan.com\/sv\/wp-json\/wp\/v2\/comments?post=147853"}],"version-history":[{"count":0,"href":"https:\/\/turkkocan.com\/sv\/wp-json\/wp\/v2\/pages\/147853\/revisions"}],"wp:attachment":[{"href":"https:\/\/turkkocan.com\/sv\/wp-json\/wp\/v2\/media?parent=147853"}],"curies":[{"name":"wp","href":"https:\/\/api.w.org\/{rel}","templated":true}]}}