{"id":146031,"date":"2025-06-13T03:26:50","date_gmt":"2025-06-13T03:26:50","guid":{"rendered":"https:\/\/turkkocan.com\/?page_id=146031"},"modified":"2025-06-17T07:24:43","modified_gmt":"2025-06-17T07:24:43","slug":"herrgard-till-salu-i-girne","status":"publish","type":"page","link":"https:\/\/turkkocan.com\/sv\/herrgard-till-salu-i-girne\/","title":{"rendered":"Herrg\u00e5rdar till salu i Girne"},"content":{"rendered":"<h2 style=\"font-size: 20px;\">\ud83c\udfdb\ufe0f Herrg\u00e5rdar till salu i Girne<\/h2>\n<p style=\"font-size: 16px;\">Girne \u00e4r en av de mest prestigefyllda och eftertraktade regionerna i Norra Cypern och erbjuder unika m\u00f6jligheter f\u00f6r investerare som s\u00f6ker lyxiga herrg\u00e5rdar. Dessa fastigheter ligger oftast p\u00e5 stora tomter och har m\u00e5nga rum, privata pooler, stora tr\u00e4dg\u00e5rdar och panoramautsikt. De tillh\u00f6r toppsegmentet b\u00e5de vad g\u00e4ller livskvalitet och investeringsv\u00e4rde.<\/p>\n\n<h3 style=\"font-size: 18px;\">Anledningar att v\u00e4lja en herrg\u00e5rd i Girne<\/h3>\n<p style=\"font-size: 16px;\">Frist\u00e5ende struktur, unik arkitektur, h\u00f6g integritet och komfort g\u00f6r att herrg\u00e5rdar skiljer sig fr\u00e5n andra fastigheter. Dessa lyxhem \u00e4r mycket efterfr\u00e5gade av stora familjer, v\u00e4rdar f\u00f6r privata tillst\u00e4llningar, aff\u00e4rspersoner eller investerare med turism i \u00e5tanke. Girnes naturliga sk\u00f6nhet och sociala utbud g\u00f6r herrg\u00e5rdslivet \u00e4nnu mer attraktivt.<\/p>\n\n<h3 style=\"font-size: 18px;\">F\u00f6rdelar med att investera i herrg\u00e5rd i Girne<\/h3>\n<p style=\"font-size: 16px;\">Att investera i en herrg\u00e5rd i Girne \u00e4r ett fastighetsval som st\u00e4ndigt \u00f6kar i v\u00e4rde tack vare begr\u00e4nsat utbud och h\u00f6g efterfr\u00e5gan. Det erbjuder investerare f\u00f6rdelar som inkomster i utl\u00e4ndsk valuta, h\u00f6g avkastning och portf\u00f6ljdiversifiering. Herrg\u00e5rdar med unik arkitektur, attraktivt l\u00e4ge och stora tomter \u00e4r ett starkt alternativ f\u00f6r l\u00e5ngsiktiga och trygga investeringar.<\/p>","protected":false},"excerpt":{"rendered":"<p>\ud83c\udfdb\ufe0f Girne Sat\u0131l\u0131k Malikhane \u0130lanlar\u0131 Girne, Kuzey K\u0131br\u0131s\u2019\u0131n en g\u00f6zde ve prestijli b\u00f6lgelerinden biri olarak l\u00fcks malikane aray\u0131\u015f\u0131nda olan yat\u0131r\u0131mc\u0131lar i\u00e7in e\u015fsiz f\u0131rsatlar sunar. Malikaneler, genellikle b\u00fcy\u00fck arsa i\u00e7erisinde konumlanm\u0131\u015f, \u00e7ok odal\u0131, havuzlu, geni\u015f bah\u00e7eli ve panoramik manzaral\u0131 yap\u0131lard\u0131r. Hem ya\u015fam kalitesi hem de yat\u0131r\u0131m de\u011feri a\u00e7\u0131s\u0131ndan \u00fcst segment gayrimenkuller aras\u0131nda yer al\u0131r. Girne\u2019de Malikhane [&hellip;]<\/p>","protected":false},"author":1,"featured_media":0,"parent":0,"menu_order":0,"comment_status":"closed","ping_status":"closed","template":"template\/template-listing-grid-v5-fullwidth-3cols.php","meta":{"footnotes":""},"class_list":["post-146031","page","type-page","status-publish","hentry"],"_links":{"self":[{"href":"https:\/\/turkkocan.com\/sv\/wp-json\/wp\/v2\/pages\/146031","targetHints":{"allow":["GET"]}}],"collection":[{"href":"https:\/\/turkkocan.com\/sv\/wp-json\/wp\/v2\/pages"}],"about":[{"href":"https:\/\/turkkocan.com\/sv\/wp-json\/wp\/v2\/types\/page"}],"author":[{"embeddable":true,"href":"https:\/\/turkkocan.com\/sv\/wp-json\/wp\/v2\/users\/1"}],"replies":[{"embeddable":true,"href":"https:\/\/turkkocan.com\/sv\/wp-json\/wp\/v2\/comments?post=146031"}],"version-history":[{"count":0,"href":"https:\/\/turkkocan.com\/sv\/wp-json\/wp\/v2\/pages\/146031\/revisions"}],"wp:attachment":[{"href":"https:\/\/turkkocan.com\/sv\/wp-json\/wp\/v2\/media?parent=146031"}],"curies":[{"name":"wp","href":"https:\/\/api.w.org\/{rel}","templated":true}]}}