{"id":146029,"date":"2025-06-13T03:25:00","date_gmt":"2025-06-13T03:25:00","guid":{"rendered":"https:\/\/turkkocan.com\/?page_id=146029"},"modified":"2025-06-17T07:31:29","modified_gmt":"2025-06-17T07:31:29","slug":"tiny-house-till-salu-i-girne","status":"publish","type":"page","link":"https:\/\/turkkocan.com\/sv\/tiny-house-till-salu-i-girne\/","title":{"rendered":"Tiny Houses till salu i Girne"},"content":{"rendered":"<h2 style=\"font-size: 20px;\">\ud83c\udfe1 Tiny Houses till salu i Girne<\/h2>\n<p style=\"font-size: 16px;\">Tiny Houses till salu i Girne \u00e4r perfekta f\u00f6r den som vill leva minimalistiskt och i harmoni med naturen. Trots sin kompakta storlek tillgodoser de alla grundl\u00e4ggande behov tack vare sin smarta design. De representerar den v\u00e4xande trenden med h\u00e5llbart boende i Norra Cypern.<\/p>\n\n<h3 style=\"font-size: 18px;\">Varf\u00f6r f\u00f6redras Tiny Houses?<\/h3>\n<p style=\"font-size: 16px;\">Tiny Houses f\u00f6redras tack vare l\u00e5ga bygg- och levnadskostnader, minimalt underh\u00e5ll och milj\u00f6v\u00e4nlig design. De passar b\u00e5de singlar, par och semesterboende. I kombination med markinvesteringar erbjuder de ett prisv\u00e4rt boendealternativ.<\/p>\n\n<h3 style=\"font-size: 18px;\">F\u00f6rdelar med att investera i Tiny Houses i Girne<\/h3>\n<p style=\"font-size: 16px;\">Girnes naturn\u00e4ra l\u00e4gen med bergs- och havsutsikt ger en gynnsam grund f\u00f6r utvecklingen av tiny house-konceptet. Dessa bost\u00e4der kan ge h\u00f6g avkastning vid korttidsuthyrning och lockar \u00e4ven utl\u00e4ndska k\u00f6pare som s\u00f6ker ett h\u00e5llbart liv.<\/p>","protected":false},"excerpt":{"rendered":"<p>\ud83c\udfe1 Girne Sat\u0131l\u0131k Tiny House \u0130lanlar\u0131 Girne\u2019de sat\u0131l\u0131k tiny house se\u00e7enekleri, minimal ya\u015fam tarz\u0131n\u0131 benimseyenler ve do\u011fayla uyumlu bir hayat kurmak isteyenler i\u00e7in ideal \u00e7\u00f6z\u00fcmler sunar. Kompakt yap\u0131s\u0131na ra\u011fmen fonksiyonel tasar\u0131m\u0131 sayesinde t\u00fcm temel ya\u015fam ihtiya\u00e7lar\u0131n\u0131 kar\u015f\u0131layan bu evler, s\u00fcrd\u00fcr\u00fclebilir ya\u015fam trendinin Kuzey K\u0131br\u0131s\u2019taki yans\u0131mas\u0131d\u0131r. Tiny House Neden Tercih Edilir? Tiny house evler, d\u00fc\u015f\u00fck in\u015faat [&hellip;]<\/p>","protected":false},"author":1,"featured_media":0,"parent":0,"menu_order":0,"comment_status":"closed","ping_status":"closed","template":"template\/template-listing-grid-v5-fullwidth-3cols.php","meta":{"footnotes":""},"class_list":["post-146029","page","type-page","status-publish","hentry"],"_links":{"self":[{"href":"https:\/\/turkkocan.com\/sv\/wp-json\/wp\/v2\/pages\/146029","targetHints":{"allow":["GET"]}}],"collection":[{"href":"https:\/\/turkkocan.com\/sv\/wp-json\/wp\/v2\/pages"}],"about":[{"href":"https:\/\/turkkocan.com\/sv\/wp-json\/wp\/v2\/types\/page"}],"author":[{"embeddable":true,"href":"https:\/\/turkkocan.com\/sv\/wp-json\/wp\/v2\/users\/1"}],"replies":[{"embeddable":true,"href":"https:\/\/turkkocan.com\/sv\/wp-json\/wp\/v2\/comments?post=146029"}],"version-history":[{"count":0,"href":"https:\/\/turkkocan.com\/sv\/wp-json\/wp\/v2\/pages\/146029\/revisions"}],"wp:attachment":[{"href":"https:\/\/turkkocan.com\/sv\/wp-json\/wp\/v2\/media?parent=146029"}],"curies":[{"name":"wp","href":"https:\/\/api.w.org\/{rel}","templated":true}]}}