{"id":146025,"date":"2025-06-13T03:16:30","date_gmt":"2025-06-13T03:16:30","guid":{"rendered":"https:\/\/turkkocan.com\/?page_id=146025"},"modified":"2025-06-17T07:26:33","modified_gmt":"2025-06-17T07:26:33","slug":"bungalow-till-salu-i-girne","status":"publish","type":"page","link":"https:\/\/turkkocan.com\/sv\/bungalow-till-salu-i-girne\/","title":{"rendered":"Bungalower till salu i Girne"},"content":{"rendered":"<h2 style=\"font-size: 20px;\">\ud83c\udfe1 Bungalowhus till salu i Girne\u202f<\/h2>\n<p style=\"font-size: 16px;\">Bungalowhus till salu i Girne erbjuder ett bekv\u00e4mt och fridfullt liv med enplansdesign, stora tr\u00e4dg\u00e5rdar och enkel arkitektur. De \u00e4r ofta naturn\u00e4ra bel\u00e4gna och eftertraktade av dem som s\u00f6ker en lugn livsstil eller fritidshus. Med sin estetiska design och praktiska planl\u00f6sningar passar de alla \u00e5ldersgrupper.<\/p>\n\n<h3 style=\"font-size: 18px;\">Varf\u00f6r v\u00e4ljer man bungalowhus?<\/h3>\n<p style=\"font-size: 16px;\">Att alla bostadsytor finns p\u00e5 ett plan g\u00f6r bungalowhus b\u00e5de praktiska och l\u00e4ttillg\u00e4ngliga. Trappfri design g\u00f6r dem l\u00e4mpliga f\u00f6r \u00e4ldre, barnfamiljer och personer med funktionsneds\u00e4ttning. Tr\u00e4dg\u00e5rden f\u00f6rb\u00e4ttrar livskvaliteten genom n\u00e4rhet till naturen och utrymme f\u00f6r utomhusvistelse.<\/p>\n\n<h3 style=\"font-size: 18px;\">F\u00f6rdelar med att investera i bungalowhus i Girne<\/h3>\n<p style=\"font-size: 16px;\">N\u00e4r Girnes naturliga milj\u00f6 kombineras med havs- och bergsutsikt blir bungalowhus ett starkt investeringsalternativ. De kan ge h\u00f6g hyresavkastning under semestertider och passar \u00e4ven f\u00f6r boende \u00e5ret runt. Begr\u00e4nsat utbud och \u00f6kad efterfr\u00e5gan g\u00f6r att dessa bost\u00e4der forts\u00e4tter att \u00f6ka i v\u00e4rde.<\/p>","protected":false},"excerpt":{"rendered":"<p>\ud83c\udfe1 Girne Sat\u0131l\u0131k Bungalow Evler Girne\u2019de sat\u0131l\u0131k bungalow evler, tek katl\u0131 yap\u0131lar\u0131, geni\u015f bah\u00e7eleri ve sade mimarileriyle konforlu ve huzurlu bir ya\u015fam sunar. Genellikle do\u011fa ile i\u00e7 i\u00e7e konumlanan bu evler, \u00f6zellikle sakin bir ya\u015fam tarz\u0131n\u0131 benimseyenler ve tatil evi arayanlar i\u00e7in tercih edilir. Estetik mimarisi ve kullan\u0131\u015fl\u0131 planlar\u0131yla her ya\u015f grubuna hitap eder. Bungalow [&hellip;]<\/p>","protected":false},"author":1,"featured_media":0,"parent":0,"menu_order":0,"comment_status":"closed","ping_status":"closed","template":"template\/template-listing-grid-v5-fullwidth-3cols.php","meta":{"footnotes":""},"class_list":["post-146025","page","type-page","status-publish","hentry"],"_links":{"self":[{"href":"https:\/\/turkkocan.com\/sv\/wp-json\/wp\/v2\/pages\/146025","targetHints":{"allow":["GET"]}}],"collection":[{"href":"https:\/\/turkkocan.com\/sv\/wp-json\/wp\/v2\/pages"}],"about":[{"href":"https:\/\/turkkocan.com\/sv\/wp-json\/wp\/v2\/types\/page"}],"author":[{"embeddable":true,"href":"https:\/\/turkkocan.com\/sv\/wp-json\/wp\/v2\/users\/1"}],"replies":[{"embeddable":true,"href":"https:\/\/turkkocan.com\/sv\/wp-json\/wp\/v2\/comments?post=146025"}],"version-history":[{"count":0,"href":"https:\/\/turkkocan.com\/sv\/wp-json\/wp\/v2\/pages\/146025\/revisions"}],"wp:attachment":[{"href":"https:\/\/turkkocan.com\/sv\/wp-json\/wp\/v2\/media?parent=146025"}],"curies":[{"name":"wp","href":"https:\/\/api.w.org\/{rel}","templated":true}]}}